{"id":84924,"date":"2026-05-16T01:55:58","date_gmt":"2026-05-16T07:55:58","guid":{"rendered":"https:\/\/www.veneciacr.com\/index.php\/producto\/extension-elect-pol-4m-era-4x14-voltech\/"},"modified":"2026-05-16T01:55:58","modified_gmt":"2026-05-16T07:55:58","slug":"extension-elect-pol-4m-14awg-era-4x14-volteck","status":"publish","type":"product","link":"https:\/\/www.veneciacr.com\/index.php\/producto\/extension-elect-pol-4m-14awg-era-4x14-volteck\/","title":{"rendered":"EXTENSION ELECT POL 4M 14AWG ERA-4X14 VOLTECK"},"content":{"rendered":"<p>Recubierta de PVC autoextinguible<br \/>\nCon 1 recept\u00e1culo y 1 clavija aterrizada<br \/>\nResiste m\u00e1s carga el\u00e9ctrica que el calibre 16 AWG sin sobrecalentarse<br \/>\n3 x 14 AWG<br \/>\nAterrizado<\/p>\n<p>NORMA<br \/>\nCumple la norma: NOM-003-SCFI<\/p>\n<p>ESPECIFICACIONES<br \/>\nColor: Amarillo<br \/>\nLongitud: 4 m<br \/>\nCalibre: 14 AWG<br \/>\nTensi\u00f3n: 127 V<br \/>\nFrecuencia: 60 Hz<br \/>\nCorriente: 13 A<br \/>\nTemperatura m\u00e1xima de operaci\u00f3n: 60 \u00b0C<\/p>\n<p>Empaque individual: Funda<\/p>\n<p>Usos<br \/>\nPara uso industrial<br \/>\nIdeal para conectar herramientas industriales y para usarse en distancias largas<\/p>\n<p>CUIDADOS<br \/>\nNo sobrepase la corriente indicada<br \/>\nNo la modifique o repare<br \/>\nRevise peri\u00f3dicamente para identificar cualquier desgaste en el cable o clavija que pudiera representar un riesgo el\u00e9ctrico<br \/>\nDesconectar cuando no se utilice<br \/>\nConectar la clavija totalmente<br \/>\nNo jale del cable para desconectar<br \/>\nNo conectar m\u00e1s de 1650 W<\/p>\n","protected":false},"excerpt":{"rendered":"<p>Recubierta de PVC autoextinguible Con 1 recept\u00e1culo y 1 clavija aterrizada Resiste m\u00e1s carga el\u00e9ctrica que el calibre 16 AWG<\/p>\n","protected":false},"featured_media":84925,"comment_status":"closed","ping_status":"open","template":"","meta":[],"product_brand":[],"product_cat":[80],"product_tag":[],"class_list":{"0":"post-84924","1":"product","2":"type-product","3":"status-publish","4":"has-post-thumbnail","6":"product_cat-electrico","8":"first","9":"instock","10":"purchasable","11":"product-type-simple"},"jetpack_sharing_enabled":true,"_links":{"self":[{"href":"https:\/\/www.veneciacr.com\/index.php\/wp-json\/wp\/v2\/product\/84924","targetHints":{"allow":["GET"]}}],"collection":[{"href":"https:\/\/www.veneciacr.com\/index.php\/wp-json\/wp\/v2\/product"}],"about":[{"href":"https:\/\/www.veneciacr.com\/index.php\/wp-json\/wp\/v2\/types\/product"}],"replies":[{"embeddable":true,"href":"https:\/\/www.veneciacr.com\/index.php\/wp-json\/wp\/v2\/comments?post=84924"}],"wp:featuredmedia":[{"embeddable":true,"href":"https:\/\/www.veneciacr.com\/index.php\/wp-json\/wp\/v2\/media\/84925"}],"wp:attachment":[{"href":"https:\/\/www.veneciacr.com\/index.php\/wp-json\/wp\/v2\/media?parent=84924"}],"wp:term":[{"taxonomy":"product_brand","embeddable":true,"href":"https:\/\/www.veneciacr.com\/index.php\/wp-json\/wp\/v2\/product_brand?post=84924"},{"taxonomy":"product_cat","embeddable":true,"href":"https:\/\/www.veneciacr.com\/index.php\/wp-json\/wp\/v2\/product_cat?post=84924"},{"taxonomy":"product_tag","embeddable":true,"href":"https:\/\/www.veneciacr.com\/index.php\/wp-json\/wp\/v2\/product_tag?post=84924"}],"curies":[{"name":"wp","href":"https:\/\/api.w.org\/{rel}","templated":true}]}}