{"id":84921,"date":"2026-05-10T02:11:36","date_gmt":"2026-05-10T08:11:36","guid":{"rendered":"https:\/\/www.veneciacr.com\/index.php\/producto\/extension-elect-4m-ed-4b-voltech-truper\/"},"modified":"2026-05-10T02:11:36","modified_gmt":"2026-05-10T08:11:36","slug":"extension-elect-4m-ed-4b-volteck","status":"publish","type":"product","link":"https:\/\/www.veneciacr.com\/index.php\/producto\/extension-elect-4m-ed-4b-volteck\/","title":{"rendered":"EXTENSION ELECT 4M ED-4B VOLTECK"},"content":{"rendered":"<p>Recubierta de PVC autoextinguible<br \/>\nAunque no tienen conectividad a tierra, su dise\u00f1o permite conectar hasta 3 clavijas aterrizadas<br \/>\nClavija plana de 90\u00b0, ideal para espacios reducidos<br \/>\nContacto con 3 recept\u00e1culos polarizados y tapa de seguridad<br \/>\nPolarizado<br \/>\nClavija plana de 90\u00b0 ideal para espacios reducidos<br \/>\n2 x 16 AWG<br \/>\nAunque no tienen conectividad a tierra, su dise\u00f1o permite conectar clavijas aterrizadas<\/p>\n<p>NORMA<br \/>\nCumple la norma: NOM-003-SCFI<\/p>\n<p>ESPECIFICACIONES<\/p>\n<p>Color: Blanco<br \/>\nCalibre: 16 AWG<br \/>\nLongitud: 4 m<br \/>\nTensi\u00f3n: 127 V<br \/>\nFrecuencia: 60 Hz<br \/>\nCorriente: 13 A<br \/>\nTemperatura m\u00e1xima de operaci\u00f3n: 60 \u00b0C<br \/>\nEmpaque individual: Funda<\/p>\n<p>Usos<br \/>\nIdeal para conectar televisores, videojuegos, equipos de audio y v\u00eddeo, l\u00ednea blanca y equipos de c\u00f3mputo<br \/>\nPara uso en interiores<\/p>\n<p>CUIDADOS<br \/>\nNo sobrepase la corriente indicada<br \/>\nNo la modifique o repare<br \/>\nRevise peri\u00f3dicamente para identificar cualquier desgaste en el cable o clavija que pudiera representar un riesgo el\u00e9ctrico<br \/>\nDesconectar cuando no se utilice<br \/>\nConectar la clavija totalmente<br \/>\nNo jale del cable para desconectar<br \/>\nNo conectar m\u00e1s de 1650 W<\/p>\n","protected":false},"excerpt":{"rendered":"<p>Recubierta de PVC autoextinguible Aunque no tienen conectividad a tierra, su dise\u00f1o permite conectar hasta 3 clavijas aterrizadas Clavija plana<\/p>\n","protected":false},"featured_media":97434,"comment_status":"closed","ping_status":"open","template":"","meta":[],"product_brand":[],"product_cat":[80],"product_tag":[],"class_list":{"0":"post-84921","1":"product","2":"type-product","3":"status-publish","4":"has-post-thumbnail","6":"product_cat-electrico","8":"first","9":"instock","10":"purchasable","11":"product-type-simple"},"jetpack_sharing_enabled":true,"_links":{"self":[{"href":"https:\/\/www.veneciacr.com\/index.php\/wp-json\/wp\/v2\/product\/84921","targetHints":{"allow":["GET"]}}],"collection":[{"href":"https:\/\/www.veneciacr.com\/index.php\/wp-json\/wp\/v2\/product"}],"about":[{"href":"https:\/\/www.veneciacr.com\/index.php\/wp-json\/wp\/v2\/types\/product"}],"replies":[{"embeddable":true,"href":"https:\/\/www.veneciacr.com\/index.php\/wp-json\/wp\/v2\/comments?post=84921"}],"wp:featuredmedia":[{"embeddable":true,"href":"https:\/\/www.veneciacr.com\/index.php\/wp-json\/wp\/v2\/media\/97434"}],"wp:attachment":[{"href":"https:\/\/www.veneciacr.com\/index.php\/wp-json\/wp\/v2\/media?parent=84921"}],"wp:term":[{"taxonomy":"product_brand","embeddable":true,"href":"https:\/\/www.veneciacr.com\/index.php\/wp-json\/wp\/v2\/product_brand?post=84921"},{"taxonomy":"product_cat","embeddable":true,"href":"https:\/\/www.veneciacr.com\/index.php\/wp-json\/wp\/v2\/product_cat?post=84921"},{"taxonomy":"product_tag","embeddable":true,"href":"https:\/\/www.veneciacr.com\/index.php\/wp-json\/wp\/v2\/product_tag?post=84921"}],"curies":[{"name":"wp","href":"https:\/\/api.w.org\/{rel}","templated":true}]}}