{"id":84909,"date":"2026-04-23T02:06:30","date_gmt":"2026-04-23T08:06:30","guid":{"rendered":"https:\/\/www.veneciacr.com\/index.php\/producto\/regleta-4-tomas-mul-4-voltech-truper\/"},"modified":"2026-04-23T02:06:31","modified_gmt":"2026-04-23T08:06:31","slug":"regleta-4-tomas-mul-4-volteck","status":"publish","type":"product","link":"https:\/\/www.veneciacr.com\/index.php\/producto\/regleta-4-tomas-mul-4-volteck\/","title":{"rendered":"REGLETA 4 TOMAS MUL-4 VOLTECK"},"content":{"rendered":"<p>N\u00famero de contactos 4<br \/>\nCalibre 16 AWG<br \/>\nLongitud de cable 50 cm<br \/>\nTensi\u00f3n de alimentaci\u00f3n 125 V<br \/>\nFrecuencia de operaci\u00f3n 60 Hz<br \/>\nCorriente 13 A<br \/>\nPotencia 1,625 W<br \/>\nEmpaque Funda<\/p>\n<p>CARACTER\u00cdSTICAS<br \/>\nCuerpo fabricado en ABS resistente a impactos<br \/>\nInterruptor con luz<br \/>\nPolarizado y aterrizado<\/p>\n<p>USOS<br \/>\nPara electrodom\u00e9sticos, tel\u00e9fonos inal\u00e1mbricos y herramientas el\u00e9ctricas port\u00e1tiles<br \/>\nProtege los equipos contra cortocircuitos y sobrecargas de corriente<\/p>\n","protected":false},"excerpt":{"rendered":"<p>N\u00famero de contactos 4 Calibre 16 AWG Longitud de cable 50 cm Tensi\u00f3n de alimentaci\u00f3n 125 V Frecuencia de operaci\u00f3n<\/p>\n","protected":false},"featured_media":84910,"comment_status":"closed","ping_status":"open","template":"","meta":[],"product_brand":[],"product_cat":[15],"product_tag":[],"class_list":{"0":"post-84909","1":"product","2":"type-product","3":"status-publish","4":"has-post-thumbnail","6":"product_cat-uncategorized","8":"first","9":"instock","10":"purchasable","11":"product-type-simple"},"jetpack_sharing_enabled":true,"_links":{"self":[{"href":"https:\/\/www.veneciacr.com\/index.php\/wp-json\/wp\/v2\/product\/84909","targetHints":{"allow":["GET"]}}],"collection":[{"href":"https:\/\/www.veneciacr.com\/index.php\/wp-json\/wp\/v2\/product"}],"about":[{"href":"https:\/\/www.veneciacr.com\/index.php\/wp-json\/wp\/v2\/types\/product"}],"replies":[{"embeddable":true,"href":"https:\/\/www.veneciacr.com\/index.php\/wp-json\/wp\/v2\/comments?post=84909"}],"wp:featuredmedia":[{"embeddable":true,"href":"https:\/\/www.veneciacr.com\/index.php\/wp-json\/wp\/v2\/media\/84910"}],"wp:attachment":[{"href":"https:\/\/www.veneciacr.com\/index.php\/wp-json\/wp\/v2\/media?parent=84909"}],"wp:term":[{"taxonomy":"product_brand","embeddable":true,"href":"https:\/\/www.veneciacr.com\/index.php\/wp-json\/wp\/v2\/product_brand?post=84909"},{"taxonomy":"product_cat","embeddable":true,"href":"https:\/\/www.veneciacr.com\/index.php\/wp-json\/wp\/v2\/product_cat?post=84909"},{"taxonomy":"product_tag","embeddable":true,"href":"https:\/\/www.veneciacr.com\/index.php\/wp-json\/wp\/v2\/product_tag?post=84909"}],"curies":[{"name":"wp","href":"https:\/\/api.w.org\/{rel}","templated":true}]}}