{"id":84905,"date":"2026-04-21T06:35:47","date_gmt":"2026-04-21T12:35:47","guid":{"rendered":"https:\/\/www.veneciacr.com\/index.php\/producto\/bombillo-halogeno-12v-50w-mr-16-mr-1650-voltech\/"},"modified":"2026-04-21T06:35:48","modified_gmt":"2026-04-21T12:35:48","slug":"bombillo-halogeno-12v-50w-mr-16-mr-1650","status":"publish","type":"product","link":"https:\/\/www.veneciacr.com\/index.php\/producto\/bombillo-halogeno-12v-50w-mr-16-mr-1650\/","title":{"rendered":"BOMBILLO HALOGENO 12V 50W MR-16 MR-1650"},"content":{"rendered":"<p>Color Transparente<br \/>\nDuraci\u00f3n 3,000 h<br \/>\nPotencia 50 W<br \/>\nTensi\u00f3n 12 V<br \/>\nFlujo luminoso 860 lm<br \/>\nEmpaque Caja<\/p>\n<p>CARACTER\u00cdSTICAS<br \/>\nHaz de luz difuso con cubierta<br \/>\nBase Bipin<br \/>\nRequiere transformador (balastra)<\/p>\n<p>USOS<br \/>\nEn el hogar, pasillos, exhibidores, vest\u00edbulos, jardines, etc\u00e9tera<\/p>\n","protected":false},"excerpt":{"rendered":"<p>Color Transparente Duraci\u00f3n 3,000 h Potencia 50 W Tensi\u00f3n 12 V Flujo luminoso 860 lm Empaque Caja CARACTER\u00cdSTICAS Haz de<\/p>\n","protected":false},"featured_media":84906,"comment_status":"closed","ping_status":"open","template":"","meta":[],"product_brand":[],"product_cat":[15],"product_tag":[],"class_list":{"0":"post-84905","1":"product","2":"type-product","3":"status-publish","4":"has-post-thumbnail","6":"product_cat-uncategorized","8":"first","9":"instock","10":"purchasable","11":"product-type-simple"},"jetpack_sharing_enabled":true,"_links":{"self":[{"href":"https:\/\/www.veneciacr.com\/index.php\/wp-json\/wp\/v2\/product\/84905","targetHints":{"allow":["GET"]}}],"collection":[{"href":"https:\/\/www.veneciacr.com\/index.php\/wp-json\/wp\/v2\/product"}],"about":[{"href":"https:\/\/www.veneciacr.com\/index.php\/wp-json\/wp\/v2\/types\/product"}],"replies":[{"embeddable":true,"href":"https:\/\/www.veneciacr.com\/index.php\/wp-json\/wp\/v2\/comments?post=84905"}],"wp:featuredmedia":[{"embeddable":true,"href":"https:\/\/www.veneciacr.com\/index.php\/wp-json\/wp\/v2\/media\/84906"}],"wp:attachment":[{"href":"https:\/\/www.veneciacr.com\/index.php\/wp-json\/wp\/v2\/media?parent=84905"}],"wp:term":[{"taxonomy":"product_brand","embeddable":true,"href":"https:\/\/www.veneciacr.com\/index.php\/wp-json\/wp\/v2\/product_brand?post=84905"},{"taxonomy":"product_cat","embeddable":true,"href":"https:\/\/www.veneciacr.com\/index.php\/wp-json\/wp\/v2\/product_cat?post=84905"},{"taxonomy":"product_tag","embeddable":true,"href":"https:\/\/www.veneciacr.com\/index.php\/wp-json\/wp\/v2\/product_tag?post=84905"}],"curies":[{"name":"wp","href":"https:\/\/api.w.org\/{rel}","templated":true}]}}