{"id":84824,"date":"2026-04-21T03:02:33","date_gmt":"2026-04-21T09:02:33","guid":{"rendered":"https:\/\/www.veneciacr.com\/index.php\/producto\/set-piedras-1-4-g60-5pzs-77110-tolsen\/"},"modified":"2026-04-21T03:02:35","modified_gmt":"2026-04-21T09:02:35","slug":"set-piedras-1-4-g60-5pzs-77110-tolsen","status":"publish","type":"product","link":"https:\/\/www.veneciacr.com\/index.php\/producto\/set-piedras-1-4-g60-5pzs-77110-tolsen\/","title":{"rendered":"SET PIEDRAS 1\/4&#8243; G60 5PZS 77110 TOLSEN"},"content":{"rendered":"<p>SET PIEDRAS 1\/4&#8243; G60 5PZS 77110 TOLSEN<\/p>\n<p>Descripci\u00f3n<br \/>\n\u00d86 * 27mm<br \/>\n23000rpm<br \/>\n3pcs \u00f3xido de aluminio marr\u00f3n<br \/>\n1pc \u00f3xido de aluminio rosa<br \/>\n1pc \u00f3xido de aluminio blanco<br \/>\nEmbalaje: Tarjeta de blister<\/p>\n","protected":false},"excerpt":{"rendered":"<p>SET PIEDRAS 1\/4&#8243; G60 5PZS 77110 TOLSEN Descripci\u00f3n \u00d86 * 27mm 23000rpm 3pcs \u00f3xido de aluminio marr\u00f3n 1pc \u00f3xido de<\/p>\n","protected":false},"featured_media":84825,"comment_status":"closed","ping_status":"open","template":"","meta":[],"product_brand":[],"product_cat":[15],"product_tag":[],"class_list":{"0":"post-84824","1":"product","2":"type-product","3":"status-publish","4":"has-post-thumbnail","6":"product_cat-uncategorized","8":"first","9":"instock","10":"purchasable","11":"product-type-simple"},"jetpack_sharing_enabled":true,"_links":{"self":[{"href":"https:\/\/www.veneciacr.com\/index.php\/wp-json\/wp\/v2\/product\/84824","targetHints":{"allow":["GET"]}}],"collection":[{"href":"https:\/\/www.veneciacr.com\/index.php\/wp-json\/wp\/v2\/product"}],"about":[{"href":"https:\/\/www.veneciacr.com\/index.php\/wp-json\/wp\/v2\/types\/product"}],"replies":[{"embeddable":true,"href":"https:\/\/www.veneciacr.com\/index.php\/wp-json\/wp\/v2\/comments?post=84824"}],"wp:featuredmedia":[{"embeddable":true,"href":"https:\/\/www.veneciacr.com\/index.php\/wp-json\/wp\/v2\/media\/84825"}],"wp:attachment":[{"href":"https:\/\/www.veneciacr.com\/index.php\/wp-json\/wp\/v2\/media?parent=84824"}],"wp:term":[{"taxonomy":"product_brand","embeddable":true,"href":"https:\/\/www.veneciacr.com\/index.php\/wp-json\/wp\/v2\/product_brand?post=84824"},{"taxonomy":"product_cat","embeddable":true,"href":"https:\/\/www.veneciacr.com\/index.php\/wp-json\/wp\/v2\/product_cat?post=84824"},{"taxonomy":"product_tag","embeddable":true,"href":"https:\/\/www.veneciacr.com\/index.php\/wp-json\/wp\/v2\/product_tag?post=84824"}],"curies":[{"name":"wp","href":"https:\/\/api.w.org\/{rel}","templated":true}]}}