{"id":84306,"date":"2026-04-21T03:02:39","date_gmt":"2026-04-21T09:02:39","guid":{"rendered":"https:\/\/www.veneciacr.com\/index.php\/producto\/bolso-industrial-17-80101-tolsen\/"},"modified":"2026-04-21T03:02:40","modified_gmt":"2026-04-21T09:02:40","slug":"maleta-portaherramientas-17-80101-tolsen","status":"publish","type":"product","link":"https:\/\/www.veneciacr.com\/index.php\/producto\/maleta-portaherramientas-17-80101-tolsen\/","title":{"rendered":"MALETA PORTAHERRAMIENTAS 17&#8243; 80101 TOLSEN"},"content":{"rendered":"<p>MALETA PORTAHERRAMIENTAS 17&#8243; 80101 TOLSEN<\/p>\n<p>Tama\u00f1o: 17&#8243;<\/p>\n<p>Marco r\u00edgido para facilitar la apertura y el acceso.<\/p>\n<p>Partici\u00f3n especial de los bolsillos internos y externos. f\u00e1cil acceso al compartimento de la herramienta<\/p>\n<p>Correa de hombro ajustable incluida<\/p>\n<p>Caja de tela de peso ligero<\/p>\n<p>Embalaje: suspensi\u00f3n de papel con bolsa de polietileno.<\/p>\n","protected":false},"excerpt":{"rendered":"<p>MALETA PORTAHERRAMIENTAS 17&#8243; 80101 TOLSEN Tama\u00f1o: 17&#8243; Marco r\u00edgido para facilitar la apertura y el acceso. Partici\u00f3n especial de los<\/p>\n","protected":false},"featured_media":84307,"comment_status":"closed","ping_status":"open","template":"","meta":[],"product_brand":[],"product_cat":[22,23],"product_tag":[],"class_list":{"0":"post-84306","1":"product","2":"type-product","3":"status-publish","4":"has-post-thumbnail","6":"product_cat-almacenamiento","7":"product_cat-herramientas","9":"first","10":"instock","11":"purchasable","12":"product-type-simple"},"jetpack_sharing_enabled":true,"_links":{"self":[{"href":"https:\/\/www.veneciacr.com\/index.php\/wp-json\/wp\/v2\/product\/84306","targetHints":{"allow":["GET"]}}],"collection":[{"href":"https:\/\/www.veneciacr.com\/index.php\/wp-json\/wp\/v2\/product"}],"about":[{"href":"https:\/\/www.veneciacr.com\/index.php\/wp-json\/wp\/v2\/types\/product"}],"replies":[{"embeddable":true,"href":"https:\/\/www.veneciacr.com\/index.php\/wp-json\/wp\/v2\/comments?post=84306"}],"wp:featuredmedia":[{"embeddable":true,"href":"https:\/\/www.veneciacr.com\/index.php\/wp-json\/wp\/v2\/media\/84307"}],"wp:attachment":[{"href":"https:\/\/www.veneciacr.com\/index.php\/wp-json\/wp\/v2\/media?parent=84306"}],"wp:term":[{"taxonomy":"product_brand","embeddable":true,"href":"https:\/\/www.veneciacr.com\/index.php\/wp-json\/wp\/v2\/product_brand?post=84306"},{"taxonomy":"product_cat","embeddable":true,"href":"https:\/\/www.veneciacr.com\/index.php\/wp-json\/wp\/v2\/product_cat?post=84306"},{"taxonomy":"product_tag","embeddable":true,"href":"https:\/\/www.veneciacr.com\/index.php\/wp-json\/wp\/v2\/product_tag?post=84306"}],"curies":[{"name":"wp","href":"https:\/\/api.w.org\/{rel}","templated":true}]}}