{"id":84289,"date":"2026-04-30T01:59:39","date_gmt":"2026-04-30T07:59:39","guid":{"rendered":"https:\/\/www.veneciacr.com\/index.php\/producto\/paq-amarra-plastica-12-trans-100pcs-50110-tolsen\/"},"modified":"2026-04-30T01:59:39","modified_gmt":"2026-04-30T07:59:39","slug":"paq-amarra-plastica-12-trans-100pzs-50110-tolsen","status":"publish","type":"product","link":"https:\/\/www.veneciacr.com\/index.php\/producto\/paq-amarra-plastica-12-trans-100pzs-50110-tolsen\/","title":{"rendered":"PAQ AMARRA PLASTICA 12&#8243; TRANS 100PZS 50110 TOLSEN"},"content":{"rendered":"<p>PAQ AMARRA PLASTICA 12&#8243; TRANS 100PZS 50110 TOLSEN<\/p>\n<p>Nylon 66. Certificado 94V-2 por ul<br \/>\nNaturaleza<br \/>\nTama\u00f1o: 4.8x300mm<br \/>\nDi\u00e1metro m\u00e1ximo: 2-22mm<br \/>\nEmbalaje de 100pcs: bolsa de PE con etiqueta de color<\/p>\n","protected":false},"excerpt":{"rendered":"<p>PAQ AMARRA PLASTICA 12&#8243; TRANS 100PZS 50110 TOLSEN Nylon 66. Certificado 94V-2 por ul Naturaleza Tama\u00f1o: 4.8x300mm Di\u00e1metro m\u00e1ximo: 2-22mm<\/p>\n","protected":false},"featured_media":84287,"comment_status":"closed","ping_status":"open","template":"","meta":[],"product_brand":[],"product_cat":[15],"product_tag":[],"class_list":{"0":"post-84289","1":"product","2":"type-product","3":"status-publish","4":"has-post-thumbnail","6":"product_cat-uncategorized","8":"first","9":"instock","10":"purchasable","11":"product-type-simple"},"jetpack_sharing_enabled":true,"_links":{"self":[{"href":"https:\/\/www.veneciacr.com\/index.php\/wp-json\/wp\/v2\/product\/84289","targetHints":{"allow":["GET"]}}],"collection":[{"href":"https:\/\/www.veneciacr.com\/index.php\/wp-json\/wp\/v2\/product"}],"about":[{"href":"https:\/\/www.veneciacr.com\/index.php\/wp-json\/wp\/v2\/types\/product"}],"replies":[{"embeddable":true,"href":"https:\/\/www.veneciacr.com\/index.php\/wp-json\/wp\/v2\/comments?post=84289"}],"wp:featuredmedia":[{"embeddable":true,"href":"https:\/\/www.veneciacr.com\/index.php\/wp-json\/wp\/v2\/media\/84287"}],"wp:attachment":[{"href":"https:\/\/www.veneciacr.com\/index.php\/wp-json\/wp\/v2\/media?parent=84289"}],"wp:term":[{"taxonomy":"product_brand","embeddable":true,"href":"https:\/\/www.veneciacr.com\/index.php\/wp-json\/wp\/v2\/product_brand?post=84289"},{"taxonomy":"product_cat","embeddable":true,"href":"https:\/\/www.veneciacr.com\/index.php\/wp-json\/wp\/v2\/product_cat?post=84289"},{"taxonomy":"product_tag","embeddable":true,"href":"https:\/\/www.veneciacr.com\/index.php\/wp-json\/wp\/v2\/product_tag?post=84289"}],"curies":[{"name":"wp","href":"https:\/\/api.w.org\/{rel}","templated":true}]}}