{"id":84282,"date":"2026-04-28T01:59:18","date_gmt":"2026-04-28T07:59:18","guid":{"rendered":"https:\/\/www.veneciacr.com\/index.php\/producto\/mascara-p-soldar-elect-45087-tolsen\/"},"modified":"2026-04-28T01:59:18","modified_gmt":"2026-04-28T07:59:18","slug":"mascara-soldar-elect-45087-tolsen","status":"publish","type":"product","link":"https:\/\/www.veneciacr.com\/index.php\/producto\/mascara-soldar-elect-45087-tolsen\/","title":{"rendered":"MASCARA SOLDAR ELECT 45087 TOLSEN"},"content":{"rendered":"<p><span dir=\"auto\">\u2022 Estado claro: DIN 4<\/span><br \/>\n<span dir=\"auto\">\u2022 Estado oscuro: DIN 9-13<\/span><br \/>\n<span dir=\"auto\">\u2022 Tiempo de conmutaci\u00f3n: 1\/25000 s<\/span><br \/>\n<span dir=\"auto\">\u2022 Retardo: 0,2-0,8 s (ajustable continuamente)<\/span><br \/>\n<span dir=\"auto\">\u2022 Alimentaci\u00f3n: C\u00e9lulas solares y bater\u00edas de litio<\/span><br \/>\n<span dir=\"auto\">\u2022 Encendido\/apagado: Autom\u00e1tico<\/span><br \/>\n<span dir=\"auto\">\u2022 Selector de tono: Exterior<\/span><br \/>\n<span dir=\"auto\">\u2022 Sensibilidad: Ajustable<\/span><br \/>\n<span dir=\"auto\">\u2022 Apto para soldadura por arco, TIG, MIG, por puntos, micro, por hilo, CA, CC y plasma, y \u200b\u200bpara corte por plasma<\/span><br \/>\n<span dir=\"auto\">\u2022 Embalaje: Caja de color<\/span><\/p>\n<table>\n<tbody>\n<tr>\n<td><span dir=\"auto\">N\u00daMERO DE STOCK<\/span><\/td>\n<td><span dir=\"auto\">TAMA\u00d1O DEL FILTRO<\/span><\/td>\n<td><span dir=\"auto\">TAMA\u00d1O DE VISUALIZACI\u00d3N<\/span><\/td>\n<td><\/td>\n<\/tr>\n<tr>\n<td><span dir=\"auto\">45087<\/span><\/td>\n<td><span dir=\"auto\">110 x 90 x 10 mm<\/span><\/td>\n<td><span dir=\"auto\">92&#215;42 mm<\/span><\/td>\n<td><\/td>\n<\/tr>\n<\/tbody>\n<\/table>\n","protected":false},"excerpt":{"rendered":"<p>\u2022 Estado claro: DIN 4 \u2022 Estado oscuro: DIN 9-13 \u2022 Tiempo de conmutaci\u00f3n: 1\/25000 s \u2022 Retardo: 0,2-0,8 s<\/p>\n","protected":false},"featured_media":84283,"comment_status":"closed","ping_status":"open","template":"","meta":[],"product_brand":[],"product_cat":[15],"product_tag":[],"class_list":{"0":"post-84282","1":"product","2":"type-product","3":"status-publish","4":"has-post-thumbnail","6":"product_cat-uncategorized","8":"first","9":"instock","10":"purchasable","11":"product-type-simple"},"jetpack_sharing_enabled":true,"_links":{"self":[{"href":"https:\/\/www.veneciacr.com\/index.php\/wp-json\/wp\/v2\/product\/84282","targetHints":{"allow":["GET"]}}],"collection":[{"href":"https:\/\/www.veneciacr.com\/index.php\/wp-json\/wp\/v2\/product"}],"about":[{"href":"https:\/\/www.veneciacr.com\/index.php\/wp-json\/wp\/v2\/types\/product"}],"replies":[{"embeddable":true,"href":"https:\/\/www.veneciacr.com\/index.php\/wp-json\/wp\/v2\/comments?post=84282"}],"wp:featuredmedia":[{"embeddable":true,"href":"https:\/\/www.veneciacr.com\/index.php\/wp-json\/wp\/v2\/media\/84283"}],"wp:attachment":[{"href":"https:\/\/www.veneciacr.com\/index.php\/wp-json\/wp\/v2\/media?parent=84282"}],"wp:term":[{"taxonomy":"product_brand","embeddable":true,"href":"https:\/\/www.veneciacr.com\/index.php\/wp-json\/wp\/v2\/product_brand?post=84282"},{"taxonomy":"product_cat","embeddable":true,"href":"https:\/\/www.veneciacr.com\/index.php\/wp-json\/wp\/v2\/product_cat?post=84282"},{"taxonomy":"product_tag","embeddable":true,"href":"https:\/\/www.veneciacr.com\/index.php\/wp-json\/wp\/v2\/product_tag?post=84282"}],"curies":[{"name":"wp","href":"https:\/\/api.w.org\/{rel}","templated":true}]}}