{"id":84265,"date":"2026-04-21T03:03:00","date_gmt":"2026-04-21T09:03:00","guid":{"rendered":"https:\/\/www.veneciacr.com\/index.php\/producto\/multimetro-digital-gancho-38034-tolsen\/"},"modified":"2026-04-21T03:03:01","modified_gmt":"2026-04-21T09:03:01","slug":"multimetro-digital-gancho-38034-tolsen","status":"publish","type":"product","link":"https:\/\/www.veneciacr.com\/index.php\/producto\/multimetro-digital-gancho-38034-tolsen\/","title":{"rendered":"MULTIMETRO DIGITAL GANCHO 38034 TOLSEN"},"content":{"rendered":"<p>\u2022 IEC-61010 CATII 600V\/CATIII 300V<br \/>\n\u2022 LCD de 3 1\/2 d\u00edgitos, visualizaci\u00f3n m\u00e1xima 1999<br \/>\n\u2022 Tama\u00f1o m\u00e1ximo de apertura: 28 mm<br \/>\n\u2022 Indicaci\u00f3n de bater\u00eda baja<br \/>\n\u2022 Protecci\u00f3n contra sobrecarga<br \/>\n\u2022 Modelo de retenci\u00f3n de datos<br \/>\n\u2022 Apagado autom\u00e1tico<br \/>\n\u2022 Especificaciones<br \/>\nCorriente CA: 2\/20\/200\/400 A \u00b1 (1,5 % +9)<br \/>\nVoltaje CA: 2\/20\/200\/600 V \u00b1 (1,2 % +5)<br \/>\nVoltaje CC: 200 m\/2\/20\/200\/600 V \u00b1 (0,8 % +1)<br \/>\nResistencia: 200 \u03a9\/2 k\u03a9\/20 k\u03a9\/200 k\u03a9\/2 M\u03a9\/20 M\u03a9 \u00b1 (1,0 % +2)<br \/>\nComprobaci\u00f3n de diodos<br \/>\n\u2022 Pilas: 2 x AAA (1,5 V) incluidas<br \/>\n\u2022 Cable de prueba: enchufe negro y rojo<br \/>\n\u2022 Aprobado por la CE<br \/>\n\u2022 Embalaje: caja de color<\/p>\n","protected":false},"excerpt":{"rendered":"<p>\u2022 IEC-61010 CATII 600V\/CATIII 300V \u2022 LCD de 3 1\/2 d\u00edgitos, visualizaci\u00f3n m\u00e1xima 1999 \u2022 Tama\u00f1o m\u00e1ximo de apertura: 28<\/p>\n","protected":false},"featured_media":84266,"comment_status":"closed","ping_status":"open","template":"","meta":[],"product_brand":[],"product_cat":[15],"product_tag":[],"class_list":{"0":"post-84265","1":"product","2":"type-product","3":"status-publish","4":"has-post-thumbnail","6":"product_cat-uncategorized","8":"first","9":"instock","10":"purchasable","11":"product-type-simple"},"jetpack_sharing_enabled":true,"_links":{"self":[{"href":"https:\/\/www.veneciacr.com\/index.php\/wp-json\/wp\/v2\/product\/84265","targetHints":{"allow":["GET"]}}],"collection":[{"href":"https:\/\/www.veneciacr.com\/index.php\/wp-json\/wp\/v2\/product"}],"about":[{"href":"https:\/\/www.veneciacr.com\/index.php\/wp-json\/wp\/v2\/types\/product"}],"replies":[{"embeddable":true,"href":"https:\/\/www.veneciacr.com\/index.php\/wp-json\/wp\/v2\/comments?post=84265"}],"wp:featuredmedia":[{"embeddable":true,"href":"https:\/\/www.veneciacr.com\/index.php\/wp-json\/wp\/v2\/media\/84266"}],"wp:attachment":[{"href":"https:\/\/www.veneciacr.com\/index.php\/wp-json\/wp\/v2\/media?parent=84265"}],"wp:term":[{"taxonomy":"product_brand","embeddable":true,"href":"https:\/\/www.veneciacr.com\/index.php\/wp-json\/wp\/v2\/product_brand?post=84265"},{"taxonomy":"product_cat","embeddable":true,"href":"https:\/\/www.veneciacr.com\/index.php\/wp-json\/wp\/v2\/product_cat?post=84265"},{"taxonomy":"product_tag","embeddable":true,"href":"https:\/\/www.veneciacr.com\/index.php\/wp-json\/wp\/v2\/product_tag?post=84265"}],"curies":[{"name":"wp","href":"https:\/\/api.w.org\/{rel}","templated":true}]}}