{"id":84126,"date":"2026-04-21T03:03:41","date_gmt":"2026-04-21T09:03:41","guid":{"rendered":"https:\/\/www.veneciacr.com\/index.php\/producto\/riel-puerta-corrediza-2m-100kg-ducasse\/"},"modified":"2026-04-21T03:03:41","modified_gmt":"2026-04-21T09:03:41","slug":"riel-puerta-corrediza-2m-100kg-u-100-ducasse","status":"publish","type":"product","link":"https:\/\/www.veneciacr.com\/index.php\/producto\/riel-puerta-corrediza-2m-100kg-u-100-ducasse\/","title":{"rendered":"RIEL PUERTA CORREDIZA 2M 100KG U-100 DUCASSE"},"content":{"rendered":"<p>Riel para portones colgantes de hasta 100 KG. Fabricado en acero con terminaci\u00f3n galvanizado y crudo pintado negro. Alta resistencia y gran durabilidad. Duraci\u00f3n de 20.000 ciclos o 16.000 M, bajo los requerimientos de las normas ANSI-BHMA A 156.14-2007 y UNE-EN 1527:1998. Dise\u00f1ado para portones residenciales, comerciales e industriales.<\/p>\n<p>Usos<br \/>\nPORTONES<\/p>\n<p>Medidas Disponibles<br \/>\n2m<\/p>\n<p>Material<br \/>\nACERO, ACERO NEGRO<\/p>\n<p>Terminaci\u00f3n<br \/>\nGALVANIZADO, ACERO NEGRO<\/p>\n<p>Capacidad de Carga<br \/>\n100 KILOS POR HOJA<\/p>\n<p>Espesor<br \/>\n1.4 mm<\/p>\n<p>Montaje Puerta<br \/>\nDENTRO Y FUERA DE VANO<\/p>\n<p>Material de Puerta<br \/>\nACERO \/ MADERA<\/p>\n","protected":false},"excerpt":{"rendered":"<p>Riel para portones colgantes de hasta 100 KG. Fabricado en acero con terminaci\u00f3n galvanizado y crudo pintado negro. Alta resistencia<\/p>\n","protected":false},"featured_media":84127,"comment_status":"closed","ping_status":"open","template":"","meta":[],"product_brand":[],"product_cat":[15],"product_tag":[],"class_list":{"0":"post-84126","1":"product","2":"type-product","3":"status-publish","4":"has-post-thumbnail","6":"product_cat-uncategorized","8":"first","9":"instock","10":"purchasable","11":"product-type-simple"},"jetpack_sharing_enabled":true,"_links":{"self":[{"href":"https:\/\/www.veneciacr.com\/index.php\/wp-json\/wp\/v2\/product\/84126","targetHints":{"allow":["GET"]}}],"collection":[{"href":"https:\/\/www.veneciacr.com\/index.php\/wp-json\/wp\/v2\/product"}],"about":[{"href":"https:\/\/www.veneciacr.com\/index.php\/wp-json\/wp\/v2\/types\/product"}],"replies":[{"embeddable":true,"href":"https:\/\/www.veneciacr.com\/index.php\/wp-json\/wp\/v2\/comments?post=84126"}],"wp:featuredmedia":[{"embeddable":true,"href":"https:\/\/www.veneciacr.com\/index.php\/wp-json\/wp\/v2\/media\/84127"}],"wp:attachment":[{"href":"https:\/\/www.veneciacr.com\/index.php\/wp-json\/wp\/v2\/media?parent=84126"}],"wp:term":[{"taxonomy":"product_brand","embeddable":true,"href":"https:\/\/www.veneciacr.com\/index.php\/wp-json\/wp\/v2\/product_brand?post=84126"},{"taxonomy":"product_cat","embeddable":true,"href":"https:\/\/www.veneciacr.com\/index.php\/wp-json\/wp\/v2\/product_cat?post=84126"},{"taxonomy":"product_tag","embeddable":true,"href":"https:\/\/www.veneciacr.com\/index.php\/wp-json\/wp\/v2\/product_tag?post=84126"}],"curies":[{"name":"wp","href":"https:\/\/api.w.org\/{rel}","templated":true}]}}