{"id":84122,"date":"2026-04-21T03:03:19","date_gmt":"2026-04-21T09:03:19","guid":{"rendered":"https:\/\/www.veneciacr.com\/index.php\/producto\/filtro-agua-icemaker-pf-a500-coflex\/"},"modified":"2026-04-21T03:03:20","modified_gmt":"2026-04-21T09:03:20","slug":"filtro-agua-icemaker-pf-a500-coflex","status":"publish","type":"product","link":"https:\/\/www.veneciacr.com\/index.php\/producto\/filtro-agua-icemaker-pf-a500-coflex\/","title":{"rendered":"FILTRO AGUA ICEMAKER PF-A500 COFLEX"},"content":{"rendered":"<p>Remueve eficazmente el cloro y otros qu\u00edmicos, mejorando el color, olor y sabor del agua<\/p>\n<p>Carb\u00f3n Activado Granular de alta calidad<\/p>\n<p>Filtro de Instalaci\u00f3n<\/p>\n<p>Externa Ideal para: Refrigeradores M\u00e1quinas de Hielo M\u00e1quinas de Caf\u00e9 Bebederos Humidificadores<\/p>\n","protected":false},"excerpt":{"rendered":"<p>Remueve eficazmente el cloro y otros qu\u00edmicos, mejorando el color, olor y sabor del agua Carb\u00f3n Activado Granular de alta<\/p>\n","protected":false},"featured_media":84123,"comment_status":"closed","ping_status":"open","template":"","meta":[],"product_brand":[],"product_cat":[29],"product_tag":[],"class_list":{"0":"post-84122","1":"product","2":"type-product","3":"status-publish","4":"has-post-thumbnail","6":"product_cat-plomeria","8":"first","9":"instock","10":"purchasable","11":"product-type-simple"},"jetpack_sharing_enabled":true,"_links":{"self":[{"href":"https:\/\/www.veneciacr.com\/index.php\/wp-json\/wp\/v2\/product\/84122","targetHints":{"allow":["GET"]}}],"collection":[{"href":"https:\/\/www.veneciacr.com\/index.php\/wp-json\/wp\/v2\/product"}],"about":[{"href":"https:\/\/www.veneciacr.com\/index.php\/wp-json\/wp\/v2\/types\/product"}],"replies":[{"embeddable":true,"href":"https:\/\/www.veneciacr.com\/index.php\/wp-json\/wp\/v2\/comments?post=84122"}],"wp:featuredmedia":[{"embeddable":true,"href":"https:\/\/www.veneciacr.com\/index.php\/wp-json\/wp\/v2\/media\/84123"}],"wp:attachment":[{"href":"https:\/\/www.veneciacr.com\/index.php\/wp-json\/wp\/v2\/media?parent=84122"}],"wp:term":[{"taxonomy":"product_brand","embeddable":true,"href":"https:\/\/www.veneciacr.com\/index.php\/wp-json\/wp\/v2\/product_brand?post=84122"},{"taxonomy":"product_cat","embeddable":true,"href":"https:\/\/www.veneciacr.com\/index.php\/wp-json\/wp\/v2\/product_cat?post=84122"},{"taxonomy":"product_tag","embeddable":true,"href":"https:\/\/www.veneciacr.com\/index.php\/wp-json\/wp\/v2\/product_tag?post=84122"}],"curies":[{"name":"wp","href":"https:\/\/api.w.org\/{rel}","templated":true}]}}