{"id":84116,"date":"2026-04-21T03:11:30","date_gmt":"2026-04-21T09:11:30","guid":{"rendered":"https:\/\/www.veneciacr.com\/index.php\/producto\/accesorios-p-mototool-250pzs-tacsd12501-total\/"},"modified":"2026-04-21T03:11:33","modified_gmt":"2026-04-21T09:11:33","slug":"accesorios-mototool-357pzs-tacsd13571-total","status":"publish","type":"product","link":"https:\/\/www.veneciacr.com\/index.php\/producto\/accesorios-mototool-357pzs-tacsd13571-total\/","title":{"rendered":"ACCESORIOS MOTOTOOL 357PZS TACSD13571 TOTAL"},"content":{"rendered":"<p>-Viene en un pr\u00e1ctico y \u00fatil malet\u00edn ideal para almacenarlos y transportar a cualquier lugar sin problemas.<\/p>\n<p>-Trae\u00a0diversas herramientas, entre ellas discos de corte, lijas, cepillos, brocas o piedras variadas.<\/p>\n<p>Incluye:<\/p>\n<p>-Pinzas: 4 pcs.<\/p>\n<p>-Bandas de lijado (grano variado): 32 pcs.<\/p>\n<p>-V\u00e1stagos de lijado: 2 pcs.<\/p>\n<p>-Rueda de fieltro puntiaguda: 2 pcs.<\/p>\n<p>-Ruedas de fieltro: 2 pcs.<\/p>\n<p>-Ruedas de fieltro: 4 pcs.<\/p>\n<p>-Llaves: 1 pcs.<\/p>\n<p>-Rueda de esmeril de goma: 1 pcs<\/p>\n<p>Disco de corte de diamante: 1 pcs<\/p>\n<p>Rueda de tela: 1 pcs<\/p>\n<p>Fibra de vidrio de ruedas de corte: 6 pcs<\/p>\n<p>Muelas abrasivas: 18 pcs<\/p>\n<p>Piedra de afilar: 1 pcs<\/p>\n<p>Rueda de aleta: 2 pcs<\/p>\n<p>Ruedas de corte resistentes: 40 pcs<\/p>\n<p>Ruedas de corte regular: 40 pcs<\/p>\n<p>Discos de lijado (grueso): 50 pcs<\/p>\n<p>Discos de lijado (medio): 50 pcs<\/p>\n<p>Discos de lijado (fino): 50 pcs<\/p>\n<p>Cepillos de lat\u00f3n: 3 pcs<\/p>\n<p>Cepillos de cerdas: 3 pcs<\/p>\n<p>Cepillos de acero inoxidable: 3 pcs<\/p>\n<p>Muelas abrasivas de \u00f3xido de aluminio (con v\u00e1stago): 6 pcs<\/p>\n<p>Muelas abrasivas de carburo de silicio (con v\u00e1stago): 4 pcs<\/p>\n<p>Mandril para ruedas de corte: 3 pcs<\/p>\n<p>Mandril para ruedas de fieltro: 1 pcs<\/p>\n<p>Cortador Hss: 3 pcs<\/p>\n<p>Cortador de diamantes: 10 pcs<\/p>\n<p>Brocas taladro Hss: 6 pcs<\/p>\n<p>Pulido de lana (con v\u00e1stago): 3 pcs<\/p>\n<p>Amoladora de goma (con v\u00e1stago): 4 pcs<\/p>\n<p>Compuesto de pulido: 1 pcs<\/p>\n","protected":false},"excerpt":{"rendered":"<p>-Viene en un pr\u00e1ctico y \u00fatil malet\u00edn ideal para almacenarlos y transportar a cualquier lugar sin problemas. -Trae\u00a0diversas herramientas, entre<\/p>\n","protected":false},"featured_media":97521,"comment_status":"closed","ping_status":"open","template":"","meta":[],"product_brand":[],"product_cat":[23,87],"product_tag":[],"class_list":{"0":"post-84116","1":"product","2":"type-product","3":"status-publish","4":"has-post-thumbnail","6":"product_cat-herramientas","7":"product_cat-herramientas-electricas","9":"first","10":"instock","11":"purchasable","12":"product-type-simple"},"jetpack_sharing_enabled":true,"_links":{"self":[{"href":"https:\/\/www.veneciacr.com\/index.php\/wp-json\/wp\/v2\/product\/84116","targetHints":{"allow":["GET"]}}],"collection":[{"href":"https:\/\/www.veneciacr.com\/index.php\/wp-json\/wp\/v2\/product"}],"about":[{"href":"https:\/\/www.veneciacr.com\/index.php\/wp-json\/wp\/v2\/types\/product"}],"replies":[{"embeddable":true,"href":"https:\/\/www.veneciacr.com\/index.php\/wp-json\/wp\/v2\/comments?post=84116"}],"wp:featuredmedia":[{"embeddable":true,"href":"https:\/\/www.veneciacr.com\/index.php\/wp-json\/wp\/v2\/media\/97521"}],"wp:attachment":[{"href":"https:\/\/www.veneciacr.com\/index.php\/wp-json\/wp\/v2\/media?parent=84116"}],"wp:term":[{"taxonomy":"product_brand","embeddable":true,"href":"https:\/\/www.veneciacr.com\/index.php\/wp-json\/wp\/v2\/product_brand?post=84116"},{"taxonomy":"product_cat","embeddable":true,"href":"https:\/\/www.veneciacr.com\/index.php\/wp-json\/wp\/v2\/product_cat?post=84116"},{"taxonomy":"product_tag","embeddable":true,"href":"https:\/\/www.veneciacr.com\/index.php\/wp-json\/wp\/v2\/product_tag?post=84116"}],"curies":[{"name":"wp","href":"https:\/\/api.w.org\/{rel}","templated":true}]}}