{"id":84084,"date":"2026-04-28T02:06:19","date_gmt":"2026-04-28T08:06:19","guid":{"rendered":"https:\/\/www.veneciacr.com\/index.php\/producto\/multicontacto-triple-t-mul-360-voltech-truper\/"},"modified":"2026-04-28T02:06:19","modified_gmt":"2026-04-28T08:06:19","slug":"multicontacto-triple-t-mul-360-volteck","status":"publish","type":"product","link":"https:\/\/www.veneciacr.com\/index.php\/producto\/multicontacto-triple-t-mul-360-volteck\/","title":{"rendered":"MULTICONTACTO TRIPLE &#8220;T&#8221; MUL-360 VOLTECK"},"content":{"rendered":"<p>Voltaje 125 V<br \/>\nCorriente m\u00e1xima 15 A<br \/>\nN\u00famero de entradas 3<br \/>\nLongitud 75 mm<br \/>\nAncho 25 mm<br \/>\nAltura 30 mm<br \/>\nPeso 90 g<br \/>\nEmpaque Blister<\/p>\n<p>CARACTER\u00cdSTICAS<br \/>\nCuerpo fabricado en PVC color naranja, reforzado<br \/>\nTerminales fabricadas en aleaci\u00f3n de cobre<br \/>\nRetardante a la flama ocasionada por cortos circuitos<br \/>\nContactos aterrizados<\/p>\n<p>USOS<br \/>\nPara herramientas el\u00e9ctricas, aparatos electrodom\u00e9sticos, etc\u00e9tera<\/p>\n","protected":false},"excerpt":{"rendered":"<p>Voltaje 125 V Corriente m\u00e1xima 15 A N\u00famero de entradas 3 Longitud 75 mm Ancho 25 mm Altura 30 mm<\/p>\n","protected":false},"featured_media":99768,"comment_status":"closed","ping_status":"open","template":"","meta":[],"product_brand":[],"product_cat":[15],"product_tag":[],"class_list":{"0":"post-84084","1":"product","2":"type-product","3":"status-publish","4":"has-post-thumbnail","6":"product_cat-uncategorized","8":"first","9":"instock","10":"purchasable","11":"product-type-simple"},"jetpack_sharing_enabled":true,"_links":{"self":[{"href":"https:\/\/www.veneciacr.com\/index.php\/wp-json\/wp\/v2\/product\/84084","targetHints":{"allow":["GET"]}}],"collection":[{"href":"https:\/\/www.veneciacr.com\/index.php\/wp-json\/wp\/v2\/product"}],"about":[{"href":"https:\/\/www.veneciacr.com\/index.php\/wp-json\/wp\/v2\/types\/product"}],"replies":[{"embeddable":true,"href":"https:\/\/www.veneciacr.com\/index.php\/wp-json\/wp\/v2\/comments?post=84084"}],"wp:featuredmedia":[{"embeddable":true,"href":"https:\/\/www.veneciacr.com\/index.php\/wp-json\/wp\/v2\/media\/99768"}],"wp:attachment":[{"href":"https:\/\/www.veneciacr.com\/index.php\/wp-json\/wp\/v2\/media?parent=84084"}],"wp:term":[{"taxonomy":"product_brand","embeddable":true,"href":"https:\/\/www.veneciacr.com\/index.php\/wp-json\/wp\/v2\/product_brand?post=84084"},{"taxonomy":"product_cat","embeddable":true,"href":"https:\/\/www.veneciacr.com\/index.php\/wp-json\/wp\/v2\/product_cat?post=84084"},{"taxonomy":"product_tag","embeddable":true,"href":"https:\/\/www.veneciacr.com\/index.php\/wp-json\/wp\/v2\/product_tag?post=84084"}],"curies":[{"name":"wp","href":"https:\/\/api.w.org\/{rel}","templated":true}]}}