{"id":8397,"date":"2026-04-29T02:02:40","date_gmt":"2026-04-29T08:02:40","guid":{"rendered":"https:\/\/www.veneciacr.com\/index.php\/product\/placa-p-toma-sencillo-blanco-2131w-aguila\/"},"modified":"2026-04-29T02:02:41","modified_gmt":"2026-04-29T08:02:41","slug":"placa-toma-sencillo-blanco-2131w-eagle","status":"publish","type":"product","link":"https:\/\/www.veneciacr.com\/index.php\/producto\/placa-toma-sencillo-blanco-2131w-eagle\/","title":{"rendered":"PLACA TOMA SENCILLO BLANCO 2131W EAGLE"},"content":{"rendered":"<table>\n<tbody>\n<tr>\n<td><\/td>\n<td align=\"left\"><\/td>\n<td><\/td>\n<td>Material:<\/td>\n<td align=\"left\">Alta Resistencia Mec\u00e1nica, Termopl\u00e1stico<\/td>\n<\/tr>\n<tr>\n<td>Modelo:<\/td>\n<td align=\"left\">2131 W<\/td>\n<td><\/td>\n<td>Acabado:<\/td>\n<td align=\"left\">Gran Brillo, Resistente a Manchas<\/td>\n<\/tr>\n<tr>\n<td>Tornillos:<\/td>\n<td align=\"left\">con Ranuras Planas, Met\u00e1licos<\/td>\n<td><\/td>\n<td>Acorde a:<\/td>\n<td align=\"left\">NEMA WD-6<\/td>\n<\/tr>\n<\/tbody>\n<\/table>\n","protected":false},"excerpt":{"rendered":"<p>Material: Alta Resistencia Mec\u00e1nica, Termopl\u00e1stico Modelo: 2131 W Acabado: Gran Brillo, Resistente a Manchas Tornillos: con Ranuras Planas, Met\u00e1licos Acorde<\/p>\n","protected":false},"featured_media":78369,"comment_status":"closed","ping_status":"open","template":"","meta":[],"product_brand":[],"product_cat":[80,157],"product_tag":[],"class_list":{"0":"post-8397","1":"product","2":"type-product","3":"status-publish","4":"has-post-thumbnail","6":"product_cat-electrico","7":"product_cat-plaqueria","9":"first","10":"instock","11":"purchasable","12":"product-type-simple"},"jetpack_sharing_enabled":true,"_links":{"self":[{"href":"https:\/\/www.veneciacr.com\/index.php\/wp-json\/wp\/v2\/product\/8397","targetHints":{"allow":["GET"]}}],"collection":[{"href":"https:\/\/www.veneciacr.com\/index.php\/wp-json\/wp\/v2\/product"}],"about":[{"href":"https:\/\/www.veneciacr.com\/index.php\/wp-json\/wp\/v2\/types\/product"}],"replies":[{"embeddable":true,"href":"https:\/\/www.veneciacr.com\/index.php\/wp-json\/wp\/v2\/comments?post=8397"}],"wp:featuredmedia":[{"embeddable":true,"href":"https:\/\/www.veneciacr.com\/index.php\/wp-json\/wp\/v2\/media\/78369"}],"wp:attachment":[{"href":"https:\/\/www.veneciacr.com\/index.php\/wp-json\/wp\/v2\/media?parent=8397"}],"wp:term":[{"taxonomy":"product_brand","embeddable":true,"href":"https:\/\/www.veneciacr.com\/index.php\/wp-json\/wp\/v2\/product_brand?post=8397"},{"taxonomy":"product_cat","embeddable":true,"href":"https:\/\/www.veneciacr.com\/index.php\/wp-json\/wp\/v2\/product_cat?post=8397"},{"taxonomy":"product_tag","embeddable":true,"href":"https:\/\/www.veneciacr.com\/index.php\/wp-json\/wp\/v2\/product_tag?post=8397"}],"curies":[{"name":"wp","href":"https:\/\/api.w.org\/{rel}","templated":true}]}}