{"id":8385,"date":"2026-04-21T03:22:17","date_gmt":"2026-04-21T09:22:17","guid":{"rendered":"https:\/\/www.veneciacr.com\/index.php\/product\/enchufe-pol-ind-metal-2867-aguila\/"},"modified":"2026-04-21T03:22:18","modified_gmt":"2026-04-21T09:22:18","slug":"enchufe-pol-ind-metal-2867-eagle","status":"publish","type":"product","link":"https:\/\/www.veneciacr.com\/index.php\/producto\/enchufe-pol-ind-metal-2867-eagle\/","title":{"rendered":"ENCHUFE POL IND METAL 2867 EAGLE"},"content":{"rendered":"<div class=\"StyleWrapper_wrapper \">\n<div class=\"Details_description\">\n<div id=\"description_i8g8c3zru\" class=\"fr-view\">El Enchufe Armado con Abrazadera 2867 de EAGLE es la soluci\u00f3n perfecta para tus necesidades de conexi\u00f3n el\u00e9ctrica en Costa Rica. Su dise\u00f1o resistente incluye gasa met\u00e1lica que sujeta firmemente el cable, patillas s\u00f3lidas y terminales aislados para mayor seguridad. Adem\u00e1s, su cuerpo termopl\u00e1stico mantiene la flexibilidad incluso en temperaturas extremas.<\/div>\n<\/div>\n<\/div>\n<div class=\"StyleWrapper_wrapper \">\n<h2>Especificaciones<\/h2>\n<div id=\"ML_mainId\">\n<table>\n<tbody>\n<tr>\n<td><\/td>\n<td align=\"left\"><\/td>\n<td><\/td>\n<td>Material de los Contactos:<\/td>\n<td align=\"left\">Bronce<\/td>\n<\/tr>\n<tr>\n<td>Conexi\u00f3n:<\/td>\n<td align=\"left\">2 polos, 3 hilos<\/td>\n<td><\/td>\n<td>Material del Cuerpo:<\/td>\n<td align=\"left\">PVC<\/td>\n<\/tr>\n<tr>\n<td>Cableado:<\/td>\n<td align=\"left\">Tornillo<\/td>\n<td><\/td>\n<td>Potencia M\u00e1xima:<\/td>\n<td align=\"left\">15A 125V~<\/td>\n<\/tr>\n<\/tbody>\n<\/table>\n<\/div>\n<\/div>\n","protected":false},"excerpt":{"rendered":"<p>El Enchufe Armado con Abrazadera 2867 de EAGLE es la soluci\u00f3n perfecta para tus necesidades de conexi\u00f3n el\u00e9ctrica en Costa<\/p>\n","protected":false},"featured_media":78225,"comment_status":"closed","ping_status":"open","template":"","meta":[],"product_brand":[],"product_cat":[80],"product_tag":[],"class_list":{"0":"post-8385","1":"product","2":"type-product","3":"status-publish","4":"has-post-thumbnail","6":"product_cat-electrico","8":"first","9":"instock","10":"purchasable","11":"product-type-simple"},"jetpack_sharing_enabled":true,"_links":{"self":[{"href":"https:\/\/www.veneciacr.com\/index.php\/wp-json\/wp\/v2\/product\/8385","targetHints":{"allow":["GET"]}}],"collection":[{"href":"https:\/\/www.veneciacr.com\/index.php\/wp-json\/wp\/v2\/product"}],"about":[{"href":"https:\/\/www.veneciacr.com\/index.php\/wp-json\/wp\/v2\/types\/product"}],"replies":[{"embeddable":true,"href":"https:\/\/www.veneciacr.com\/index.php\/wp-json\/wp\/v2\/comments?post=8385"}],"wp:featuredmedia":[{"embeddable":true,"href":"https:\/\/www.veneciacr.com\/index.php\/wp-json\/wp\/v2\/media\/78225"}],"wp:attachment":[{"href":"https:\/\/www.veneciacr.com\/index.php\/wp-json\/wp\/v2\/media?parent=8385"}],"wp:term":[{"taxonomy":"product_brand","embeddable":true,"href":"https:\/\/www.veneciacr.com\/index.php\/wp-json\/wp\/v2\/product_brand?post=8385"},{"taxonomy":"product_cat","embeddable":true,"href":"https:\/\/www.veneciacr.com\/index.php\/wp-json\/wp\/v2\/product_cat?post=8385"},{"taxonomy":"product_tag","embeddable":true,"href":"https:\/\/www.veneciacr.com\/index.php\/wp-json\/wp\/v2\/product_tag?post=8385"}],"curies":[{"name":"wp","href":"https:\/\/api.w.org\/{rel}","templated":true}]}}