{"id":8304,"date":"2026-05-06T01:19:07","date_gmt":"2026-05-06T07:19:07","guid":{"rendered":"https:\/\/www.veneciacr.com\/index.php\/product\/timbre-inalambrico-100m-15tonos-393009-bticino\/"},"modified":"2026-05-06T01:19:08","modified_gmt":"2026-05-06T07:19:08","slug":"timbre-inalambrico-100m-15-tonos-393009-bticino","status":"publish","type":"product","link":"https:\/\/www.veneciacr.com\/index.php\/producto\/timbre-inalambrico-100m-15-tonos-393009-bticino\/","title":{"rendered":"TIMBRE INALAMBRICO 100M 15 TONOS 393009 BTICINO"},"content":{"rendered":"<h2>Descripci\u00f3n<\/h2>\n<ul>\n<li>Timbre inal\u00e1mbrico para pared\u00a0393009 Bticino<\/li>\n<\/ul>\n<h2>Caracter\u00edsticas<\/h2>\n<ul>\n<li>Cantidad de melod\u00edas: 15<\/li>\n<li>Color: Blanco<\/li>\n<li>Material de carcasa: Pl\u00e1stico<\/li>\n<li>Alcance de funcionamiento:\n<ul>\n<li>En campo abierto: 100 m<\/li>\n<li>Con obst\u00e1culos como paredes: 20 m<\/li>\n<\/ul>\n<\/li>\n<li>Potencia de sonido: 80 dB<\/li>\n<li>Tipo bater\u00eda pulsador: 1xCR2032 (<strong>incluida<\/strong>)<\/li>\n<li>Voltaje del timbre: 110 &#8211; 230 V<\/li>\n<li>Configuraci\u00f3n: Dipswitch<\/li>\n<\/ul>\n","protected":false},"excerpt":{"rendered":"<p>Descripci\u00f3n Timbre inal\u00e1mbrico para pared\u00a0393009 Bticino Caracter\u00edsticas Cantidad de melod\u00edas: 15 Color: Blanco Material de carcasa: Pl\u00e1stico Alcance de funcionamiento:<\/p>\n","protected":false},"featured_media":100812,"comment_status":"closed","ping_status":"open","template":"","meta":[],"product_brand":[],"product_cat":[80],"product_tag":[],"class_list":{"0":"post-8304","1":"product","2":"type-product","3":"status-publish","4":"has-post-thumbnail","6":"product_cat-electrico","8":"first","9":"instock","10":"purchasable","11":"product-type-simple"},"jetpack_sharing_enabled":true,"_links":{"self":[{"href":"https:\/\/www.veneciacr.com\/index.php\/wp-json\/wp\/v2\/product\/8304","targetHints":{"allow":["GET"]}}],"collection":[{"href":"https:\/\/www.veneciacr.com\/index.php\/wp-json\/wp\/v2\/product"}],"about":[{"href":"https:\/\/www.veneciacr.com\/index.php\/wp-json\/wp\/v2\/types\/product"}],"replies":[{"embeddable":true,"href":"https:\/\/www.veneciacr.com\/index.php\/wp-json\/wp\/v2\/comments?post=8304"}],"wp:featuredmedia":[{"embeddable":true,"href":"https:\/\/www.veneciacr.com\/index.php\/wp-json\/wp\/v2\/media\/100812"}],"wp:attachment":[{"href":"https:\/\/www.veneciacr.com\/index.php\/wp-json\/wp\/v2\/media?parent=8304"}],"wp:term":[{"taxonomy":"product_brand","embeddable":true,"href":"https:\/\/www.veneciacr.com\/index.php\/wp-json\/wp\/v2\/product_brand?post=8304"},{"taxonomy":"product_cat","embeddable":true,"href":"https:\/\/www.veneciacr.com\/index.php\/wp-json\/wp\/v2\/product_cat?post=8304"},{"taxonomy":"product_tag","embeddable":true,"href":"https:\/\/www.veneciacr.com\/index.php\/wp-json\/wp\/v2\/product_tag?post=8304"}],"curies":[{"name":"wp","href":"https:\/\/api.w.org\/{rel}","templated":true}]}}