{"id":8295,"date":"2026-04-21T03:51:32","date_gmt":"2026-04-21T09:51:32","guid":{"rendered":"https:\/\/www.veneciacr.com\/index.php\/product\/apagador-parche-10150v-aguila\/"},"modified":"2026-04-21T03:51:33","modified_gmt":"2026-04-21T09:51:33","slug":"apagador-parche-10150v-eagle","status":"publish","type":"product","link":"https:\/\/www.veneciacr.com\/index.php\/producto\/apagador-parche-10150v-eagle\/","title":{"rendered":"APAGADOR PARCHE 10150V EAGLE"},"content":{"rendered":"<table>\n<tbody>\n<tr>\n<td>Dise\u00f1o Compacto:<\/td>\n<td align=\"left\">S\u00ed<\/td>\n<td><\/td>\n<td>Cableado por Tornillo:<\/td>\n<td align=\"left\">S\u00ed<\/td>\n<\/tr>\n<tr>\n<td>Tornillos Ranurados:<\/td>\n<td align=\"left\">S\u00ed<\/td>\n<td><\/td>\n<td><\/td>\n<td align=\"left\"><\/td>\n<\/tr>\n<tr>\n<td>Material del Cuerpo:<\/td>\n<td align=\"left\">Policarbonato<\/td>\n<td><\/td>\n<td>Conexi\u00f3n:<\/td>\n<td align=\"left\">3 V\u00edas<\/td>\n<\/tr>\n<tr>\n<td>Capacidad de Corriente:<\/td>\n<td align=\"left\">10A a 125V~<\/td>\n<td><\/td>\n<td>Grado:<\/td>\n<td align=\"left\">Residencial<\/td>\n<\/tr>\n<tr>\n<td>Montaje:<\/td>\n<td align=\"left\">Superficial<\/td>\n<td><\/td>\n<td>Material de los Contactos:<\/td>\n<td align=\"left\">Cobre y Bronce<\/td>\n<\/tr>\n<tr>\n<td>Certificado:<\/td>\n<td align=\"left\">NOM-ANCE 201401A03682<\/td>\n<td><\/td>\n<td>Material de la Cubierta:<\/td>\n<td align=\"left\">Pl\u00e1stico de Alto Impacto<\/td>\n<\/tr>\n<tr>\n<td>Precortes para Canaleta:<\/td>\n<td align=\"left\">20 x 10 mm<\/td>\n<td><\/td>\n<td>Tornillos de Fijaci\u00f3n:<\/td>\n<td align=\"left\">Incluidos<\/td>\n<\/tr>\n<tr>\n<td>Punto de Incandescencia:<\/td>\n<td align=\"left\">Verde<\/td>\n<td><\/td>\n<td>Separaci\u00f3n de Contactos:<\/td>\n<td align=\"left\">Mayor de 3 mm<\/td>\n<\/tr>\n<\/tbody>\n<\/table>\n","protected":false},"excerpt":{"rendered":"<p>Dise\u00f1o Compacto: S\u00ed Cableado por Tornillo: S\u00ed Tornillos Ranurados: S\u00ed Material del Cuerpo: Policarbonato Conexi\u00f3n: 3 V\u00edas Capacidad de Corriente:<\/p>\n","protected":false},"featured_media":77643,"comment_status":"closed","ping_status":"open","template":"","meta":[],"product_brand":[],"product_cat":[80],"product_tag":[],"class_list":{"0":"post-8295","1":"product","2":"type-product","3":"status-publish","4":"has-post-thumbnail","6":"product_cat-electrico","8":"first","9":"instock","10":"purchasable","11":"product-type-simple"},"jetpack_sharing_enabled":true,"_links":{"self":[{"href":"https:\/\/www.veneciacr.com\/index.php\/wp-json\/wp\/v2\/product\/8295","targetHints":{"allow":["GET"]}}],"collection":[{"href":"https:\/\/www.veneciacr.com\/index.php\/wp-json\/wp\/v2\/product"}],"about":[{"href":"https:\/\/www.veneciacr.com\/index.php\/wp-json\/wp\/v2\/types\/product"}],"replies":[{"embeddable":true,"href":"https:\/\/www.veneciacr.com\/index.php\/wp-json\/wp\/v2\/comments?post=8295"}],"wp:featuredmedia":[{"embeddable":true,"href":"https:\/\/www.veneciacr.com\/index.php\/wp-json\/wp\/v2\/media\/77643"}],"wp:attachment":[{"href":"https:\/\/www.veneciacr.com\/index.php\/wp-json\/wp\/v2\/media?parent=8295"}],"wp:term":[{"taxonomy":"product_brand","embeddable":true,"href":"https:\/\/www.veneciacr.com\/index.php\/wp-json\/wp\/v2\/product_brand?post=8295"},{"taxonomy":"product_cat","embeddable":true,"href":"https:\/\/www.veneciacr.com\/index.php\/wp-json\/wp\/v2\/product_cat?post=8295"},{"taxonomy":"product_tag","embeddable":true,"href":"https:\/\/www.veneciacr.com\/index.php\/wp-json\/wp\/v2\/product_tag?post=8295"}],"curies":[{"name":"wp","href":"https:\/\/api.w.org\/{rel}","templated":true}]}}