{"id":82937,"date":"2026-04-28T02:02:05","date_gmt":"2026-04-28T08:02:05","guid":{"rendered":"https:\/\/www.veneciacr.com\/index.php\/producto\/pistola-gravedad-v-plast-50psi-pipi-440-truper\/"},"modified":"2026-04-28T02:02:06","modified_gmt":"2026-04-28T08:02:06","slug":"pistola-pintar-gravedad-1-4mm-v-plast-50psi-pipi-440-truper","status":"publish","type":"product","link":"https:\/\/www.veneciacr.com\/index.php\/producto\/pistola-pintar-gravedad-1-4mm-v-plast-50psi-pipi-440-truper\/","title":{"rendered":"PISTOLA PINTAR GRAVEDAD 1.4MM V.PLAST 50PSI PIPI-440 TRUPER"},"content":{"rendered":"<p>Pistola p\/pintar gravedad HVLP vaso pl\u00e1stico, 1.4 mm, Truper<br \/>\nSerie 400 tecnolog\u00eda HVLP (Alto volumen \/ Baja presi\u00f3n) ideal para acabados finos, con m\u00e1ximo rendimiento de pintura y mayor control de aplicaci\u00f3n<br \/>\nCuerpo de aluminio y vaso pl\u00e1stico<br \/>\nTobera y aguja de acero inoxidable<br \/>\nBoquilla de lat\u00f3n galvanizado con pulverizado fino<br \/>\n3 perillas de control: flujo de aire, flujo de material y tama\u00f1o de abanico<br \/>\nPresi\u00f3n \u00f3ptima de trabajo 30 &#8211; 50 psi<br \/>\nCapacidad del vaso 500 ml<br \/>\nDi\u00e1metro de tobera 1.4 mm<br \/>\nViscosidad Baja<br \/>\nTama\u00f1o de abanico 20 &#8211; 24 cm<br \/>\nEntrada de aire Inferior<br \/>\nTipo de conexi\u00f3n 1\/4&#8243; NPT<br \/>\nConsumo de aire 8 CFM (227 L\/min)<br \/>\nEmpaque individual Caja<\/p>\n","protected":false},"excerpt":{"rendered":"<p>Pistola p\/pintar gravedad HVLP vaso pl\u00e1stico, 1.4 mm, Truper Serie 400 tecnolog\u00eda HVLP (Alto volumen \/ Baja presi\u00f3n) ideal para<\/p>\n","protected":false},"featured_media":82938,"comment_status":"closed","ping_status":"open","template":"","meta":[],"product_brand":[],"product_cat":[15],"product_tag":[],"class_list":{"0":"post-82937","1":"product","2":"type-product","3":"status-publish","4":"has-post-thumbnail","6":"product_cat-uncategorized","8":"first","9":"instock","10":"purchasable","11":"product-type-simple"},"jetpack_sharing_enabled":true,"_links":{"self":[{"href":"https:\/\/www.veneciacr.com\/index.php\/wp-json\/wp\/v2\/product\/82937","targetHints":{"allow":["GET"]}}],"collection":[{"href":"https:\/\/www.veneciacr.com\/index.php\/wp-json\/wp\/v2\/product"}],"about":[{"href":"https:\/\/www.veneciacr.com\/index.php\/wp-json\/wp\/v2\/types\/product"}],"replies":[{"embeddable":true,"href":"https:\/\/www.veneciacr.com\/index.php\/wp-json\/wp\/v2\/comments?post=82937"}],"wp:featuredmedia":[{"embeddable":true,"href":"https:\/\/www.veneciacr.com\/index.php\/wp-json\/wp\/v2\/media\/82938"}],"wp:attachment":[{"href":"https:\/\/www.veneciacr.com\/index.php\/wp-json\/wp\/v2\/media?parent=82937"}],"wp:term":[{"taxonomy":"product_brand","embeddable":true,"href":"https:\/\/www.veneciacr.com\/index.php\/wp-json\/wp\/v2\/product_brand?post=82937"},{"taxonomy":"product_cat","embeddable":true,"href":"https:\/\/www.veneciacr.com\/index.php\/wp-json\/wp\/v2\/product_cat?post=82937"},{"taxonomy":"product_tag","embeddable":true,"href":"https:\/\/www.veneciacr.com\/index.php\/wp-json\/wp\/v2\/product_tag?post=82937"}],"curies":[{"name":"wp","href":"https:\/\/api.w.org\/{rel}","templated":true}]}}