{"id":8291,"date":"2026-05-01T02:02:33","date_gmt":"2026-05-01T08:02:33","guid":{"rendered":"https:\/\/www.veneciacr.com\/index.php\/product\/apagador-triple-1005w-blanco-plata-aguila\/"},"modified":"2026-05-01T02:02:34","modified_gmt":"2026-05-01T08:02:34","slug":"apagador-triple-blanco-1005w-eagle","status":"publish","type":"product","link":"https:\/\/www.veneciacr.com\/index.php\/producto\/apagador-triple-blanco-1005w-eagle\/","title":{"rendered":"APAGADOR TRIPLE BLANCO 1005W EAGLE"},"content":{"rendered":"<table>\n<tbody>\n<tr>\n<td><\/td>\n<td align=\"left\"><\/td>\n<td><\/td>\n<td>Color:<\/td>\n<td align=\"left\">Blanco<\/td>\n<\/tr>\n<tr>\n<td>Capacidad:<\/td>\n<td align=\"left\">15A \/ 125V~<\/td>\n<td><\/td>\n<td>Conexi\u00f3n:<\/td>\n<td align=\"left\">3 v\u00edas<\/td>\n<\/tr>\n<tr>\n<td>Certificaci\u00f3n:<\/td>\n<td align=\"left\">NOM-ANCE ANC2201A00004116<\/td>\n<td><\/td>\n<td>Tornillos de Montaje:<\/td>\n<td align=\"left\">Incluidos con Cabeza Plana<\/td>\n<\/tr>\n<tr>\n<td>Terminales para Cable:<\/td>\n<td align=\"left\">#12 &#8211; #14 AWG<\/td>\n<td><\/td>\n<td>Temperaturas de Operaci\u00f3n:<\/td>\n<td align=\"left\">-40\u00b0C (sin impacto) a 75\u00b0C m\u00e1ximo continuo<\/td>\n<\/tr>\n<tr>\n<td>Cumplimiento:<\/td>\n<td align=\"left\">NEMA WD-6<\/td>\n<td><\/td>\n<td>\u00cdndice de Inflamabilidad:<\/td>\n<td align=\"left\">V-2 y V-0<\/td>\n<\/tr>\n<tr>\n<td>Materiales:<\/td>\n<td align=\"left\">Policarbonato, Nylon 66, Aleaci\u00f3n Cobre-Platino<\/td>\n<td><\/td>\n<td>Resistencia al Impacto:<\/td>\n<td align=\"left\">Alta<\/td>\n<\/tr>\n<tr>\n<td>Funcionalidad:<\/td>\n<td align=\"left\">Interruptor de 3-v\u00edas<\/td>\n<td><\/td>\n<td>Dise\u00f1o Elegante:<\/td>\n<td align=\"left\">L\u00cdNEA PLATA<\/td>\n<\/tr>\n<\/tbody>\n<\/table>\n","protected":false},"excerpt":{"rendered":"<p>Color: Blanco Capacidad: 15A \/ 125V~ Conexi\u00f3n: 3 v\u00edas Certificaci\u00f3n: NOM-ANCE ANC2201A00004116 Tornillos de Montaje: Incluidos con Cabeza Plana Terminales<\/p>\n","protected":false},"featured_media":77609,"comment_status":"closed","ping_status":"open","template":"","meta":[],"product_brand":[],"product_cat":[80,157],"product_tag":[],"class_list":{"0":"post-8291","1":"product","2":"type-product","3":"status-publish","4":"has-post-thumbnail","6":"product_cat-electrico","7":"product_cat-plaqueria","9":"first","10":"instock","11":"purchasable","12":"product-type-simple"},"jetpack_sharing_enabled":true,"_links":{"self":[{"href":"https:\/\/www.veneciacr.com\/index.php\/wp-json\/wp\/v2\/product\/8291","targetHints":{"allow":["GET"]}}],"collection":[{"href":"https:\/\/www.veneciacr.com\/index.php\/wp-json\/wp\/v2\/product"}],"about":[{"href":"https:\/\/www.veneciacr.com\/index.php\/wp-json\/wp\/v2\/types\/product"}],"replies":[{"embeddable":true,"href":"https:\/\/www.veneciacr.com\/index.php\/wp-json\/wp\/v2\/comments?post=8291"}],"wp:featuredmedia":[{"embeddable":true,"href":"https:\/\/www.veneciacr.com\/index.php\/wp-json\/wp\/v2\/media\/77609"}],"wp:attachment":[{"href":"https:\/\/www.veneciacr.com\/index.php\/wp-json\/wp\/v2\/media?parent=8291"}],"wp:term":[{"taxonomy":"product_brand","embeddable":true,"href":"https:\/\/www.veneciacr.com\/index.php\/wp-json\/wp\/v2\/product_brand?post=8291"},{"taxonomy":"product_cat","embeddable":true,"href":"https:\/\/www.veneciacr.com\/index.php\/wp-json\/wp\/v2\/product_cat?post=8291"},{"taxonomy":"product_tag","embeddable":true,"href":"https:\/\/www.veneciacr.com\/index.php\/wp-json\/wp\/v2\/product_tag?post=8291"}],"curies":[{"name":"wp","href":"https:\/\/api.w.org\/{rel}","templated":true}]}}