{"id":8289,"date":"2026-04-21T03:54:15","date_gmt":"2026-04-21T09:54:15","guid":{"rendered":"https:\/\/www.veneciacr.com\/index.php\/product\/timbre-pulsador-blanco-1002w-aguila\/"},"modified":"2026-04-21T03:54:18","modified_gmt":"2026-04-21T09:54:18","slug":"timbre-pulsador-blanco-1002w-eagle","status":"publish","type":"product","link":"https:\/\/www.veneciacr.com\/index.php\/producto\/timbre-pulsador-blanco-1002w-eagle\/","title":{"rendered":"TIMBRE PULSADOR BLANCO 1002W EAGLE"},"content":{"rendered":"<table>\n<tbody>\n<tr>\n<td>Placa con Tornillo Oculto:<\/td>\n<td align=\"left\">S\u00ed<\/td>\n<td><\/td>\n<td>Sistema de Cableado R\u00e1pido:<\/td>\n<td align=\"left\">S\u00ed<\/td>\n<\/tr>\n<tr>\n<td><\/td>\n<td align=\"left\"><\/td>\n<td><\/td>\n<td>Dise\u00f1o:<\/td>\n<td align=\"left\">Sobrio y Elegante<\/td>\n<\/tr>\n<tr>\n<td>Material:<\/td>\n<td align=\"left\">Riel y placa: Policarbonato, Interruptor: Policarbonato y Nylon 66<\/td>\n<td><\/td>\n<td>Modelo:<\/td>\n<td align=\"left\">1002 W<\/td>\n<\/tr>\n<tr>\n<td>Capacidad:<\/td>\n<td align=\"left\">15A \/ 125V~<\/td>\n<td><\/td>\n<td>Conexi\u00f3n:<\/td>\n<td align=\"left\">1 v\u00eda &#8211; Normalmente Abierto<\/td>\n<\/tr>\n<tr>\n<td>Tornillos de Montaje:<\/td>\n<td align=\"left\">Incluidos de Cabeza Plana<\/td>\n<td><\/td>\n<td>Terminales para Cable:<\/td>\n<td align=\"left\">#12 &#8211; #14 AWG<\/td>\n<\/tr>\n<tr>\n<td>Temperaturas de Operaci\u00f3n:<\/td>\n<td align=\"left\">-40\u00b0C a 75\u00b0C m\u00e1ximo continuo<\/td>\n<td><\/td>\n<td>L\u00ednea:<\/td>\n<td align=\"left\">PLATA<\/td>\n<\/tr>\n<tr>\n<td>Construcci\u00f3n:<\/td>\n<td align=\"left\">Alta Resistencia al Impacto<\/td>\n<td><\/td>\n<td>\u00cdndice de Inflamabilidad:<\/td>\n<td align=\"left\">V-2 y V-0<\/td>\n<\/tr>\n<tr>\n<td>Contactos:<\/td>\n<td align=\"left\">Aleaci\u00f3n Cobre &#8211; Platino<\/td>\n<td><\/td>\n<td>Normativas Cumplidas:<\/td>\n<td align=\"left\">NOM-ANCE ANC2201A00004116, Acorde a NEMA WD-6<\/td>\n<\/tr>\n<\/tbody>\n<\/table>\n","protected":false},"excerpt":{"rendered":"<p>Placa con Tornillo Oculto: S\u00ed Sistema de Cableado R\u00e1pido: S\u00ed Dise\u00f1o: Sobrio y Elegante Material: Riel y placa: Policarbonato, Interruptor:<\/p>\n","protected":false},"featured_media":77604,"comment_status":"closed","ping_status":"open","template":"","meta":[],"product_brand":[],"product_cat":[80,157],"product_tag":[],"class_list":{"0":"post-8289","1":"product","2":"type-product","3":"status-publish","4":"has-post-thumbnail","6":"product_cat-electrico","7":"product_cat-plaqueria","9":"first","10":"instock","11":"purchasable","12":"product-type-simple"},"jetpack_sharing_enabled":true,"_links":{"self":[{"href":"https:\/\/www.veneciacr.com\/index.php\/wp-json\/wp\/v2\/product\/8289","targetHints":{"allow":["GET"]}}],"collection":[{"href":"https:\/\/www.veneciacr.com\/index.php\/wp-json\/wp\/v2\/product"}],"about":[{"href":"https:\/\/www.veneciacr.com\/index.php\/wp-json\/wp\/v2\/types\/product"}],"replies":[{"embeddable":true,"href":"https:\/\/www.veneciacr.com\/index.php\/wp-json\/wp\/v2\/comments?post=8289"}],"wp:featuredmedia":[{"embeddable":true,"href":"https:\/\/www.veneciacr.com\/index.php\/wp-json\/wp\/v2\/media\/77604"}],"wp:attachment":[{"href":"https:\/\/www.veneciacr.com\/index.php\/wp-json\/wp\/v2\/media?parent=8289"}],"wp:term":[{"taxonomy":"product_brand","embeddable":true,"href":"https:\/\/www.veneciacr.com\/index.php\/wp-json\/wp\/v2\/product_brand?post=8289"},{"taxonomy":"product_cat","embeddable":true,"href":"https:\/\/www.veneciacr.com\/index.php\/wp-json\/wp\/v2\/product_cat?post=8289"},{"taxonomy":"product_tag","embeddable":true,"href":"https:\/\/www.veneciacr.com\/index.php\/wp-json\/wp\/v2\/product_tag?post=8289"}],"curies":[{"name":"wp","href":"https:\/\/api.w.org\/{rel}","templated":true}]}}