{"id":8277,"date":"2026-04-30T02:03:52","date_gmt":"2026-04-30T08:03:52","guid":{"rendered":"https:\/\/www.veneciacr.com\/index.php\/product\/enchufe-2p-3w-15a-polarizado-amarillo-4867-aguila\/"},"modified":"2026-04-30T02:03:53","modified_gmt":"2026-04-30T08:03:53","slug":"enchufe-2p-3w-15a-polarizado-amarillo-4867-eagle","status":"publish","type":"product","link":"https:\/\/www.veneciacr.com\/index.php\/producto\/enchufe-2p-3w-15a-polarizado-amarillo-4867-eagle\/","title":{"rendered":"ENCHUFE 2P 3W 15A POLARIZADO AMARILLO 4867 EAGLE"},"content":{"rendered":"<div class=\"StyleWrapper_wrapper \">\n<div class=\"Details_description\">\n<div id=\"description_i8g8c3zru\" class=\"fr-view\">El Enchufe Gasa Termopl\u00e1stica 4867 de EAGLE es la elecci\u00f3n perfecta cuando se trata de conectar dispositivos el\u00e9ctricos de manera segura y confiable. Su dise\u00f1o robusto y su color amarillo de alta visibilidad lo hacen ideal para aplicaciones donde la seguridad es primordial.<\/div>\n<\/div>\n<\/div>\n<div class=\"StyleWrapper_wrapper \">\n<h2>Especificaciones<\/h2>\n<div id=\"ML_mainId\">\n<table>\n<tbody>\n<tr>\n<td><\/td>\n<td align=\"left\"><\/td>\n<td><\/td>\n<td>Material de los Contactos:<\/td>\n<td align=\"left\">Bronce<\/td>\n<\/tr>\n<tr>\n<td>Modelo:<\/td>\n<td align=\"left\">4867<\/td>\n<td><\/td>\n<td>Color:<\/td>\n<td align=\"left\">Amarillo de alta visibilidad<\/td>\n<\/tr>\n<tr>\n<td>Capacidad:<\/td>\n<td align=\"left\">15A a 125V~<\/td>\n<td><\/td>\n<td>Material del Cuerpo:<\/td>\n<td align=\"left\">PVC de alta resistencia<\/td>\n<\/tr>\n<tr>\n<td>Tipo de Conexi\u00f3n:<\/td>\n<td align=\"left\">NEMA 5-15P<\/td>\n<td><\/td>\n<td>Tipo de Cableado:<\/td>\n<td align=\"left\">2 polos, 3 hilos<\/td>\n<\/tr>\n<\/tbody>\n<\/table>\n<\/div>\n<\/div>\n","protected":false},"excerpt":{"rendered":"<p>El Enchufe Gasa Termopl\u00e1stica 4867 de EAGLE es la elecci\u00f3n perfecta cuando se trata de conectar dispositivos el\u00e9ctricos de manera<\/p>\n","protected":false},"featured_media":77571,"comment_status":"closed","ping_status":"open","template":"","meta":[],"product_brand":[],"product_cat":[80],"product_tag":[],"class_list":{"0":"post-8277","1":"product","2":"type-product","3":"status-publish","4":"has-post-thumbnail","6":"product_cat-electrico","8":"first","9":"instock","10":"purchasable","11":"product-type-simple"},"jetpack_sharing_enabled":true,"_links":{"self":[{"href":"https:\/\/www.veneciacr.com\/index.php\/wp-json\/wp\/v2\/product\/8277","targetHints":{"allow":["GET"]}}],"collection":[{"href":"https:\/\/www.veneciacr.com\/index.php\/wp-json\/wp\/v2\/product"}],"about":[{"href":"https:\/\/www.veneciacr.com\/index.php\/wp-json\/wp\/v2\/types\/product"}],"replies":[{"embeddable":true,"href":"https:\/\/www.veneciacr.com\/index.php\/wp-json\/wp\/v2\/comments?post=8277"}],"wp:featuredmedia":[{"embeddable":true,"href":"https:\/\/www.veneciacr.com\/index.php\/wp-json\/wp\/v2\/media\/77571"}],"wp:attachment":[{"href":"https:\/\/www.veneciacr.com\/index.php\/wp-json\/wp\/v2\/media?parent=8277"}],"wp:term":[{"taxonomy":"product_brand","embeddable":true,"href":"https:\/\/www.veneciacr.com\/index.php\/wp-json\/wp\/v2\/product_brand?post=8277"},{"taxonomy":"product_cat","embeddable":true,"href":"https:\/\/www.veneciacr.com\/index.php\/wp-json\/wp\/v2\/product_cat?post=8277"},{"taxonomy":"product_tag","embeddable":true,"href":"https:\/\/www.veneciacr.com\/index.php\/wp-json\/wp\/v2\/product_tag?post=8277"}],"curies":[{"name":"wp","href":"https:\/\/api.w.org\/{rel}","templated":true}]}}