{"id":8273,"date":"2026-04-30T02:03:58","date_gmt":"2026-04-30T08:03:58","guid":{"rendered":"https:\/\/www.veneciacr.com\/index.php\/product\/toma-polarizado-doble-15a-beige-1009av-aguila\/"},"modified":"2026-04-30T02:03:58","modified_gmt":"2026-04-30T08:03:58","slug":"toma-polarizado-doble-15a-beige-1009av-eagle","status":"publish","type":"product","link":"https:\/\/www.veneciacr.com\/index.php\/producto\/toma-polarizado-doble-15a-beige-1009av-eagle\/","title":{"rendered":"TOMA POLARIZADO DOBLE 15A BEIGE 1009AV EAGLE"},"content":{"rendered":"<table>\n<tbody>\n<tr>\n<td><\/td>\n<td align=\"left\"><\/td>\n<td><\/td>\n<td>Modelo::<\/td>\n<td align=\"left\">1009A<\/td>\n<\/tr>\n<tr>\n<td>\u00cdndice de Inflamabilidad::<\/td>\n<td align=\"left\">V-2 (Placa y Tomacorriente), V-0 (Toma)<\/td>\n<td><\/td>\n<td>Contactos::<\/td>\n<td align=\"left\">Aleaci\u00f3n de Cobre<\/td>\n<\/tr>\n<tr>\n<td>Temperaturas de Operaci\u00f3n::<\/td>\n<td align=\"left\">-40\u00b0C (sin impacto) a 75\u00b0C (m\u00e1ximo continuo)<\/td>\n<td><\/td>\n<td>Tipo de Conexi\u00f3n::<\/td>\n<td align=\"left\">15A 125V, 2 polos 3 hilos<\/td>\n<\/tr>\n<tr>\n<td>Certificaci\u00f3n::<\/td>\n<td align=\"left\">NOM-ANCE ANC2201C00001439, Acorde a NEMA WD-6<\/td>\n<td><\/td>\n<td>Terminales::<\/td>\n<td align=\"left\">Para cables #12 &#8211; #14 AWG<\/td>\n<\/tr>\n<tr>\n<td>Cumplimiento Normativo::<\/td>\n<td align=\"left\">Normas NEMA, C\u00f3digo El\u00e9ctrico<\/td>\n<td><\/td>\n<td>Tipo de Aplicaci\u00f3n::<\/td>\n<td align=\"left\">Unidades habitacionales<\/td>\n<\/tr>\n<tr>\n<td>Sistema TR::<\/td>\n<td align=\"left\">A prueba de manipulaci\u00f3n, brinda seguridad a los ni\u00f1os<\/td>\n<td><\/td>\n<td>Materiales::<\/td>\n<td align=\"left\">Placa y Tomacorriente: Policarbonato<\/td>\n<\/tr>\n<\/tbody>\n<\/table>\n","protected":false},"excerpt":{"rendered":"<p>Modelo:: 1009A \u00cdndice de Inflamabilidad:: V-2 (Placa y Tomacorriente), V-0 (Toma) Contactos:: Aleaci\u00f3n de Cobre Temperaturas de Operaci\u00f3n:: -40\u00b0C (sin<\/p>\n","protected":false},"featured_media":77510,"comment_status":"closed","ping_status":"open","template":"","meta":[],"product_brand":[],"product_cat":[80,157],"product_tag":[],"class_list":{"0":"post-8273","1":"product","2":"type-product","3":"status-publish","4":"has-post-thumbnail","6":"product_cat-electrico","7":"product_cat-plaqueria","9":"first","10":"instock","11":"purchasable","12":"product-type-simple"},"jetpack_sharing_enabled":true,"_links":{"self":[{"href":"https:\/\/www.veneciacr.com\/index.php\/wp-json\/wp\/v2\/product\/8273","targetHints":{"allow":["GET"]}}],"collection":[{"href":"https:\/\/www.veneciacr.com\/index.php\/wp-json\/wp\/v2\/product"}],"about":[{"href":"https:\/\/www.veneciacr.com\/index.php\/wp-json\/wp\/v2\/types\/product"}],"replies":[{"embeddable":true,"href":"https:\/\/www.veneciacr.com\/index.php\/wp-json\/wp\/v2\/comments?post=8273"}],"wp:featuredmedia":[{"embeddable":true,"href":"https:\/\/www.veneciacr.com\/index.php\/wp-json\/wp\/v2\/media\/77510"}],"wp:attachment":[{"href":"https:\/\/www.veneciacr.com\/index.php\/wp-json\/wp\/v2\/media?parent=8273"}],"wp:term":[{"taxonomy":"product_brand","embeddable":true,"href":"https:\/\/www.veneciacr.com\/index.php\/wp-json\/wp\/v2\/product_brand?post=8273"},{"taxonomy":"product_cat","embeddable":true,"href":"https:\/\/www.veneciacr.com\/index.php\/wp-json\/wp\/v2\/product_cat?post=8273"},{"taxonomy":"product_tag","embeddable":true,"href":"https:\/\/www.veneciacr.com\/index.php\/wp-json\/wp\/v2\/product_tag?post=8273"}],"curies":[{"name":"wp","href":"https:\/\/api.w.org\/{rel}","templated":true}]}}