{"id":8257,"date":"2026-04-30T02:06:15","date_gmt":"2026-04-30T08:06:15","guid":{"rendered":"https:\/\/www.veneciacr.com\/index.php\/product\/apagador-doble-3w-1004bw-aguila\/"},"modified":"2026-04-30T02:06:15","modified_gmt":"2026-04-30T08:06:15","slug":"apagador-doble-3w-1004bw-eagle","status":"publish","type":"product","link":"https:\/\/www.veneciacr.com\/index.php\/producto\/apagador-doble-3w-1004bw-eagle\/","title":{"rendered":"APAGADOR DOBLE 3W 1004BW EAGLE"},"content":{"rendered":"<table>\n<tbody>\n<tr>\n<td>Interruptor 3-V\u00edas:<\/td>\n<td align=\"left\">S\u00ed<\/td>\n<td><\/td>\n<td><\/td>\n<td align=\"left\"><\/td>\n<\/tr>\n<tr>\n<td>Capacidad de Corriente:<\/td>\n<td align=\"left\">15A a 125V~<\/td>\n<td><\/td>\n<td>Temperaturas de Operaci\u00f3n:<\/td>\n<td align=\"left\">-40\u00b0C a 75\u00b0C m\u00e1ximo continuo<\/td>\n<\/tr>\n<tr>\n<td>Tornillos de Montaje:<\/td>\n<td align=\"left\">Incluidos, Cabeza Plana<\/td>\n<td><\/td>\n<td>Terminales para Cable:<\/td>\n<td align=\"left\">#12 &#8211; #14 AWG<\/td>\n<\/tr>\n<tr>\n<td>Cumplimiento:<\/td>\n<td align=\"left\">NOM-ANCE ANC2201A00004116, NEMA WD-6<\/td>\n<td><\/td>\n<td>\u00cdndice de Inflamabilidad:<\/td>\n<td align=\"left\">V-2 y V-0<\/td>\n<\/tr>\n<tr>\n<td>Materiales:<\/td>\n<td align=\"left\">Riel y Placa: Policarbonato Interruptor: Policarbonato y Nylon 66 Contactos: Aleaci\u00f3n Cobre &#8211; Platino<\/td>\n<td><\/td>\n<td>Resistencia al Impacto:<\/td>\n<td align=\"left\">Alta<\/td>\n<\/tr>\n<tr>\n<td>Dise\u00f1o Estilizado:<\/td>\n<td align=\"left\">L\u00cdNEA PLATA<\/td>\n<\/tr>\n<\/tbody>\n<\/table>\n","protected":false},"excerpt":{"rendered":"<p>Interruptor 3-V\u00edas: S\u00ed Capacidad de Corriente: 15A a 125V~ Temperaturas de Operaci\u00f3n: -40\u00b0C a 75\u00b0C m\u00e1ximo continuo Tornillos de Montaje:<\/p>\n","protected":false},"featured_media":76941,"comment_status":"closed","ping_status":"open","template":"","meta":[],"product_brand":[],"product_cat":[80,157],"product_tag":[],"class_list":{"0":"post-8257","1":"product","2":"type-product","3":"status-publish","4":"has-post-thumbnail","6":"product_cat-electrico","7":"product_cat-plaqueria","9":"first","10":"instock","11":"purchasable","12":"product-type-simple"},"jetpack_sharing_enabled":true,"_links":{"self":[{"href":"https:\/\/www.veneciacr.com\/index.php\/wp-json\/wp\/v2\/product\/8257","targetHints":{"allow":["GET"]}}],"collection":[{"href":"https:\/\/www.veneciacr.com\/index.php\/wp-json\/wp\/v2\/product"}],"about":[{"href":"https:\/\/www.veneciacr.com\/index.php\/wp-json\/wp\/v2\/types\/product"}],"replies":[{"embeddable":true,"href":"https:\/\/www.veneciacr.com\/index.php\/wp-json\/wp\/v2\/comments?post=8257"}],"wp:featuredmedia":[{"embeddable":true,"href":"https:\/\/www.veneciacr.com\/index.php\/wp-json\/wp\/v2\/media\/76941"}],"wp:attachment":[{"href":"https:\/\/www.veneciacr.com\/index.php\/wp-json\/wp\/v2\/media?parent=8257"}],"wp:term":[{"taxonomy":"product_brand","embeddable":true,"href":"https:\/\/www.veneciacr.com\/index.php\/wp-json\/wp\/v2\/product_brand?post=8257"},{"taxonomy":"product_cat","embeddable":true,"href":"https:\/\/www.veneciacr.com\/index.php\/wp-json\/wp\/v2\/product_cat?post=8257"},{"taxonomy":"product_tag","embeddable":true,"href":"https:\/\/www.veneciacr.com\/index.php\/wp-json\/wp\/v2\/product_tag?post=8257"}],"curies":[{"name":"wp","href":"https:\/\/api.w.org\/{rel}","templated":true}]}}