{"id":8225,"date":"2026-05-01T02:03:29","date_gmt":"2026-05-01T08:03:29","guid":{"rendered":"https:\/\/www.veneciacr.com\/index.php\/product\/apagador-doble-1004w-blanco-aguila\/"},"modified":"2026-05-01T02:03:29","modified_gmt":"2026-05-01T08:03:29","slug":"apagador-doble-blanco-1004w-eagle","status":"publish","type":"product","link":"https:\/\/www.veneciacr.com\/index.php\/producto\/apagador-doble-blanco-1004w-eagle\/","title":{"rendered":"APAGADOR DOBLE BLANCO 1004W EAGLE"},"content":{"rendered":"<table>\n<tbody>\n<tr>\n<td>Placa con Tornillo Oculto:<\/td>\n<td align=\"left\">S\u00ed<\/td>\n<td><\/td>\n<td>Dise\u00f1o:<\/td>\n<td align=\"left\">L\u00ednea PLATA &#8211; Contornos y L\u00edneas Sencillas<\/td>\n<\/tr>\n<tr>\n<td>Material:<\/td>\n<td align=\"left\">Riel y Placa: Policarbonato, Interruptor: Policarbonato y Nylon 66<\/td>\n<td><\/td>\n<td>Modelo:<\/td>\n<td align=\"left\">1004 W<\/td>\n<\/tr>\n<tr>\n<td>Capacidad:<\/td>\n<td align=\"left\">15A<\/td>\n<td><\/td>\n<td>Conexi\u00f3n:<\/td>\n<td align=\"left\">1 V\u00eda<\/td>\n<\/tr>\n<tr>\n<td><\/td>\n<td align=\"left\"><\/td>\n<td><\/td>\n<td>Certificaciones:<\/td>\n<td align=\"left\">NOM-ANCE ANC2201A00004116, Acorde a NEMA WD-6<\/td>\n<\/tr>\n<tr>\n<td>Tornillos de Montaje:<\/td>\n<td align=\"left\">Incluidos &#8211; Cabeza Plana<\/td>\n<td><\/td>\n<td>Terminales para Cable:<\/td>\n<td align=\"left\">#12 &#8211; #14 AWG<\/td>\n<\/tr>\n<tr>\n<td>Temperaturas de Operaci\u00f3n:<\/td>\n<td align=\"left\">-40\u2103 (sin impacto) a 75\u2103 m\u00e1ximo continuo<\/td>\n<td><\/td>\n<td>Construcci\u00f3n:<\/td>\n<td align=\"left\">Alta Resistencia al Impacto<\/td>\n<\/tr>\n<tr>\n<td>\u00cdndice de Inflamabilidad:<\/td>\n<td align=\"left\">V-2 y V-0<\/td>\n<td><\/td>\n<td>Contactos:<\/td>\n<td align=\"left\">Aleaci\u00f3n Cobre &#8211; Platino<\/td>\n<\/tr>\n<tr>\n<td>Interruptores:<\/td>\n<td align=\"left\">Dos Sencillos para Optimizar Espacio<\/td>\n<\/tr>\n<\/tbody>\n<\/table>\n","protected":false},"excerpt":{"rendered":"<p>Placa con Tornillo Oculto: S\u00ed Dise\u00f1o: L\u00ednea PLATA &#8211; Contornos y L\u00edneas Sencillas Material: Riel y Placa: Policarbonato, Interruptor: Policarbonato<\/p>\n","protected":false},"featured_media":76941,"comment_status":"closed","ping_status":"open","template":"","meta":[],"product_brand":[],"product_cat":[80,157],"product_tag":[],"class_list":{"0":"post-8225","1":"product","2":"type-product","3":"status-publish","4":"has-post-thumbnail","6":"product_cat-electrico","7":"product_cat-plaqueria","9":"first","10":"instock","11":"purchasable","12":"product-type-simple"},"jetpack_sharing_enabled":true,"_links":{"self":[{"href":"https:\/\/www.veneciacr.com\/index.php\/wp-json\/wp\/v2\/product\/8225","targetHints":{"allow":["GET"]}}],"collection":[{"href":"https:\/\/www.veneciacr.com\/index.php\/wp-json\/wp\/v2\/product"}],"about":[{"href":"https:\/\/www.veneciacr.com\/index.php\/wp-json\/wp\/v2\/types\/product"}],"replies":[{"embeddable":true,"href":"https:\/\/www.veneciacr.com\/index.php\/wp-json\/wp\/v2\/comments?post=8225"}],"wp:featuredmedia":[{"embeddable":true,"href":"https:\/\/www.veneciacr.com\/index.php\/wp-json\/wp\/v2\/media\/76941"}],"wp:attachment":[{"href":"https:\/\/www.veneciacr.com\/index.php\/wp-json\/wp\/v2\/media?parent=8225"}],"wp:term":[{"taxonomy":"product_brand","embeddable":true,"href":"https:\/\/www.veneciacr.com\/index.php\/wp-json\/wp\/v2\/product_brand?post=8225"},{"taxonomy":"product_cat","embeddable":true,"href":"https:\/\/www.veneciacr.com\/index.php\/wp-json\/wp\/v2\/product_cat?post=8225"},{"taxonomy":"product_tag","embeddable":true,"href":"https:\/\/www.veneciacr.com\/index.php\/wp-json\/wp\/v2\/product_tag?post=8225"}],"curies":[{"name":"wp","href":"https:\/\/api.w.org\/{rel}","templated":true}]}}