{"id":8221,"date":"2026-04-21T04:16:00","date_gmt":"2026-04-21T10:16:00","guid":{"rendered":"https:\/\/www.veneciacr.com\/index.php\/product\/toma-polarizado-220v-20a-1876v-marfil-aguila\/"},"modified":"2026-04-21T04:16:01","modified_gmt":"2026-04-21T10:16:01","slug":"toma-polarizado-220v-20a-1876v-marfil-eagle","status":"publish","type":"product","link":"https:\/\/www.veneciacr.com\/index.php\/producto\/toma-polarizado-220v-20a-1876v-marfil-eagle\/","title":{"rendered":"TOMA POLARIZADO 220V 20A 1876V MARFIL EAGLE"},"content":{"rendered":"<table>\n<tbody>\n<tr>\n<td><\/td>\n<td align=\"left\"><\/td>\n<td><\/td>\n<td>Material Cubierta:<\/td>\n<td align=\"left\">Termopl\u00e1stico<\/td>\n<\/tr>\n<tr>\n<td>Material Cuerpo:<\/td>\n<td align=\"left\">Termopl\u00e1stico<\/td>\n<td><\/td>\n<td>Material Contactos:<\/td>\n<td align=\"left\">Bronce<\/td>\n<\/tr>\n<tr>\n<td>Dise\u00f1o:<\/td>\n<td align=\"left\">Robusto y compacto<\/td>\n<td><\/td>\n<td>Modelo:<\/td>\n<td align=\"left\">1876 V<\/td>\n<\/tr>\n<tr>\n<td>Tipo:<\/td>\n<td align=\"left\">NEMA 6-20R<\/td>\n<td><\/td>\n<td>Capacidad:<\/td>\n<td align=\"left\">20A 250V~<\/td>\n<\/tr>\n<tr>\n<td>Certificaci\u00f3n:<\/td>\n<td align=\"left\">NOM 19DOM14475<\/td>\n<td><\/td>\n<td>Registro UL:<\/td>\n<td align=\"left\">E325115<\/td>\n<\/tr>\n<tr>\n<td>Grado:<\/td>\n<td align=\"left\">Comercial<\/td>\n<td><\/td>\n<td>Cableado:<\/td>\n<td align=\"left\">Por tornillo (s\u00f3lo cable de cobre)<\/td>\n<\/tr>\n<tr>\n<td>Tornillos:<\/td>\n<td align=\"left\">Ranuras planas y Phillips<\/td>\n<td><\/td>\n<td>Tornillo de Tierra:<\/td>\n<td align=\"left\">Cabeza hexagonal de f\u00e1cil acceso<\/td>\n<\/tr>\n<tr>\n<td>Material Riel:<\/td>\n<td align=\"left\">Hierro Galvanizado<\/td>\n<td><\/td>\n<td>El cableado permite:<\/td>\n<td align=\"left\">Cable #12 AWG o #14 AWG<\/td>\n<\/tr>\n<\/tbody>\n<\/table>\n","protected":false},"excerpt":{"rendered":"<p>Material Cubierta: Termopl\u00e1stico Material Cuerpo: Termopl\u00e1stico Material Contactos: Bronce Dise\u00f1o: Robusto y compacto Modelo: 1876 V Tipo: NEMA 6-20R Capacidad:<\/p>\n","protected":false},"featured_media":76915,"comment_status":"closed","ping_status":"open","template":"","meta":[],"product_brand":[],"product_cat":[80],"product_tag":[],"class_list":{"0":"post-8221","1":"product","2":"type-product","3":"status-publish","4":"has-post-thumbnail","6":"product_cat-electrico","8":"first","9":"outofstock","10":"purchasable","11":"product-type-simple"},"jetpack_sharing_enabled":true,"_links":{"self":[{"href":"https:\/\/www.veneciacr.com\/index.php\/wp-json\/wp\/v2\/product\/8221","targetHints":{"allow":["GET"]}}],"collection":[{"href":"https:\/\/www.veneciacr.com\/index.php\/wp-json\/wp\/v2\/product"}],"about":[{"href":"https:\/\/www.veneciacr.com\/index.php\/wp-json\/wp\/v2\/types\/product"}],"replies":[{"embeddable":true,"href":"https:\/\/www.veneciacr.com\/index.php\/wp-json\/wp\/v2\/comments?post=8221"}],"wp:featuredmedia":[{"embeddable":true,"href":"https:\/\/www.veneciacr.com\/index.php\/wp-json\/wp\/v2\/media\/76915"}],"wp:attachment":[{"href":"https:\/\/www.veneciacr.com\/index.php\/wp-json\/wp\/v2\/media?parent=8221"}],"wp:term":[{"taxonomy":"product_brand","embeddable":true,"href":"https:\/\/www.veneciacr.com\/index.php\/wp-json\/wp\/v2\/product_brand?post=8221"},{"taxonomy":"product_cat","embeddable":true,"href":"https:\/\/www.veneciacr.com\/index.php\/wp-json\/wp\/v2\/product_cat?post=8221"},{"taxonomy":"product_tag","embeddable":true,"href":"https:\/\/www.veneciacr.com\/index.php\/wp-json\/wp\/v2\/product_tag?post=8221"}],"curies":[{"name":"wp","href":"https:\/\/api.w.org\/{rel}","templated":true}]}}