{"id":8216,"date":"2026-04-21T04:18:13","date_gmt":"2026-04-21T10:18:13","guid":{"rendered":"https:\/\/www.veneciacr.com\/index.php\/product\/placa-plastica-ciega-beige-2129v-aguila\/"},"modified":"2026-04-21T04:18:13","modified_gmt":"2026-04-21T10:18:13","slug":"placa-plastica-ciega-beige-2129v-eagle","status":"publish","type":"product","link":"https:\/\/www.veneciacr.com\/index.php\/producto\/placa-plastica-ciega-beige-2129v-eagle\/","title":{"rendered":"PLACA PLASTICA CIEGA BEIGE 2129V EAGLE"},"content":{"rendered":"<table>\n<tbody>\n<tr>\n<td>F\u00e1cil de Limpiar:<\/td>\n<td align=\"left\">S\u00ed<\/td>\n<td><\/td>\n<td>Tornillos Incluidos:<\/td>\n<td align=\"left\">S\u00ed<\/td>\n<\/tr>\n<tr>\n<td>Acorde a NEMA WD-6:<\/td>\n<td align=\"left\">S\u00ed<\/td>\n<td><\/td>\n<td><\/td>\n<td align=\"left\"><\/td>\n<\/tr>\n<tr>\n<td>Modelo:<\/td>\n<td align=\"left\">2129 V<\/td>\n<td><\/td>\n<td>Resistencia:<\/td>\n<td align=\"left\">A Manchas<\/td>\n<\/tr>\n<tr>\n<td>Montaje:<\/td>\n<td align=\"left\">Al Ras<\/td>\n<td><\/td>\n<td>Material de la Placa:<\/td>\n<td align=\"left\">Poliestireno<\/td>\n<\/tr>\n<tr>\n<td>Material de Tornillos:<\/td>\n<td align=\"left\">Met\u00e1licos<\/td>\n<td><\/td>\n<\/tr>\n<\/tbody>\n<\/table>\n","protected":false},"excerpt":{"rendered":"<p>F\u00e1cil de Limpiar: S\u00ed Tornillos Incluidos: S\u00ed Acorde a NEMA WD-6: S\u00ed Modelo: 2129 V Resistencia: A Manchas Montaje: Al<\/p>\n","protected":false},"featured_media":101270,"comment_status":"closed","ping_status":"open","template":"","meta":[],"product_brand":[],"product_cat":[80,157],"product_tag":[],"class_list":{"0":"post-8216","1":"product","2":"type-product","3":"status-publish","4":"has-post-thumbnail","6":"product_cat-electrico","7":"product_cat-plaqueria","9":"first","10":"instock","11":"purchasable","12":"product-type-simple"},"jetpack_sharing_enabled":true,"_links":{"self":[{"href":"https:\/\/www.veneciacr.com\/index.php\/wp-json\/wp\/v2\/product\/8216","targetHints":{"allow":["GET"]}}],"collection":[{"href":"https:\/\/www.veneciacr.com\/index.php\/wp-json\/wp\/v2\/product"}],"about":[{"href":"https:\/\/www.veneciacr.com\/index.php\/wp-json\/wp\/v2\/types\/product"}],"replies":[{"embeddable":true,"href":"https:\/\/www.veneciacr.com\/index.php\/wp-json\/wp\/v2\/comments?post=8216"}],"wp:featuredmedia":[{"embeddable":true,"href":"https:\/\/www.veneciacr.com\/index.php\/wp-json\/wp\/v2\/media\/101270"}],"wp:attachment":[{"href":"https:\/\/www.veneciacr.com\/index.php\/wp-json\/wp\/v2\/media?parent=8216"}],"wp:term":[{"taxonomy":"product_brand","embeddable":true,"href":"https:\/\/www.veneciacr.com\/index.php\/wp-json\/wp\/v2\/product_brand?post=8216"},{"taxonomy":"product_cat","embeddable":true,"href":"https:\/\/www.veneciacr.com\/index.php\/wp-json\/wp\/v2\/product_cat?post=8216"},{"taxonomy":"product_tag","embeddable":true,"href":"https:\/\/www.veneciacr.com\/index.php\/wp-json\/wp\/v2\/product_tag?post=8216"}],"curies":[{"name":"wp","href":"https:\/\/api.w.org\/{rel}","templated":true}]}}