{"id":8212,"date":"2026-04-21T04:18:53","date_gmt":"2026-04-21T10:18:53","guid":{"rendered":"https:\/\/www.veneciacr.com\/index.php\/product\/enchufe-seguridad-lock-20a-3p-4w-l1420p-aguila\/"},"modified":"2026-04-21T04:18:53","modified_gmt":"2026-04-21T10:18:53","slug":"enchufe-seguridad-20a-3p-4w-l1420p-eagle","status":"publish","type":"product","link":"https:\/\/www.veneciacr.com\/index.php\/producto\/enchufe-seguridad-20a-3p-4w-l1420p-eagle\/","title":{"rendered":"ENCHUFE SEGURIDAD 20A 3P 4W L1420P EAGLE"},"content":{"rendered":"<table>\n<tbody>\n<tr>\n<td>Tuercas de Seguridad:<\/td>\n<td align=\"left\">S\u00ed<\/td>\n<td><\/td>\n<td>Tapa Interna Transparente:<\/td>\n<td align=\"left\">S\u00ed<\/td>\n<\/tr>\n<tr>\n<td>Impresi\u00f3n de Configuraci\u00f3n NEMA:<\/td>\n<td align=\"left\">S\u00ed<\/td>\n<td><\/td>\n<td>Grado Industrial:<\/td>\n<td align=\"left\">S\u00ed<\/td>\n<\/tr>\n<tr>\n<td>Material del Cuerpo:<\/td>\n<td align=\"left\">Termopl\u00e1stico<\/td>\n<td><\/td>\n<td>Material de los Contactos:<\/td>\n<td align=\"left\">Bronce<\/td>\n<\/tr>\n<tr>\n<td>Frecuencia:<\/td>\n<td align=\"left\">60 Hz<\/td>\n<td><\/td>\n<td>Cableado:<\/td>\n<td align=\"left\">Tornillo y Tuerca<\/td>\n<\/tr>\n<tr>\n<td>Configuraci\u00f3n:<\/td>\n<td align=\"left\">3 Polos, 4 Hilos<\/td>\n<td><\/td>\n<td>Tipo de Enchufe:<\/td>\n<td align=\"left\">NEMA L1420P<\/td>\n<\/tr>\n<tr>\n<td>Tensi\u00f3n:<\/td>\n<td align=\"left\">125\/250V~<\/td>\n<td><\/td>\n<td>C\u00f3digo NOM:<\/td>\n<td align=\"left\">20DOM01632<\/td>\n<\/tr>\n<tr>\n<td>C\u00f3digo UL:<\/td>\n<td align=\"left\">E237606 (WJ-8420)<\/td>\n<td><\/td>\n<\/tr>\n<\/tbody>\n<\/table>\n","protected":false},"excerpt":{"rendered":"<p>Tuercas de Seguridad: S\u00ed Tapa Interna Transparente: S\u00ed Impresi\u00f3n de Configuraci\u00f3n NEMA: S\u00ed Grado Industrial: S\u00ed Material del Cuerpo: Termopl\u00e1stico<\/p>\n","protected":false},"featured_media":76862,"comment_status":"closed","ping_status":"open","template":"","meta":[],"product_brand":[],"product_cat":[80],"product_tag":[],"class_list":{"0":"post-8212","1":"product","2":"type-product","3":"status-publish","4":"has-post-thumbnail","6":"product_cat-electrico","8":"first","9":"instock","10":"purchasable","11":"product-type-simple"},"jetpack_sharing_enabled":true,"_links":{"self":[{"href":"https:\/\/www.veneciacr.com\/index.php\/wp-json\/wp\/v2\/product\/8212","targetHints":{"allow":["GET"]}}],"collection":[{"href":"https:\/\/www.veneciacr.com\/index.php\/wp-json\/wp\/v2\/product"}],"about":[{"href":"https:\/\/www.veneciacr.com\/index.php\/wp-json\/wp\/v2\/types\/product"}],"replies":[{"embeddable":true,"href":"https:\/\/www.veneciacr.com\/index.php\/wp-json\/wp\/v2\/comments?post=8212"}],"wp:featuredmedia":[{"embeddable":true,"href":"https:\/\/www.veneciacr.com\/index.php\/wp-json\/wp\/v2\/media\/76862"}],"wp:attachment":[{"href":"https:\/\/www.veneciacr.com\/index.php\/wp-json\/wp\/v2\/media?parent=8212"}],"wp:term":[{"taxonomy":"product_brand","embeddable":true,"href":"https:\/\/www.veneciacr.com\/index.php\/wp-json\/wp\/v2\/product_brand?post=8212"},{"taxonomy":"product_cat","embeddable":true,"href":"https:\/\/www.veneciacr.com\/index.php\/wp-json\/wp\/v2\/product_cat?post=8212"},{"taxonomy":"product_tag","embeddable":true,"href":"https:\/\/www.veneciacr.com\/index.php\/wp-json\/wp\/v2\/product_tag?post=8212"}],"curies":[{"name":"wp","href":"https:\/\/api.w.org\/{rel}","templated":true}]}}