{"id":8186,"date":"2026-04-29T02:10:24","date_gmt":"2026-04-29T08:10:24","guid":{"rendered":"https:\/\/www.veneciacr.com\/index.php\/product\/placa-plastica-doble-blanca-2132w-aguila\/"},"modified":"2026-04-29T02:10:24","modified_gmt":"2026-04-29T08:10:24","slug":"placa-plastica-doble-blanca-2132w-eagle","status":"publish","type":"product","link":"https:\/\/www.veneciacr.com\/index.php\/producto\/placa-plastica-doble-blanca-2132w-eagle\/","title":{"rendered":"PLACA PLASTICA DOBLE BLANCA 2132W EAGLE"},"content":{"rendered":"<table>\n<tbody>\n<tr>\n<td>Acabado Resistente a Manchas:<\/td>\n<td align=\"left\">S\u00ed<\/td>\n<td><\/td>\n<td>Tornillos con Ranuras Planas:<\/td>\n<td align=\"left\">S\u00ed<\/td>\n<\/tr>\n<tr>\n<td>Placa de Poliestireno:<\/td>\n<td align=\"left\">S\u00ed<\/td>\n<td><\/td>\n<td>Tornillos Met\u00e1licos:<\/td>\n<td align=\"left\">S\u00ed<\/td>\n<\/tr>\n<tr>\n<td>Cumple con Est\u00e1ndares NEMA WD-6:<\/td>\n<td align=\"left\">S\u00ed<\/td>\n<td><\/td>\n<td><\/td>\n<td align=\"left\"><\/td>\n<\/tr>\n<tr>\n<td>Material de la Placa:<\/td>\n<td align=\"left\">Termopl\u00e1stico<\/td>\n<td><\/td>\n<td>Modelo:<\/td>\n<td align=\"left\">2132 W<\/td>\n<\/tr>\n<tr>\n<td>Resistencia Mec\u00e1nica:<\/td>\n<td align=\"left\">Alta<\/td>\n<\/tr>\n<\/tbody>\n<\/table>\n","protected":false},"excerpt":{"rendered":"<p>Acabado Resistente a Manchas: S\u00ed Tornillos con Ranuras Planas: S\u00ed Placa de Poliestireno: S\u00ed Tornillos Met\u00e1licos: S\u00ed Cumple con Est\u00e1ndares<\/p>\n","protected":false},"featured_media":75206,"comment_status":"closed","ping_status":"open","template":"","meta":[],"product_brand":[],"product_cat":[80,157],"product_tag":[],"class_list":{"0":"post-8186","1":"product","2":"type-product","3":"status-publish","4":"has-post-thumbnail","6":"product_cat-electrico","7":"product_cat-plaqueria","9":"first","10":"instock","11":"purchasable","12":"product-type-simple"},"jetpack_sharing_enabled":true,"_links":{"self":[{"href":"https:\/\/www.veneciacr.com\/index.php\/wp-json\/wp\/v2\/product\/8186","targetHints":{"allow":["GET"]}}],"collection":[{"href":"https:\/\/www.veneciacr.com\/index.php\/wp-json\/wp\/v2\/product"}],"about":[{"href":"https:\/\/www.veneciacr.com\/index.php\/wp-json\/wp\/v2\/types\/product"}],"replies":[{"embeddable":true,"href":"https:\/\/www.veneciacr.com\/index.php\/wp-json\/wp\/v2\/comments?post=8186"}],"wp:featuredmedia":[{"embeddable":true,"href":"https:\/\/www.veneciacr.com\/index.php\/wp-json\/wp\/v2\/media\/75206"}],"wp:attachment":[{"href":"https:\/\/www.veneciacr.com\/index.php\/wp-json\/wp\/v2\/media?parent=8186"}],"wp:term":[{"taxonomy":"product_brand","embeddable":true,"href":"https:\/\/www.veneciacr.com\/index.php\/wp-json\/wp\/v2\/product_brand?post=8186"},{"taxonomy":"product_cat","embeddable":true,"href":"https:\/\/www.veneciacr.com\/index.php\/wp-json\/wp\/v2\/product_cat?post=8186"},{"taxonomy":"product_tag","embeddable":true,"href":"https:\/\/www.veneciacr.com\/index.php\/wp-json\/wp\/v2\/product_tag?post=8186"}],"curies":[{"name":"wp","href":"https:\/\/api.w.org\/{rel}","templated":true}]}}