{"id":8178,"date":"2026-04-21T04:35:50","date_gmt":"2026-04-21T10:35:50","guid":{"rendered":"https:\/\/www.veneciacr.com\/index.php\/product\/placa-plastica-p-interperie-2983-p-interruptor-aguila\/"},"modified":"2026-04-21T04:35:52","modified_gmt":"2026-04-21T10:35:52","slug":"placa-plastica-intemperie-2983-interruptor-eagle","status":"publish","type":"product","link":"https:\/\/www.veneciacr.com\/index.php\/producto\/placa-plastica-intemperie-2983-interruptor-eagle\/","title":{"rendered":"PLACA PLASTICA INTEMPERIE #2983 INTERRUPTOR EAGLE"},"content":{"rendered":"<table>\n<tbody>\n<tr>\n<td><\/td>\n<td align=\"left\"><\/td>\n<td><\/td>\n<td>Modelo:<\/td>\n<td align=\"left\">2983<\/td>\n<\/tr>\n<tr>\n<td>Uso:<\/td>\n<td align=\"left\">Exterior, Condiciones H\u00famedas<\/td>\n<td><\/td>\n<td>Certificaci\u00f3n:<\/td>\n<td align=\"left\">UL 204259<\/td>\n<\/tr>\n<tr>\n<td>Montaje:<\/td>\n<td align=\"left\">Vertical<\/td>\n<td><\/td>\n<td>Incluye:<\/td>\n<td align=\"left\">Tornillos de Instalaci\u00f3n, Empaque<\/td>\n<\/tr>\n<tr>\n<td>Construcci\u00f3n:<\/td>\n<td align=\"left\">Robusta, Ajuste a Superficies Inclinadas<\/td>\n<td><\/td>\n<td>Protecci\u00f3n:<\/td>\n<td align=\"left\">Lluvia, Hielo, Nieve<\/td>\n<\/tr>\n<tr>\n<td>Compatible con:<\/td>\n<td align=\"left\">Interruptores de Gatillo NEMA<\/td>\n<td><\/td>\n<td>Grado de Protecci\u00f3n:<\/td>\n<td align=\"left\">IP54<\/td>\n<\/tr>\n<\/tbody>\n<\/table>\n","protected":false},"excerpt":{"rendered":"<p>Modelo: 2983 Uso: Exterior, Condiciones H\u00famedas Certificaci\u00f3n: UL 204259 Montaje: Vertical Incluye: Tornillos de Instalaci\u00f3n, Empaque Construcci\u00f3n: Robusta, Ajuste a<\/p>\n","protected":false},"featured_media":76489,"comment_status":"closed","ping_status":"open","template":"","meta":[],"product_brand":[],"product_cat":[80,157],"product_tag":[],"class_list":{"0":"post-8178","1":"product","2":"type-product","3":"status-publish","4":"has-post-thumbnail","6":"product_cat-electrico","7":"product_cat-plaqueria","9":"first","10":"instock","11":"purchasable","12":"product-type-simple"},"jetpack_sharing_enabled":true,"_links":{"self":[{"href":"https:\/\/www.veneciacr.com\/index.php\/wp-json\/wp\/v2\/product\/8178","targetHints":{"allow":["GET"]}}],"collection":[{"href":"https:\/\/www.veneciacr.com\/index.php\/wp-json\/wp\/v2\/product"}],"about":[{"href":"https:\/\/www.veneciacr.com\/index.php\/wp-json\/wp\/v2\/types\/product"}],"replies":[{"embeddable":true,"href":"https:\/\/www.veneciacr.com\/index.php\/wp-json\/wp\/v2\/comments?post=8178"}],"wp:featuredmedia":[{"embeddable":true,"href":"https:\/\/www.veneciacr.com\/index.php\/wp-json\/wp\/v2\/media\/76489"}],"wp:attachment":[{"href":"https:\/\/www.veneciacr.com\/index.php\/wp-json\/wp\/v2\/media?parent=8178"}],"wp:term":[{"taxonomy":"product_brand","embeddable":true,"href":"https:\/\/www.veneciacr.com\/index.php\/wp-json\/wp\/v2\/product_brand?post=8178"},{"taxonomy":"product_cat","embeddable":true,"href":"https:\/\/www.veneciacr.com\/index.php\/wp-json\/wp\/v2\/product_cat?post=8178"},{"taxonomy":"product_tag","embeddable":true,"href":"https:\/\/www.veneciacr.com\/index.php\/wp-json\/wp\/v2\/product_tag?post=8178"}],"curies":[{"name":"wp","href":"https:\/\/api.w.org\/{rel}","templated":true}]}}