{"id":8159,"date":"2026-04-29T02:11:15","date_gmt":"2026-04-29T08:11:15","guid":{"rendered":"https:\/\/www.veneciacr.com\/index.php\/product\/regleta-protectora-picos-1138-aguila\/"},"modified":"2026-04-29T02:11:15","modified_gmt":"2026-04-29T08:11:15","slug":"regleta-protectora-picos-1138-eagle","status":"publish","type":"product","link":"https:\/\/www.veneciacr.com\/index.php\/producto\/regleta-protectora-picos-1138-eagle\/","title":{"rendered":"REGLETA PROTECTORA PICOS 1138 EAGLE"},"content":{"rendered":"<table>\n<tbody>\n<tr>\n<td>Luces Indicadoras de Protecci\u00f3n:<\/td>\n<td align=\"left\">S\u00ed<\/td>\n<td><\/td>\n<td>Protecci\u00f3n para L\u00edneas de TV:<\/td>\n<td align=\"left\">S\u00ed<\/td>\n<\/tr>\n<tr>\n<td>Desenrolle el Cable Antes de Usar:<\/td>\n<td align=\"left\">S\u00ed<\/td>\n<td><\/td>\n<td>Mantener Fuera del Alcance de Ni\u00f1os:<\/td>\n<td align=\"left\">S\u00ed<\/td>\n<\/tr>\n<tr>\n<td>Desconectar Manipulando desde la Cabeza del Enchufe:<\/td>\n<td align=\"left\">S\u00ed<\/td>\n<td><\/td>\n<td>Material de los Contactos:<\/td>\n<td align=\"left\">Bronce<\/td>\n<\/tr>\n<tr>\n<td>Material del Cuerpo:<\/td>\n<td align=\"left\">ABS<\/td>\n<td><\/td>\n<td>Compatibilidad:<\/td>\n<td align=\"left\">NEMA 5-15R, NEMA 5-15P<\/td>\n<\/tr>\n<tr>\n<td>Registro UL:<\/td>\n<td align=\"left\">E197161, E135710, E70726<\/td>\n<td><\/td>\n<td>Voltaje de Operaci\u00f3n:<\/td>\n<td align=\"left\">125V~<\/td>\n<\/tr>\n<tr>\n<td>Tipo de Cable:<\/td>\n<td align=\"left\">TSJ 3&#215;14<\/td>\n<td><\/td>\n<td>Puertos USB:<\/td>\n<td align=\"left\">2 (5V~ 2.1A)<\/td>\n<\/tr>\n<tr>\n<td>Usos Recomendados:<\/td>\n<td align=\"left\">Uso en interiores, TV, sonido, c\u00f3mputo, oficina<\/td>\n<td><\/td>\n<td>Breaker:<\/td>\n<td align=\"left\">15A<\/td>\n<\/tr>\n<tr>\n<td>Material del Conductor:<\/td>\n<td align=\"left\">Cobre<\/td>\n<td><\/td>\n<td>Joules de Absorci\u00f3n:<\/td>\n<td align=\"left\">2300J<\/td>\n<\/tr>\n<tr>\n<td>Tiempo de Respuesta:<\/td>\n<td align=\"left\">Menos de 1 nanosegundo<\/td>\n<td><\/td>\n<td>No Utilizar en:<\/td>\n<td align=\"left\">Exteriores, condiciones h\u00famedas, derrames de aceite<\/td>\n<\/tr>\n<tr>\n<td>Salida de Tomacorrientes:<\/td>\n<td align=\"left\">8 (NEMA 5-15R)<\/td>\n<td><\/td>\n<td>Pico M\u00e1ximo de Voltaje:<\/td>\n<td align=\"left\">6000V<\/td>\n<\/tr>\n<tr>\n<td>Pico M\u00e1ximo de Corriente:<\/td>\n<td align=\"left\">195A<\/td>\n<td><\/td>\n<td>Filtro EMI \/ RFI:<\/td>\n<td align=\"left\">4 a 52 dB, 100 KHz a 50 MHz<\/td>\n<\/tr>\n<tr>\n<td>Longitud de Cable:<\/td>\n<td align=\"left\">90 cm (3 pies)<\/td>\n<\/tr>\n<\/tbody>\n<\/table>\n","protected":false},"excerpt":{"rendered":"<p>Luces Indicadoras de Protecci\u00f3n: S\u00ed Protecci\u00f3n para L\u00edneas de TV: S\u00ed Desenrolle el Cable Antes de Usar: S\u00ed Mantener Fuera<\/p>\n","protected":false},"featured_media":100870,"comment_status":"closed","ping_status":"open","template":"","meta":[],"product_brand":[],"product_cat":[80],"product_tag":[],"class_list":{"0":"post-8159","1":"product","2":"type-product","3":"status-publish","4":"has-post-thumbnail","6":"product_cat-electrico","8":"first","9":"instock","10":"purchasable","11":"product-type-simple"},"jetpack_sharing_enabled":true,"_links":{"self":[{"href":"https:\/\/www.veneciacr.com\/index.php\/wp-json\/wp\/v2\/product\/8159","targetHints":{"allow":["GET"]}}],"collection":[{"href":"https:\/\/www.veneciacr.com\/index.php\/wp-json\/wp\/v2\/product"}],"about":[{"href":"https:\/\/www.veneciacr.com\/index.php\/wp-json\/wp\/v2\/types\/product"}],"replies":[{"embeddable":true,"href":"https:\/\/www.veneciacr.com\/index.php\/wp-json\/wp\/v2\/comments?post=8159"}],"wp:featuredmedia":[{"embeddable":true,"href":"https:\/\/www.veneciacr.com\/index.php\/wp-json\/wp\/v2\/media\/100870"}],"wp:attachment":[{"href":"https:\/\/www.veneciacr.com\/index.php\/wp-json\/wp\/v2\/media?parent=8159"}],"wp:term":[{"taxonomy":"product_brand","embeddable":true,"href":"https:\/\/www.veneciacr.com\/index.php\/wp-json\/wp\/v2\/product_brand?post=8159"},{"taxonomy":"product_cat","embeddable":true,"href":"https:\/\/www.veneciacr.com\/index.php\/wp-json\/wp\/v2\/product_cat?post=8159"},{"taxonomy":"product_tag","embeddable":true,"href":"https:\/\/www.veneciacr.com\/index.php\/wp-json\/wp\/v2\/product_tag?post=8159"}],"curies":[{"name":"wp","href":"https:\/\/api.w.org\/{rel}","templated":true}]}}