{"id":81076,"date":"2026-04-21T03:06:01","date_gmt":"2026-04-21T09:06:01","guid":{"rendered":"https:\/\/www.veneciacr.com\/index.php\/producto\/disco-diamantado-cont-4-76722-tolsen\/"},"modified":"2026-04-21T03:06:03","modified_gmt":"2026-04-21T09:06:03","slug":"disco-diamantado-cont-4-1-2-76722-tolsen","status":"publish","type":"product","link":"https:\/\/www.veneciacr.com\/index.php\/producto\/disco-diamantado-cont-4-1-2-76722-tolsen\/","title":{"rendered":"DISCO DIAMANTADO CONT 4 1\/2&#8243; 76722 TOLSEN"},"content":{"rendered":"<p><span dir=\"auto\">\u2022 Ancho de la hoja: 7,5 mm<\/span><\/p>\n<table width=\"437\">\n<tbody>\n<tr>\n<td><span dir=\"auto\">N\u00daMERO DE STOCK<\/span><\/td>\n<td><span dir=\"auto\">TAMA\u00d1O<\/span><\/td>\n<td><span dir=\"auto\">RPM M\u00c1X.<\/span><\/td>\n<td><\/td>\n<\/tr>\n<tr>\n<td><\/td>\n<td><\/td>\n<td><\/td>\n<td><\/td>\n<\/tr>\n<tr>\n<td><span dir=\"auto\">76722<\/span><\/td>\n<td><span dir=\"auto\">115\u00d722,2 mm 4-1\/2\u00a0<\/span><span dir=\"auto\">&#8220;<\/span><span dir=\"auto\">\u00a0x 7\/8\u00a0<\/span><span dir=\"auto\">&#8220;<\/span><\/td>\n<td><span dir=\"auto\">13.300<\/span><\/td>\n<td><\/td>\n<\/tr>\n<tr>\n<td><\/td>\n<td><\/td>\n<td><\/td>\n<td><\/td>\n<\/tr>\n<tr>\n<td><\/td>\n<td><\/td>\n<td><\/td>\n<td><\/td>\n<\/tr>\n<tr>\n<td><\/td>\n<td><\/td>\n<td><\/td>\n<td><\/td>\n<\/tr>\n<\/tbody>\n<\/table>\n","protected":false},"excerpt":{"rendered":"<p>\u2022 Ancho de la hoja: 7,5 mm N\u00daMERO DE STOCK TAMA\u00d1O RPM M\u00c1X. 76722 115\u00d722,2 mm 4-1\/2\u00a0&#8220;\u00a0x 7\/8\u00a0&#8220; 13.300<\/p>\n","protected":false},"featured_media":81077,"comment_status":"closed","ping_status":"open","template":"","meta":[],"product_brand":[],"product_cat":[86,23],"product_tag":[],"class_list":{"0":"post-81076","1":"product","2":"type-product","3":"status-publish","4":"has-post-thumbnail","6":"product_cat-accesorios-para-herramientas-electricas","7":"product_cat-herramientas","9":"first","10":"outofstock","11":"purchasable","12":"product-type-simple"},"jetpack_sharing_enabled":true,"_links":{"self":[{"href":"https:\/\/www.veneciacr.com\/index.php\/wp-json\/wp\/v2\/product\/81076","targetHints":{"allow":["GET"]}}],"collection":[{"href":"https:\/\/www.veneciacr.com\/index.php\/wp-json\/wp\/v2\/product"}],"about":[{"href":"https:\/\/www.veneciacr.com\/index.php\/wp-json\/wp\/v2\/types\/product"}],"replies":[{"embeddable":true,"href":"https:\/\/www.veneciacr.com\/index.php\/wp-json\/wp\/v2\/comments?post=81076"}],"wp:featuredmedia":[{"embeddable":true,"href":"https:\/\/www.veneciacr.com\/index.php\/wp-json\/wp\/v2\/media\/81077"}],"wp:attachment":[{"href":"https:\/\/www.veneciacr.com\/index.php\/wp-json\/wp\/v2\/media?parent=81076"}],"wp:term":[{"taxonomy":"product_brand","embeddable":true,"href":"https:\/\/www.veneciacr.com\/index.php\/wp-json\/wp\/v2\/product_brand?post=81076"},{"taxonomy":"product_cat","embeddable":true,"href":"https:\/\/www.veneciacr.com\/index.php\/wp-json\/wp\/v2\/product_cat?post=81076"},{"taxonomy":"product_tag","embeddable":true,"href":"https:\/\/www.veneciacr.com\/index.php\/wp-json\/wp\/v2\/product_tag?post=81076"}],"curies":[{"name":"wp","href":"https:\/\/api.w.org\/{rel}","templated":true}]}}