{"id":8107,"date":"2026-05-13T02:11:49","date_gmt":"2026-05-13T08:11:49","guid":{"rendered":"https:\/\/www.veneciacr.com\/index.php\/product\/conector-p-cable-8-14-azul-99-4-aguila\/"},"modified":"2026-05-13T02:11:49","modified_gmt":"2026-05-13T08:11:49","slug":"conector-cable-8-14-gris-99-4-eagle","status":"publish","type":"product","link":"https:\/\/www.veneciacr.com\/index.php\/producto\/conector-cable-8-14-gris-99-4-eagle\/","title":{"rendered":"CONECTOR CABLE 8-14 GRIS 99-4 EAGLE"},"content":{"rendered":"<div class=\"StyleWrapper_wrapper \">\n<div class=\"Details_description\">\n<div id=\"description_i8g8c3zru\" class=\"fr-view\">Simplifica tus conexiones el\u00e9ctricas con el Conector para Cable 8 al 14 99-4 de EAGLE. Dise\u00f1ado para garantizar una conexi\u00f3n segura, este conector es perfecto para cables del 14 al 8 AWG. Con su cuerpo de policarbonato duradero, proporciona confiabilidad y resistencia a lo largo del tiempo.<\/div>\n<\/div>\n<\/div>\n<div class=\"StyleWrapper_wrapper \">\n<h2>Especificaciones<\/h2>\n<div id=\"ML_mainId\">\n<table>\n<tbody>\n<tr>\n<td>Material del cuerpo:<\/td>\n<td align=\"left\">Policarbonato<\/td>\n<td><\/td>\n<td>Modelo:<\/td>\n<td align=\"left\">99-4<\/td>\n<\/tr>\n<tr>\n<td>Conexi\u00f3n:<\/td>\n<td align=\"left\">Permite una conexi\u00f3n segura de los cables<\/td>\n<td><\/td>\n<td><\/td>\n<td align=\"left\"><\/td>\n<\/tr>\n<tr>\n<td>Registro:<\/td>\n<td align=\"left\">UL E113650 (P15)<\/td>\n<td><\/td>\n<td>Uso con cable:<\/td>\n<td align=\"left\">14 al 8 AWG<\/td>\n<\/tr>\n<\/tbody>\n<\/table>\n<\/div>\n<\/div>\n","protected":false},"excerpt":{"rendered":"<p>Simplifica tus conexiones el\u00e9ctricas con el Conector para Cable 8 al 14 99-4 de EAGLE. Dise\u00f1ado para garantizar una conexi\u00f3n<\/p>\n","protected":false},"featured_media":75656,"comment_status":"closed","ping_status":"open","template":"","meta":[],"product_brand":[],"product_cat":[80],"product_tag":[],"class_list":{"0":"post-8107","1":"product","2":"type-product","3":"status-publish","4":"has-post-thumbnail","6":"product_cat-electrico","8":"first","9":"instock","10":"purchasable","11":"product-type-simple"},"jetpack_sharing_enabled":true,"_links":{"self":[{"href":"https:\/\/www.veneciacr.com\/index.php\/wp-json\/wp\/v2\/product\/8107","targetHints":{"allow":["GET"]}}],"collection":[{"href":"https:\/\/www.veneciacr.com\/index.php\/wp-json\/wp\/v2\/product"}],"about":[{"href":"https:\/\/www.veneciacr.com\/index.php\/wp-json\/wp\/v2\/types\/product"}],"replies":[{"embeddable":true,"href":"https:\/\/www.veneciacr.com\/index.php\/wp-json\/wp\/v2\/comments?post=8107"}],"wp:featuredmedia":[{"embeddable":true,"href":"https:\/\/www.veneciacr.com\/index.php\/wp-json\/wp\/v2\/media\/75656"}],"wp:attachment":[{"href":"https:\/\/www.veneciacr.com\/index.php\/wp-json\/wp\/v2\/media?parent=8107"}],"wp:term":[{"taxonomy":"product_brand","embeddable":true,"href":"https:\/\/www.veneciacr.com\/index.php\/wp-json\/wp\/v2\/product_brand?post=8107"},{"taxonomy":"product_cat","embeddable":true,"href":"https:\/\/www.veneciacr.com\/index.php\/wp-json\/wp\/v2\/product_cat?post=8107"},{"taxonomy":"product_tag","embeddable":true,"href":"https:\/\/www.veneciacr.com\/index.php\/wp-json\/wp\/v2\/product_tag?post=8107"}],"curies":[{"name":"wp","href":"https:\/\/api.w.org\/{rel}","templated":true}]}}