{"id":81056,"date":"2026-04-21T03:06:09","date_gmt":"2026-04-21T09:06:09","guid":{"rendered":"https:\/\/www.veneciacr.com\/index.php\/producto\/gata-carretillo-hidraulica-2-ton-65462-tolsen\/"},"modified":"2026-04-21T03:06:09","modified_gmt":"2026-04-21T09:06:09","slug":"gata-carretillo-hidraulica-2-ton-65462-tolsen","status":"publish","type":"product","link":"https:\/\/www.veneciacr.com\/index.php\/producto\/gata-carretillo-hidraulica-2-ton-65462-tolsen\/","title":{"rendered":"GATA CARRETILLO HIDRAULICA 2 TON 65462 TOLSEN"},"content":{"rendered":"<p><span dir=\"auto\">Homologaci\u00f3n CE<\/span><br \/>\n<span dir=\"auto\">\u2022 Embalaje: caja de color<\/span><\/p>\n<table border=\"1\">\n<tbody>\n<tr>\n<td><span dir=\"auto\">N\u00daMERO DE STOCK<\/span><\/td>\n<td><span dir=\"auto\">CAPACIDAD<\/span><\/td>\n<td><span dir=\"auto\">ALTURA M\u00cdNIMA<\/span><\/td>\n<td><span dir=\"auto\">ALTURA M\u00c1XIMA<\/span><\/td>\n<td><span dir=\"auto\">PESO NETO<\/span><\/td>\n<td><\/td>\n<\/tr>\n<tr>\n<td><span dir=\"auto\">65462<\/span><\/td>\n<td><span dir=\"auto\">2 toneladas<\/span><\/td>\n<td><span dir=\"auto\">135 mm<\/span><\/td>\n<td><span dir=\"auto\">330 mm<\/span><\/td>\n<td><span dir=\"auto\">8,5 kg<\/span><\/td>\n<td><\/td>\n<\/tr>\n<tr>\n<td><\/td>\n<td><\/td>\n<td><\/td>\n<td><\/td>\n<td><\/td>\n<td><\/td>\n<\/tr>\n<\/tbody>\n<\/table>\n","protected":false},"excerpt":{"rendered":"<p>Homologaci\u00f3n CE \u2022 Embalaje: caja de color N\u00daMERO DE STOCK CAPACIDAD ALTURA M\u00cdNIMA ALTURA M\u00c1XIMA PESO NETO 65462 2 toneladas<\/p>\n","protected":false},"featured_media":81057,"comment_status":"closed","ping_status":"open","template":"","meta":[],"product_brand":[],"product_cat":[15],"product_tag":[],"class_list":{"0":"post-81056","1":"product","2":"type-product","3":"status-publish","4":"has-post-thumbnail","6":"product_cat-uncategorized","8":"first","9":"outofstock","10":"purchasable","11":"product-type-simple"},"jetpack_sharing_enabled":true,"_links":{"self":[{"href":"https:\/\/www.veneciacr.com\/index.php\/wp-json\/wp\/v2\/product\/81056","targetHints":{"allow":["GET"]}}],"collection":[{"href":"https:\/\/www.veneciacr.com\/index.php\/wp-json\/wp\/v2\/product"}],"about":[{"href":"https:\/\/www.veneciacr.com\/index.php\/wp-json\/wp\/v2\/types\/product"}],"replies":[{"embeddable":true,"href":"https:\/\/www.veneciacr.com\/index.php\/wp-json\/wp\/v2\/comments?post=81056"}],"wp:featuredmedia":[{"embeddable":true,"href":"https:\/\/www.veneciacr.com\/index.php\/wp-json\/wp\/v2\/media\/81057"}],"wp:attachment":[{"href":"https:\/\/www.veneciacr.com\/index.php\/wp-json\/wp\/v2\/media?parent=81056"}],"wp:term":[{"taxonomy":"product_brand","embeddable":true,"href":"https:\/\/www.veneciacr.com\/index.php\/wp-json\/wp\/v2\/product_brand?post=81056"},{"taxonomy":"product_cat","embeddable":true,"href":"https:\/\/www.veneciacr.com\/index.php\/wp-json\/wp\/v2\/product_cat?post=81056"},{"taxonomy":"product_tag","embeddable":true,"href":"https:\/\/www.veneciacr.com\/index.php\/wp-json\/wp\/v2\/product_tag?post=81056"}],"curies":[{"name":"wp","href":"https:\/\/api.w.org\/{rel}","templated":true}]}}