{"id":80848,"date":"2026-04-21T03:07:16","date_gmt":"2026-04-21T09:07:16","guid":{"rendered":"https:\/\/www.veneciacr.com\/index.php\/producto\/jgo-destornilladores-p-joyero-20031-tolsen\/"},"modified":"2026-04-21T03:07:17","modified_gmt":"2026-04-21T09:07:17","slug":"set-destornilladores-joyero-20031-tolsen","status":"publish","type":"product","link":"https:\/\/www.veneciacr.com\/index.php\/producto\/set-destornilladores-joyero-20031-tolsen\/","title":{"rendered":"SET DESTORNILLADORES JOYERO 20031 TOLSEN"},"content":{"rendered":"<p>Embalaje: caja de pl\u00e1stico + caja de color<\/p>\n<p>N\u00daMERO DE STOCK TAMA\u00d1O<br \/>\n20031 1,4&#215;0,5, 2,0&#215;0,5, 2,4&#215;0,6, 3,0&#215;0,6; PH0, PH1<\/p>\n","protected":false},"excerpt":{"rendered":"<p>Embalaje: caja de pl\u00e1stico + caja de color N\u00daMERO DE STOCK TAMA\u00d1O 20031 1,4&#215;0,5, 2,0&#215;0,5, 2,4&#215;0,6, 3,0&#215;0,6; PH0, PH1<\/p>\n","protected":false},"featured_media":80849,"comment_status":"closed","ping_status":"open","template":"","meta":[],"product_brand":[],"product_cat":[23,24],"product_tag":[],"class_list":{"0":"post-80848","1":"product","2":"type-product","3":"status-publish","4":"has-post-thumbnail","6":"product_cat-herramientas","7":"product_cat-herramientas-manuales","9":"first","10":"outofstock","11":"purchasable","12":"product-type-simple"},"jetpack_sharing_enabled":true,"_links":{"self":[{"href":"https:\/\/www.veneciacr.com\/index.php\/wp-json\/wp\/v2\/product\/80848","targetHints":{"allow":["GET"]}}],"collection":[{"href":"https:\/\/www.veneciacr.com\/index.php\/wp-json\/wp\/v2\/product"}],"about":[{"href":"https:\/\/www.veneciacr.com\/index.php\/wp-json\/wp\/v2\/types\/product"}],"replies":[{"embeddable":true,"href":"https:\/\/www.veneciacr.com\/index.php\/wp-json\/wp\/v2\/comments?post=80848"}],"wp:featuredmedia":[{"embeddable":true,"href":"https:\/\/www.veneciacr.com\/index.php\/wp-json\/wp\/v2\/media\/80849"}],"wp:attachment":[{"href":"https:\/\/www.veneciacr.com\/index.php\/wp-json\/wp\/v2\/media?parent=80848"}],"wp:term":[{"taxonomy":"product_brand","embeddable":true,"href":"https:\/\/www.veneciacr.com\/index.php\/wp-json\/wp\/v2\/product_brand?post=80848"},{"taxonomy":"product_cat","embeddable":true,"href":"https:\/\/www.veneciacr.com\/index.php\/wp-json\/wp\/v2\/product_cat?post=80848"},{"taxonomy":"product_tag","embeddable":true,"href":"https:\/\/www.veneciacr.com\/index.php\/wp-json\/wp\/v2\/product_tag?post=80848"}],"curies":[{"name":"wp","href":"https:\/\/api.w.org\/{rel}","templated":true}]}}