{"id":80833,"date":"2026-04-28T01:59:54","date_gmt":"2026-04-28T07:59:54","guid":{"rendered":"https:\/\/www.veneciacr.com\/index.php\/producto\/destornillador-plano-1-4-x-6-20004-tolsen\/"},"modified":"2026-04-28T01:59:55","modified_gmt":"2026-04-28T07:59:55","slug":"destornillador-plano-1-4-x-6-20004-tolsen","status":"publish","type":"product","link":"https:\/\/www.veneciacr.com\/index.php\/producto\/destornillador-plano-1-4-x-6-20004-tolsen\/","title":{"rendered":"DESTORNILLADOR PLANO 1\/4&#8243; X 6&#8243; 20004 TOLSEN"},"content":{"rendered":"<p><span dir=\"auto\">CrV<\/span><br \/>\n<span dir=\"auto\">\u2022 Empu\u00f1adura c\u00f3moda de dos componentes<\/span><br \/>\n<span dir=\"auto\">\u2022 Punta magn\u00e9tica con acabado negro<\/span><\/p>\n<table>\n<tbody>\n<tr>\n<td><span dir=\"auto\">N\u00daMERO DE STOCK<\/span><\/td>\n<td><span dir=\"auto\">TAMA\u00d1O<\/span><\/td>\n<td><\/td>\n<\/tr>\n<tr>\n<td><\/td>\n<td><\/td>\n<td><\/td>\n<\/tr>\n<tr>\n<td><\/td>\n<td><\/td>\n<td><\/td>\n<\/tr>\n<tr>\n<td><\/td>\n<td><\/td>\n<td><\/td>\n<\/tr>\n<tr>\n<td><\/td>\n<td><\/td>\n<td><\/td>\n<\/tr>\n<tr>\n<td><span dir=\"auto\">20004<\/span><\/td>\n<td><span dir=\"auto\">6,5 x 150 mm<\/span><\/td>\n<td><\/td>\n<\/tr>\n<\/tbody>\n<\/table>\n","protected":false},"excerpt":{"rendered":"<p>CrV \u2022 Empu\u00f1adura c\u00f3moda de dos componentes \u2022 Punta magn\u00e9tica con acabado negro N\u00daMERO DE STOCK TAMA\u00d1O 20004 6,5 x<\/p>\n","protected":false},"featured_media":80834,"comment_status":"closed","ping_status":"open","template":"","meta":[],"product_brand":[],"product_cat":[23,24],"product_tag":[],"class_list":{"0":"post-80833","1":"product","2":"type-product","3":"status-publish","4":"has-post-thumbnail","6":"product_cat-herramientas","7":"product_cat-herramientas-manuales","9":"first","10":"instock","11":"purchasable","12":"product-type-simple"},"jetpack_sharing_enabled":true,"_links":{"self":[{"href":"https:\/\/www.veneciacr.com\/index.php\/wp-json\/wp\/v2\/product\/80833","targetHints":{"allow":["GET"]}}],"collection":[{"href":"https:\/\/www.veneciacr.com\/index.php\/wp-json\/wp\/v2\/product"}],"about":[{"href":"https:\/\/www.veneciacr.com\/index.php\/wp-json\/wp\/v2\/types\/product"}],"replies":[{"embeddable":true,"href":"https:\/\/www.veneciacr.com\/index.php\/wp-json\/wp\/v2\/comments?post=80833"}],"wp:featuredmedia":[{"embeddable":true,"href":"https:\/\/www.veneciacr.com\/index.php\/wp-json\/wp\/v2\/media\/80834"}],"wp:attachment":[{"href":"https:\/\/www.veneciacr.com\/index.php\/wp-json\/wp\/v2\/media?parent=80833"}],"wp:term":[{"taxonomy":"product_brand","embeddable":true,"href":"https:\/\/www.veneciacr.com\/index.php\/wp-json\/wp\/v2\/product_brand?post=80833"},{"taxonomy":"product_cat","embeddable":true,"href":"https:\/\/www.veneciacr.com\/index.php\/wp-json\/wp\/v2\/product_cat?post=80833"},{"taxonomy":"product_tag","embeddable":true,"href":"https:\/\/www.veneciacr.com\/index.php\/wp-json\/wp\/v2\/product_tag?post=80833"}],"curies":[{"name":"wp","href":"https:\/\/api.w.org\/{rel}","templated":true}]}}