{"id":80815,"date":"2026-04-29T02:02:12","date_gmt":"2026-04-29T08:02:12","guid":{"rendered":"https:\/\/www.veneciacr.com\/index.php\/producto\/extension-cubo-1-2-x-5-15127-tolsen\/"},"modified":"2026-04-29T02:02:12","modified_gmt":"2026-04-29T08:02:12","slug":"extension-cubo-1-2-x-5-15127-tolsen","status":"publish","type":"product","link":"https:\/\/www.veneciacr.com\/index.php\/producto\/extension-cubo-1-2-x-5-15127-tolsen\/","title":{"rendered":"EXTENSION CUBO 1\/2 X 5&#8243; 15127 TOLSEN"},"content":{"rendered":"<p><span dir=\"auto\">CrV<\/span><br \/>\n<span dir=\"auto\">\u2022 Acabado satinado<\/span><br \/>\n<span dir=\"auto\">\u2022 Embalaje: percha de pl\u00e1stico con etiqueta de color<\/span><\/p>\n<table>\n<tbody>\n<tr>\n<td><span dir=\"auto\">N\u00daMERO DE STOCK<\/span><\/td>\n<td><span dir=\"auto\">TAMA\u00d1O<\/span><\/td>\n<td><\/td>\n<\/tr>\n<tr>\n<td><\/td>\n<td><\/td>\n<td><\/td>\n<\/tr>\n<tr>\n<td><\/td>\n<td><\/td>\n<td><\/td>\n<\/tr>\n<tr>\n<td><span dir=\"auto\">15127<\/span><\/td>\n<td><span dir=\"auto\">1\/2\u2033 x 125 mm (5\u2033)<\/span><\/td>\n<td><\/td>\n<\/tr>\n<\/tbody>\n<\/table>\n","protected":false},"excerpt":{"rendered":"<p>CrV \u2022 Acabado satinado \u2022 Embalaje: percha de pl\u00e1stico con etiqueta de color N\u00daMERO DE STOCK TAMA\u00d1O 15127 1\/2\u2033 x<\/p>\n","protected":false},"featured_media":80816,"comment_status":"closed","ping_status":"open","template":"","meta":[],"product_brand":[],"product_cat":[114,85,23],"product_tag":[],"class_list":{"0":"post-80815","1":"product","2":"type-product","3":"status-publish","4":"has-post-thumbnail","6":"product_cat-extensiones-para-cubo","7":"product_cat-automotriz","8":"product_cat-herramientas","10":"first","11":"instock","12":"purchasable","13":"product-type-simple"},"jetpack_sharing_enabled":true,"_links":{"self":[{"href":"https:\/\/www.veneciacr.com\/index.php\/wp-json\/wp\/v2\/product\/80815","targetHints":{"allow":["GET"]}}],"collection":[{"href":"https:\/\/www.veneciacr.com\/index.php\/wp-json\/wp\/v2\/product"}],"about":[{"href":"https:\/\/www.veneciacr.com\/index.php\/wp-json\/wp\/v2\/types\/product"}],"replies":[{"embeddable":true,"href":"https:\/\/www.veneciacr.com\/index.php\/wp-json\/wp\/v2\/comments?post=80815"}],"wp:featuredmedia":[{"embeddable":true,"href":"https:\/\/www.veneciacr.com\/index.php\/wp-json\/wp\/v2\/media\/80816"}],"wp:attachment":[{"href":"https:\/\/www.veneciacr.com\/index.php\/wp-json\/wp\/v2\/media?parent=80815"}],"wp:term":[{"taxonomy":"product_brand","embeddable":true,"href":"https:\/\/www.veneciacr.com\/index.php\/wp-json\/wp\/v2\/product_brand?post=80815"},{"taxonomy":"product_cat","embeddable":true,"href":"https:\/\/www.veneciacr.com\/index.php\/wp-json\/wp\/v2\/product_cat?post=80815"},{"taxonomy":"product_tag","embeddable":true,"href":"https:\/\/www.veneciacr.com\/index.php\/wp-json\/wp\/v2\/product_tag?post=80815"}],"curies":[{"name":"wp","href":"https:\/\/api.w.org\/{rel}","templated":true}]}}