{"id":80788,"date":"2026-04-21T03:07:35","date_gmt":"2026-04-21T09:07:35","guid":{"rendered":"https:\/\/www.veneciacr.com\/index.php\/producto\/llave-francesa-10-15003-tolsen\/"},"modified":"2026-04-21T03:07:37","modified_gmt":"2026-04-21T09:07:37","slug":"llave-francesa-10-15003-tolsen","status":"publish","type":"product","link":"https:\/\/www.veneciacr.com\/index.php\/producto\/llave-francesa-10-15003-tolsen\/","title":{"rendered":"LLAVE FRANCESA 10&#8243; 15003 TOLSEN"},"content":{"rendered":"<p><span dir=\"auto\">Acabado cromado<\/span><br \/>\n<span dir=\"auto\">\u2022 Embalaje: bolsa de polietileno + etiqueta colgante<\/span><\/p>\n<table>\n<tbody>\n<tr>\n<td><span dir=\"auto\">N\u00daMERO DE STOCK<\/span><\/td>\n<td><span dir=\"auto\">TAMA\u00d1O<\/span><\/td>\n<td><span dir=\"auto\">APERTURA M\u00c1XIMA DE LAS MAND\u00cdBULAS<\/span><\/td>\n<td><\/td>\n<\/tr>\n<tr>\n<td><\/td>\n<td><\/td>\n<td><\/td>\n<td><\/td>\n<\/tr>\n<tr>\n<td><\/td>\n<td><\/td>\n<td><\/td>\n<td><\/td>\n<\/tr>\n<tr>\n<td><span dir=\"auto\">15003<\/span><\/td>\n<td><span dir=\"auto\">250 mm, 10\u2033<\/span><\/td>\n<td><span dir=\"auto\">30 mm, 1-3\/16\u2033<\/span><\/td>\n<td><\/td>\n<\/tr>\n<\/tbody>\n<\/table>\n","protected":false},"excerpt":{"rendered":"<p>Acabado cromado \u2022 Embalaje: bolsa de polietileno + etiqueta colgante N\u00daMERO DE STOCK TAMA\u00d1O APERTURA M\u00c1XIMA DE LAS MAND\u00cdBULAS 15003<\/p>\n","protected":false},"featured_media":80786,"comment_status":"closed","ping_status":"open","template":"","meta":[],"product_brand":[],"product_cat":[15],"product_tag":[],"class_list":{"0":"post-80788","1":"product","2":"type-product","3":"status-publish","4":"has-post-thumbnail","6":"product_cat-uncategorized","8":"first","9":"outofstock","10":"purchasable","11":"product-type-simple"},"jetpack_sharing_enabled":true,"_links":{"self":[{"href":"https:\/\/www.veneciacr.com\/index.php\/wp-json\/wp\/v2\/product\/80788","targetHints":{"allow":["GET"]}}],"collection":[{"href":"https:\/\/www.veneciacr.com\/index.php\/wp-json\/wp\/v2\/product"}],"about":[{"href":"https:\/\/www.veneciacr.com\/index.php\/wp-json\/wp\/v2\/types\/product"}],"replies":[{"embeddable":true,"href":"https:\/\/www.veneciacr.com\/index.php\/wp-json\/wp\/v2\/comments?post=80788"}],"wp:featuredmedia":[{"embeddable":true,"href":"https:\/\/www.veneciacr.com\/index.php\/wp-json\/wp\/v2\/media\/80786"}],"wp:attachment":[{"href":"https:\/\/www.veneciacr.com\/index.php\/wp-json\/wp\/v2\/media?parent=80788"}],"wp:term":[{"taxonomy":"product_brand","embeddable":true,"href":"https:\/\/www.veneciacr.com\/index.php\/wp-json\/wp\/v2\/product_brand?post=80788"},{"taxonomy":"product_cat","embeddable":true,"href":"https:\/\/www.veneciacr.com\/index.php\/wp-json\/wp\/v2\/product_cat?post=80788"},{"taxonomy":"product_tag","embeddable":true,"href":"https:\/\/www.veneciacr.com\/index.php\/wp-json\/wp\/v2\/product_tag?post=80788"}],"curies":[{"name":"wp","href":"https:\/\/api.w.org\/{rel}","templated":true}]}}