{"id":8062,"date":"2026-04-21T05:46:36","date_gmt":"2026-04-21T11:46:36","guid":{"rendered":"https:\/\/www.veneciacr.com\/index.php\/product\/extension-p-mecanico-2x18-15m-50-1078-50-aguila\/"},"modified":"2026-04-21T05:46:38","modified_gmt":"2026-04-21T11:46:38","slug":"extension-mecanico-2x18-15m-50-1078-50-eagle","status":"publish","type":"product","link":"https:\/\/www.veneciacr.com\/index.php\/producto\/extension-mecanico-2x18-15m-50-1078-50-eagle\/","title":{"rendered":"EXTENSION MECANICO 2X18 15M-50&#8243; 1078-50 EAGLE"},"content":{"rendered":"<table>\n<tbody>\n<tr>\n<td>Protector de Pl\u00e1stico:<\/td>\n<td align=\"left\">S\u00ed<\/td>\n<td><\/td>\n<td>Mango:<\/td>\n<td align=\"left\">S\u00ed<\/td>\n<\/tr>\n<tr>\n<td>Interruptor de Encendido:<\/td>\n<td align=\"left\">S\u00ed<\/td>\n<td><\/td>\n<td>Longitud:<\/td>\n<td align=\"left\">50 pies (15 m)<\/td>\n<\/tr>\n<tr>\n<td>Certificaci\u00f3n:<\/td>\n<td align=\"left\">NOM: 21DOM00946<\/td>\n<td><\/td>\n<td>Capacidad de Corriente:<\/td>\n<td align=\"left\">13 amperios<\/td>\n<\/tr>\n<tr>\n<td>Potencia M\u00e1xima:<\/td>\n<td align=\"left\">75W<\/td>\n<td><\/td>\n<td>Material de los Contactos:<\/td>\n<td align=\"left\">Lat\u00f3n<\/td>\n<\/tr>\n<tr>\n<td>Voltaje Nominal:<\/td>\n<td align=\"left\">127 voltios<\/td>\n<td><\/td>\n<td>Material de la Cubierta:<\/td>\n<td align=\"left\">PVC<\/td>\n<\/tr>\n<tr>\n<td>Tipo de Rosca:<\/td>\n<td align=\"left\">E27<\/td>\n<td><\/td>\n<td>Temperatura M\u00e1xima:<\/td>\n<td align=\"left\">60\u00b0C<\/td>\n<\/tr>\n<tr>\n<td>Tipo de Cable:<\/td>\n<td align=\"left\">TSJ 2&#215;16 AWG<\/td>\n<td><\/td>\n<td>Material del Cuerpo del Pu\u00f1o:<\/td>\n<td align=\"left\">PVC<\/td>\n<\/tr>\n<\/tbody>\n<\/table>\n","protected":false},"excerpt":{"rendered":"<p>Protector de Pl\u00e1stico: S\u00ed Mango: S\u00ed Interruptor de Encendido: S\u00ed Longitud: 50 pies (15 m) Certificaci\u00f3n: NOM: 21DOM00946 Capacidad de<\/p>\n","protected":false},"featured_media":75221,"comment_status":"closed","ping_status":"open","template":"","meta":[],"product_brand":[],"product_cat":[80],"product_tag":[],"class_list":{"0":"post-8062","1":"product","2":"type-product","3":"status-publish","4":"has-post-thumbnail","6":"product_cat-electrico","8":"first","9":"instock","10":"purchasable","11":"product-type-simple"},"jetpack_sharing_enabled":true,"_links":{"self":[{"href":"https:\/\/www.veneciacr.com\/index.php\/wp-json\/wp\/v2\/product\/8062","targetHints":{"allow":["GET"]}}],"collection":[{"href":"https:\/\/www.veneciacr.com\/index.php\/wp-json\/wp\/v2\/product"}],"about":[{"href":"https:\/\/www.veneciacr.com\/index.php\/wp-json\/wp\/v2\/types\/product"}],"replies":[{"embeddable":true,"href":"https:\/\/www.veneciacr.com\/index.php\/wp-json\/wp\/v2\/comments?post=8062"}],"wp:featuredmedia":[{"embeddable":true,"href":"https:\/\/www.veneciacr.com\/index.php\/wp-json\/wp\/v2\/media\/75221"}],"wp:attachment":[{"href":"https:\/\/www.veneciacr.com\/index.php\/wp-json\/wp\/v2\/media?parent=8062"}],"wp:term":[{"taxonomy":"product_brand","embeddable":true,"href":"https:\/\/www.veneciacr.com\/index.php\/wp-json\/wp\/v2\/product_brand?post=8062"},{"taxonomy":"product_cat","embeddable":true,"href":"https:\/\/www.veneciacr.com\/index.php\/wp-json\/wp\/v2\/product_cat?post=8062"},{"taxonomy":"product_tag","embeddable":true,"href":"https:\/\/www.veneciacr.com\/index.php\/wp-json\/wp\/v2\/product_tag?post=8062"}],"curies":[{"name":"wp","href":"https:\/\/api.w.org\/{rel}","templated":true}]}}