{"id":803,"date":"2026-05-16T02:11:42","date_gmt":"2026-05-16T08:11:42","guid":{"rendered":"http:\/\/34.83.78.142\/index.php\/product\/cepillo-alambre-con-puno-10-cea-10-truper\/"},"modified":"2026-05-16T02:11:44","modified_gmt":"2026-05-16T08:11:44","slug":"cepillo-alambre-con-puno-10-cea-10-truper","status":"publish","type":"product","link":"https:\/\/www.veneciacr.com\/index.php\/producto\/cepillo-alambre-con-puno-10-cea-10-truper\/","title":{"rendered":"CEPILLO ALAMBRE CON PUNO 10&#8243; CEA-10 TRUPER"},"content":{"rendered":"<p>Cerdas fabricadas con alambre de acero latonado (anti-chispa)<br \/>\nSoporte curvo fabricado en l\u00e1mina de acero galvanizado<br \/>\nMango ergon\u00f3mico fabricado en polipropileno<br \/>\nPara trabajar cobre, pl\u00e1stico, plomo, aluminio, acero. Para aplicaciones de reducci\u00f3n de est\u00e1tica, no genera chispa cuando se golpea con otras superficies met\u00e1licas<br \/>\nAcero latonado (anti-chispa) calibre 0.26 mm<\/p>\n<p>ESPECIFICACIONES<br \/>\nLargo: 24 cm<br \/>\nAncho: 2 cm<br \/>\nCerda expuesta: 3.2 cm<br \/>\nCalibre: 0.26 mm<br \/>\nEmpaque individual: Granel<\/p>\n","protected":false},"excerpt":{"rendered":"<p>Cerdas fabricadas con alambre de acero latonado (anti-chispa) Soporte curvo fabricado en l\u00e1mina de acero galvanizado Mango ergon\u00f3mico fabricado en<\/p>\n","protected":false},"featured_media":74357,"comment_status":"closed","ping_status":"open","template":"","meta":[],"product_brand":[],"product_cat":[15],"product_tag":[],"class_list":{"0":"post-803","1":"product","2":"type-product","3":"status-publish","4":"has-post-thumbnail","6":"product_cat-uncategorized","8":"first","9":"instock","10":"purchasable","11":"product-type-simple"},"jetpack_sharing_enabled":true,"_links":{"self":[{"href":"https:\/\/www.veneciacr.com\/index.php\/wp-json\/wp\/v2\/product\/803","targetHints":{"allow":["GET"]}}],"collection":[{"href":"https:\/\/www.veneciacr.com\/index.php\/wp-json\/wp\/v2\/product"}],"about":[{"href":"https:\/\/www.veneciacr.com\/index.php\/wp-json\/wp\/v2\/types\/product"}],"replies":[{"embeddable":true,"href":"https:\/\/www.veneciacr.com\/index.php\/wp-json\/wp\/v2\/comments?post=803"}],"wp:featuredmedia":[{"embeddable":true,"href":"https:\/\/www.veneciacr.com\/index.php\/wp-json\/wp\/v2\/media\/74357"}],"wp:attachment":[{"href":"https:\/\/www.veneciacr.com\/index.php\/wp-json\/wp\/v2\/media?parent=803"}],"wp:term":[{"taxonomy":"product_brand","embeddable":true,"href":"https:\/\/www.veneciacr.com\/index.php\/wp-json\/wp\/v2\/product_brand?post=803"},{"taxonomy":"product_cat","embeddable":true,"href":"https:\/\/www.veneciacr.com\/index.php\/wp-json\/wp\/v2\/product_cat?post=803"},{"taxonomy":"product_tag","embeddable":true,"href":"https:\/\/www.veneciacr.com\/index.php\/wp-json\/wp\/v2\/product_tag?post=803"}],"curies":[{"name":"wp","href":"https:\/\/api.w.org\/{rel}","templated":true}]}}