{"id":80118,"date":"2026-04-21T03:11:40","date_gmt":"2026-04-21T09:11:40","guid":{"rendered":"https:\/\/www.veneciacr.com\/index.php\/producto\/soldadura-plastica-5-min-jeringa-2oz-84115-permatex\/"},"modified":"2026-04-21T03:11:40","modified_gmt":"2026-04-21T09:11:40","slug":"soldadura-plastica-5-min-jeringa-2oz-84115-permatex","status":"publish","type":"product","link":"https:\/\/www.veneciacr.com\/index.php\/producto\/soldadura-plastica-5-min-jeringa-2oz-84115-permatex\/","title":{"rendered":"SOLDADURA PLASTICA 5 MIN JERINGA 2OZ 84115 PERMATEX"},"content":{"rendered":"<div class=\"elementor-element elementor-element-f6cf31c elementor-widget elementor-widget-text-editor\" data-id=\"f6cf31c\" data-element_type=\"widget\" data-widget_type=\"text-editor.default\">\n<div class=\"elementor-widget-container\"><span>El adhesivo para soldar pl\u00e1sticos Permatex es un adhesivo estructural dise\u00f1ado para unir de forma general una amplia variedad de materiales, como pl\u00e1sticos duros y blandos, a superficies espec\u00edficas. Este adhesivo para soldar pl\u00e1sticos forma una uni\u00f3n resistente y duradera con la mayor\u00eda de los pl\u00e1sticos, compuestos, cer\u00e1micas y madera en cualquier combinaci\u00f3n.<\/span><\/div>\n<\/div>\n<div class=\"elementor-element elementor-element-bec1584 elementor-widget elementor-widget-heading\" data-id=\"bec1584\" data-element_type=\"widget\" data-widget_type=\"heading.default\">\n<div class=\"elementor-widget-container\">\n<h5 class=\"elementor-heading-title elementor-size-default\"><span>Caracter\u00edsticas<\/span><\/h5>\n<\/div>\n<\/div>\n<div class=\"elementor-element elementor-element-c0a906d features elementor-widget elementor-widget-jet-listing-dynamic-field\" data-id=\"c0a906d\" data-element_type=\"widget\" data-widget_type=\"jet-listing-dynamic-field.default\">\n<div class=\"elementor-widget-container\">\n<div class=\"jet-listing jet-listing-dynamic-field display-inline\">\n<div class=\"jet-listing-dynamic-field__inline-wrap\">\n<p class=\"jet-listing-dynamic-field__content\"><span class=\"features-number\"><span>1<\/span><\/span><span class=\"feature-content\"><span>Une pl\u00e1sticos duros y blandos en cualquier combinaci\u00f3n.<\/span><\/span><\/p>\n<\/div>\n<\/div>\n<\/div>\n<\/div>\n<div class=\"elementor-element elementor-element-4a27ce6 features elementor-widget elementor-widget-jet-listing-dynamic-field\" data-id=\"4a27ce6\" data-element_type=\"widget\" data-widget_type=\"jet-listing-dynamic-field.default\">\n<div class=\"elementor-widget-container\">\n<div class=\"jet-listing jet-listing-dynamic-field display-inline\">\n<div class=\"jet-listing-dynamic-field__inline-wrap\">\n<p class=\"jet-listing-dynamic-field__content\"><span class=\"features-number\"><span>2<\/span><\/span><span class=\"feature-content\"><span>Crema seca<\/span><\/span><\/p>\n<\/div>\n<\/div>\n<\/div>\n<\/div>\n<div class=\"elementor-element elementor-element-1391fe2 features elementor-widget elementor-widget-jet-listing-dynamic-field\" data-id=\"1391fe2\" data-element_type=\"widget\" data-widget_type=\"jet-listing-dynamic-field.default\">\n<div class=\"elementor-widget-container\">\n<div class=\"jet-listing jet-listing-dynamic-field display-inline\">\n<div class=\"jet-listing-dynamic-field__inline-wrap\">\n<p class=\"jet-listing-dynamic-field__content\"><span class=\"features-number\"><span>3<\/span><\/span><span class=\"feature-content\"><span>Resistencia permanente hasta 3500 PSI<\/span><\/span><\/p>\n<\/div>\n<\/div>\n<\/div>\n<\/div>\n<div class=\"elementor-element elementor-element-39df627 features elementor-widget elementor-widget-jet-listing-dynamic-field\" data-id=\"39df627\" data-element_type=\"widget\" data-widget_type=\"jet-listing-dynamic-field.default\">\n<div class=\"elementor-widget-container\">\n<div class=\"jet-listing jet-listing-dynamic-field display-inline\">\n<div class=\"jet-listing-dynamic-field__inline-wrap\">\n<p class=\"jet-listing-dynamic-field__content\"><span class=\"features-number\"><span>4<\/span><\/span><span class=\"feature-content\"><span>Relleno de huecos de hasta 0,125&#8243;<\/span><\/span><\/p>\n<\/div>\n<\/div>\n<\/div>\n<\/div>\n<div class=\"elementor-element elementor-element-6d58195 features elementor-widget elementor-widget-jet-listing-dynamic-field\" data-id=\"6d58195\" data-element_type=\"widget\" data-widget_type=\"jet-listing-dynamic-field.default\">\n<div class=\"elementor-widget-container\">\n<div class=\"jet-listing jet-listing-dynamic-field display-inline\">\n<div class=\"jet-listing-dynamic-field__inline-wrap\">\n<p class=\"jet-listing-dynamic-field__content\"><span class=\"features-number\"><span>5<\/span><\/span><span class=\"feature-content\"><span>Fragua en 5 minutos, cura en 10 minutos.<\/span><\/span><\/p>\n<\/div>\n<\/div>\n<\/div>\n<\/div>\n","protected":false},"excerpt":{"rendered":"<p>El adhesivo para soldar pl\u00e1sticos Permatex es un adhesivo estructural dise\u00f1ado para unir de forma general una amplia variedad de<\/p>\n","protected":false},"featured_media":80119,"comment_status":"closed","ping_status":"open","template":"","meta":[],"product_brand":[],"product_cat":[23,89],"product_tag":[],"class_list":{"0":"post-80118","1":"product","2":"type-product","3":"status-publish","4":"has-post-thumbnail","6":"product_cat-herramientas","7":"product_cat-soldadura-y-accesorios","9":"first","10":"instock","11":"purchasable","12":"product-type-simple"},"jetpack_sharing_enabled":true,"_links":{"self":[{"href":"https:\/\/www.veneciacr.com\/index.php\/wp-json\/wp\/v2\/product\/80118","targetHints":{"allow":["GET"]}}],"collection":[{"href":"https:\/\/www.veneciacr.com\/index.php\/wp-json\/wp\/v2\/product"}],"about":[{"href":"https:\/\/www.veneciacr.com\/index.php\/wp-json\/wp\/v2\/types\/product"}],"replies":[{"embeddable":true,"href":"https:\/\/www.veneciacr.com\/index.php\/wp-json\/wp\/v2\/comments?post=80118"}],"wp:featuredmedia":[{"embeddable":true,"href":"https:\/\/www.veneciacr.com\/index.php\/wp-json\/wp\/v2\/media\/80119"}],"wp:attachment":[{"href":"https:\/\/www.veneciacr.com\/index.php\/wp-json\/wp\/v2\/media?parent=80118"}],"wp:term":[{"taxonomy":"product_brand","embeddable":true,"href":"https:\/\/www.veneciacr.com\/index.php\/wp-json\/wp\/v2\/product_brand?post=80118"},{"taxonomy":"product_cat","embeddable":true,"href":"https:\/\/www.veneciacr.com\/index.php\/wp-json\/wp\/v2\/product_cat?post=80118"},{"taxonomy":"product_tag","embeddable":true,"href":"https:\/\/www.veneciacr.com\/index.php\/wp-json\/wp\/v2\/product_tag?post=80118"}],"curies":[{"name":"wp","href":"https:\/\/api.w.org\/{rel}","templated":true}]}}