{"id":8002,"date":"2026-04-27T02:14:29","date_gmt":"2026-04-27T08:14:29","guid":{"rendered":"https:\/\/www.veneciacr.com\/index.php\/product\/adaptador-p-tierra-419-aguila\/"},"modified":"2026-04-27T02:14:30","modified_gmt":"2026-04-27T08:14:30","slug":"adaptador-tierra-419-eagle","status":"publish","type":"product","link":"https:\/\/www.veneciacr.com\/index.php\/producto\/adaptador-tierra-419-eagle\/","title":{"rendered":"ADAPTADOR TIERRA 419 EAGLE"},"content":{"rendered":"<table>\n<tbody>\n<tr>\n<td>Modelo:<\/td>\n<td align=\"left\">419<\/td>\n<td><\/td>\n<td>Uso:<\/td>\n<td align=\"left\">Adaptador para conexi\u00f3n a tierra<\/td>\n<\/tr>\n<tr>\n<td>Voltaje:<\/td>\n<td align=\"left\">125V ~<\/td>\n<td><\/td>\n<td>Certificaci\u00f3n:<\/td>\n<td align=\"left\">NOM ANCE<\/td>\n<\/tr>\n<tr>\n<td>L\u00ednea:<\/td>\n<td align=\"left\">Ferretera<\/td>\n<td><\/td>\n<td>Tipo de Conexi\u00f3n:<\/td>\n<td align=\"left\">Con arandela de tierra<\/td>\n<\/tr>\n<tr>\n<td>Corriente:<\/td>\n<td align=\"left\">15A<\/td>\n<td><\/td>\n<td>Adaptaci\u00f3n:<\/td>\n<td align=\"left\">De NEMA 5-15R a NEMA 1-15P<\/td>\n<\/tr>\n<tr>\n<td>Compatibilidad de Placas:<\/td>\n<td align=\"left\">Placas 2132, 97101 y similares<\/td>\n<td><\/td>\n<\/tr>\n<\/tbody>\n<\/table>\n","protected":false},"excerpt":{"rendered":"<p>Modelo: 419 Uso: Adaptador para conexi\u00f3n a tierra Voltaje: 125V ~ Certificaci\u00f3n: NOM ANCE L\u00ednea: Ferretera Tipo de Conexi\u00f3n: Con<\/p>\n","protected":false},"featured_media":78879,"comment_status":"closed","ping_status":"open","template":"","meta":[],"product_brand":[],"product_cat":[80],"product_tag":[],"class_list":{"0":"post-8002","1":"product","2":"type-product","3":"status-publish","4":"has-post-thumbnail","6":"product_cat-electrico","8":"first","9":"instock","10":"purchasable","11":"product-type-simple"},"jetpack_sharing_enabled":true,"_links":{"self":[{"href":"https:\/\/www.veneciacr.com\/index.php\/wp-json\/wp\/v2\/product\/8002","targetHints":{"allow":["GET"]}}],"collection":[{"href":"https:\/\/www.veneciacr.com\/index.php\/wp-json\/wp\/v2\/product"}],"about":[{"href":"https:\/\/www.veneciacr.com\/index.php\/wp-json\/wp\/v2\/types\/product"}],"replies":[{"embeddable":true,"href":"https:\/\/www.veneciacr.com\/index.php\/wp-json\/wp\/v2\/comments?post=8002"}],"wp:featuredmedia":[{"embeddable":true,"href":"https:\/\/www.veneciacr.com\/index.php\/wp-json\/wp\/v2\/media\/78879"}],"wp:attachment":[{"href":"https:\/\/www.veneciacr.com\/index.php\/wp-json\/wp\/v2\/media?parent=8002"}],"wp:term":[{"taxonomy":"product_brand","embeddable":true,"href":"https:\/\/www.veneciacr.com\/index.php\/wp-json\/wp\/v2\/product_brand?post=8002"},{"taxonomy":"product_cat","embeddable":true,"href":"https:\/\/www.veneciacr.com\/index.php\/wp-json\/wp\/v2\/product_cat?post=8002"},{"taxonomy":"product_tag","embeddable":true,"href":"https:\/\/www.veneciacr.com\/index.php\/wp-json\/wp\/v2\/product_tag?post=8002"}],"curies":[{"name":"wp","href":"https:\/\/api.w.org\/{rel}","templated":true}]}}