{"id":79945,"date":"2026-04-22T02:07:41","date_gmt":"2026-04-22T08:07:41","guid":{"rendered":"https:\/\/www.veneciacr.com\/index.php\/producto\/crema-limpiador-p-mano-397g-hc-141-abro\/"},"modified":"2026-04-22T02:07:42","modified_gmt":"2026-04-22T08:07:42","slug":"limpiador-manos-397g-hc-141-abro","status":"publish","type":"product","link":"https:\/\/www.veneciacr.com\/index.php\/producto\/limpiador-manos-397g-hc-141-abro\/","title":{"rendered":"LIMPIADOR MANOS 397G HC-141 ABRO"},"content":{"rendered":"<p>Aroma c\u00edtrico natural, limpio y fresco con<br \/>\npiedra p\u00f3mez fina sin solventes para eliminar de forma segura las manchas m\u00e1s dif\u00edciles.<\/p>\n","protected":false},"excerpt":{"rendered":"<p>Aroma c\u00edtrico natural, limpio y fresco con piedra p\u00f3mez fina sin solventes para eliminar de forma segura las manchas m\u00e1s<\/p>\n","protected":false},"featured_media":97734,"comment_status":"closed","ping_status":"open","template":"","meta":[],"product_brand":[],"product_cat":[116,117],"product_tag":[],"class_list":{"0":"post-79945","1":"product","2":"type-product","3":"status-publish","4":"has-post-thumbnail","6":"product_cat-automotriz-2","7":"product_cat-liquidos-y-quimicos-para-carro","9":"first","10":"instock","11":"purchasable","12":"product-type-simple"},"jetpack_sharing_enabled":true,"_links":{"self":[{"href":"https:\/\/www.veneciacr.com\/index.php\/wp-json\/wp\/v2\/product\/79945","targetHints":{"allow":["GET"]}}],"collection":[{"href":"https:\/\/www.veneciacr.com\/index.php\/wp-json\/wp\/v2\/product"}],"about":[{"href":"https:\/\/www.veneciacr.com\/index.php\/wp-json\/wp\/v2\/types\/product"}],"replies":[{"embeddable":true,"href":"https:\/\/www.veneciacr.com\/index.php\/wp-json\/wp\/v2\/comments?post=79945"}],"wp:featuredmedia":[{"embeddable":true,"href":"https:\/\/www.veneciacr.com\/index.php\/wp-json\/wp\/v2\/media\/97734"}],"wp:attachment":[{"href":"https:\/\/www.veneciacr.com\/index.php\/wp-json\/wp\/v2\/media?parent=79945"}],"wp:term":[{"taxonomy":"product_brand","embeddable":true,"href":"https:\/\/www.veneciacr.com\/index.php\/wp-json\/wp\/v2\/product_brand?post=79945"},{"taxonomy":"product_cat","embeddable":true,"href":"https:\/\/www.veneciacr.com\/index.php\/wp-json\/wp\/v2\/product_cat?post=79945"},{"taxonomy":"product_tag","embeddable":true,"href":"https:\/\/www.veneciacr.com\/index.php\/wp-json\/wp\/v2\/product_tag?post=79945"}],"curies":[{"name":"wp","href":"https:\/\/api.w.org\/{rel}","templated":true}]}}