{"id":79905,"date":"2026-04-21T04:58:12","date_gmt":"2026-04-21T10:58:12","guid":{"rendered":"https:\/\/www.veneciacr.com\/index.php\/producto\/sellador-form-a-gasket-1-1-5-oz-1ar-permatex\/"},"modified":"2026-04-21T04:58:13","modified_gmt":"2026-04-21T10:58:13","slug":"sellador-form-a-gasket-1-1-5-oz-1ar-permatex","status":"publish","type":"product","link":"https:\/\/www.veneciacr.com\/index.php\/producto\/sellador-form-a-gasket-1-1-5-oz-1ar-permatex\/","title":{"rendered":"SELLADOR FORM A GASKET 1 1.5 OZ 1AR PERMATEX"},"content":{"rendered":"<div class=\"elementor-element elementor-element-f6cf31c elementor-widget elementor-widget-text-editor\" data-id=\"f6cf31c\" data-element_type=\"widget\" data-widget_type=\"text-editor.default\">\n<div class=\"elementor-widget-container\"><span>El sellador Form-A-Gasket No. 1 de Permatex es un sellador de fraguado r\u00e1pido y endurecimiento r\u00e1pido dise\u00f1ado para sellar materiales r\u00edgidos y bridas, o para parchar orificios y juntas donde se desea un ensamblaje permanente. Form-A-Gasket No. 1 es resistente a los fluidos y combustibles comunes en los talleres.<\/span><\/div>\n<\/div>\n<div class=\"elementor-element elementor-element-bec1584 elementor-widget elementor-widget-heading\" data-id=\"bec1584\" data-element_type=\"widget\" data-widget_type=\"heading.default\">\n<div class=\"elementor-widget-container\">\n<h5 class=\"elementor-heading-title elementor-size-default\"><span>Caracter\u00edsticas<\/span><\/h5>\n<\/div>\n<\/div>\n<div class=\"elementor-element elementor-element-c0a906d features elementor-widget elementor-widget-jet-listing-dynamic-field\" data-id=\"c0a906d\" data-element_type=\"widget\" data-widget_type=\"jet-listing-dynamic-field.default\">\n<div class=\"elementor-widget-container\">\n<div class=\"jet-listing jet-listing-dynamic-field display-inline\">\n<div class=\"jet-listing-dynamic-field__inline-wrap\">\n<p class=\"jet-listing-dynamic-field__content\"><span class=\"features-number\"><span>1<\/span><\/span><span class=\"feature-content\"><span>Sellador de fraguado duro y secado r\u00e1pido.<\/span><\/span><\/p>\n<\/div>\n<\/div>\n<\/div>\n<\/div>\n<div class=\"elementor-element elementor-element-4a27ce6 features elementor-widget elementor-widget-jet-listing-dynamic-field\" data-id=\"4a27ce6\" data-element_type=\"widget\" data-widget_type=\"jet-listing-dynamic-field.default\">\n<div class=\"elementor-widget-container\">\n<div class=\"jet-listing jet-listing-dynamic-field display-inline\">\n<div class=\"jet-listing-dynamic-field__inline-wrap\">\n<p class=\"jet-listing-dynamic-field__content\"><span class=\"features-number\"><span>2<\/span><\/span><span class=\"feature-content\"><span>Dise\u00f1ado para sellar materiales r\u00edgidos y bridas.<\/span><\/span><\/p>\n<\/div>\n<\/div>\n<\/div>\n<\/div>\n<div class=\"elementor-element elementor-element-1391fe2 features elementor-widget elementor-widget-jet-listing-dynamic-field\" data-id=\"1391fe2\" data-element_type=\"widget\" data-widget_type=\"jet-listing-dynamic-field.default\">\n<div class=\"elementor-widget-container\">\n<div class=\"jet-listing jet-listing-dynamic-field display-inline\">\n<div class=\"jet-listing-dynamic-field__inline-wrap\">\n<p class=\"jet-listing-dynamic-field__content\"><span class=\"features-number\"><span>3<\/span><\/span><span class=\"feature-content\"><span>Parches para agujeros y juntas donde se desea un ensamblaje permanente.<\/span><\/span><\/p>\n<\/div>\n<\/div>\n<\/div>\n<\/div>\n<div class=\"elementor-element elementor-element-39df627 features elementor-widget elementor-widget-jet-listing-dynamic-field\" data-id=\"39df627\" data-element_type=\"widget\" data-widget_type=\"jet-listing-dynamic-field.default\">\n<div class=\"elementor-widget-container\">\n<div class=\"jet-listing jet-listing-dynamic-field display-inline\">\n<div class=\"jet-listing-dynamic-field__inline-wrap\">\n<p class=\"jet-listing-dynamic-field__content\"><span class=\"features-number\"><span>4<\/span><\/span><span class=\"feature-content\"><span>Resiste los fluidos y combustibles comunes del taller.<\/span><\/span><\/p>\n<\/div>\n<\/div>\n<\/div>\n<\/div>\n<div class=\"elementor-element elementor-element-6d58195 features elementor-widget elementor-widget-jet-listing-dynamic-field\" data-id=\"6d58195\" data-element_type=\"widget\" data-widget_type=\"jet-listing-dynamic-field.default\">\n<div class=\"elementor-widget-container\">\n<div class=\"jet-listing jet-listing-dynamic-field display-inline\">\n<div class=\"jet-listing-dynamic-field__inline-wrap\">\n<p class=\"jet-listing-dynamic-field__content\"><span class=\"features-number\"><span>5<\/span><\/span><span class=\"feature-content\"><span>Rango de temperatura: -65 \u00b0F a 400 \u00b0F (-54 \u00b0C a 204 \u00b0C)<\/span><\/span><\/p>\n<\/div>\n<\/div>\n<\/div>\n<\/div>\n","protected":false},"excerpt":{"rendered":"<p>El sellador Form-A-Gasket No. 1 de Permatex es un sellador de fraguado r\u00e1pido y endurecimiento r\u00e1pido dise\u00f1ado para sellar materiales<\/p>\n","protected":false},"featured_media":79906,"comment_status":"closed","ping_status":"open","template":"","meta":[],"product_brand":[],"product_cat":[15],"product_tag":[],"class_list":{"0":"post-79905","1":"product","2":"type-product","3":"status-publish","4":"has-post-thumbnail","6":"product_cat-uncategorized","8":"first","9":"instock","10":"purchasable","11":"product-type-simple"},"jetpack_sharing_enabled":true,"_links":{"self":[{"href":"https:\/\/www.veneciacr.com\/index.php\/wp-json\/wp\/v2\/product\/79905","targetHints":{"allow":["GET"]}}],"collection":[{"href":"https:\/\/www.veneciacr.com\/index.php\/wp-json\/wp\/v2\/product"}],"about":[{"href":"https:\/\/www.veneciacr.com\/index.php\/wp-json\/wp\/v2\/types\/product"}],"replies":[{"embeddable":true,"href":"https:\/\/www.veneciacr.com\/index.php\/wp-json\/wp\/v2\/comments?post=79905"}],"wp:featuredmedia":[{"embeddable":true,"href":"https:\/\/www.veneciacr.com\/index.php\/wp-json\/wp\/v2\/media\/79906"}],"wp:attachment":[{"href":"https:\/\/www.veneciacr.com\/index.php\/wp-json\/wp\/v2\/media?parent=79905"}],"wp:term":[{"taxonomy":"product_brand","embeddable":true,"href":"https:\/\/www.veneciacr.com\/index.php\/wp-json\/wp\/v2\/product_brand?post=79905"},{"taxonomy":"product_cat","embeddable":true,"href":"https:\/\/www.veneciacr.com\/index.php\/wp-json\/wp\/v2\/product_cat?post=79905"},{"taxonomy":"product_tag","embeddable":true,"href":"https:\/\/www.veneciacr.com\/index.php\/wp-json\/wp\/v2\/product_tag?post=79905"}],"curies":[{"name":"wp","href":"https:\/\/api.w.org\/{rel}","templated":true}]}}