{"id":7988,"date":"2026-05-16T02:10:49","date_gmt":"2026-05-16T08:10:49","guid":{"rendered":"https:\/\/www.veneciacr.com\/index.php\/product\/enchufe-jumbo-uso-rudo-1723-aguila\/"},"modified":"2026-05-16T02:10:49","modified_gmt":"2026-05-16T08:10:49","slug":"enchufe-jumbo-uso-rudo-1723-eagle","status":"publish","type":"product","link":"https:\/\/www.veneciacr.com\/index.php\/producto\/enchufe-jumbo-uso-rudo-1723-eagle\/","title":{"rendered":"ENCHUFE JUMBO USO RUDO 1723 EAGLE"},"content":{"rendered":"<div class=\"StyleWrapper_wrapper \">\n<div class=\"Details_description\">\n<div id=\"description_i8g8c3zru\" class=\"fr-view\">El enchufe con abrazadera 1723 &#8211; EAGLE es la elecci\u00f3n perfecta para conexiones seguras y confiables. Su dise\u00f1o incluye una gasa met\u00e1lica que sujeta firmemente el cable, patillas s\u00f3lidas para una conexi\u00f3n segura y terminales aislados. Este enchufe est\u00e1 construido con materiales de alta calidad, incluyendo un cuerpo termopl\u00e1stico resistente al impacto que mantiene la flexibilidad en temperaturas extremas. Con una capacidad de 15 amperios y 125 voltios, este enchufe cuenta con 2 polos y 2 hilos para una conexi\u00f3n sencilla.<\/div>\n<\/div>\n<\/div>\n<div class=\"StyleWrapper_wrapper \">\n<h2>Especificaciones<\/h2>\n<div id=\"ML_mainId\">\n<table>\n<tbody>\n<tr>\n<td>Gasa Met\u00e1lica:<\/td>\n<td align=\"left\">S\u00ed<\/td>\n<td><\/td>\n<td>Patillas S\u00f3lidas:<\/td>\n<td align=\"left\">S\u00ed<\/td>\n<\/tr>\n<tr>\n<td>Terminales Aislados:<\/td>\n<td align=\"left\">S\u00ed<\/td>\n<td><\/td>\n<td>Flexibilidad en Temperaturas:<\/td>\n<td align=\"left\">S\u00ed<\/td>\n<\/tr>\n<tr>\n<td><\/td>\n<td align=\"left\"><\/td>\n<td><\/td>\n<td>Material de los Contactos:<\/td>\n<td align=\"left\">Bronce<\/td>\n<\/tr>\n<tr>\n<td>Material del Cuerpo:<\/td>\n<td align=\"left\">PVC<\/td>\n<td><\/td>\n<td>Capacidad de Corriente:<\/td>\n<td align=\"left\">15 amperios<\/td>\n<\/tr>\n<tr>\n<td>Voltaje Nominal:<\/td>\n<td align=\"left\">125 voltios<\/td>\n<td><\/td>\n<td>Tipo de Enchufe:<\/td>\n<td align=\"left\">NEMA 1-15P<\/td>\n<\/tr>\n<tr>\n<td>M\u00e9todo de Cableado:<\/td>\n<td align=\"left\">Por Tornillo<\/td>\n<td><\/td>\n<td>Cuerpo Termopl\u00e1stico:<\/td>\n<td align=\"left\">Alta Resistencia al Impacto<\/td>\n<\/tr>\n<\/tbody>\n<\/table>\n<\/div>\n<\/div>\n","protected":false},"excerpt":{"rendered":"<p>El enchufe con abrazadera 1723 &#8211; EAGLE es la elecci\u00f3n perfecta para conexiones seguras y confiables. Su dise\u00f1o incluye una<\/p>\n","protected":false},"featured_media":74794,"comment_status":"closed","ping_status":"open","template":"","meta":[],"product_brand":[],"product_cat":[80],"product_tag":[],"class_list":{"0":"post-7988","1":"product","2":"type-product","3":"status-publish","4":"has-post-thumbnail","6":"product_cat-electrico","8":"first","9":"instock","10":"purchasable","11":"product-type-simple"},"jetpack_sharing_enabled":true,"_links":{"self":[{"href":"https:\/\/www.veneciacr.com\/index.php\/wp-json\/wp\/v2\/product\/7988","targetHints":{"allow":["GET"]}}],"collection":[{"href":"https:\/\/www.veneciacr.com\/index.php\/wp-json\/wp\/v2\/product"}],"about":[{"href":"https:\/\/www.veneciacr.com\/index.php\/wp-json\/wp\/v2\/types\/product"}],"replies":[{"embeddable":true,"href":"https:\/\/www.veneciacr.com\/index.php\/wp-json\/wp\/v2\/comments?post=7988"}],"wp:featuredmedia":[{"embeddable":true,"href":"https:\/\/www.veneciacr.com\/index.php\/wp-json\/wp\/v2\/media\/74794"}],"wp:attachment":[{"href":"https:\/\/www.veneciacr.com\/index.php\/wp-json\/wp\/v2\/media?parent=7988"}],"wp:term":[{"taxonomy":"product_brand","embeddable":true,"href":"https:\/\/www.veneciacr.com\/index.php\/wp-json\/wp\/v2\/product_brand?post=7988"},{"taxonomy":"product_cat","embeddable":true,"href":"https:\/\/www.veneciacr.com\/index.php\/wp-json\/wp\/v2\/product_cat?post=7988"},{"taxonomy":"product_tag","embeddable":true,"href":"https:\/\/www.veneciacr.com\/index.php\/wp-json\/wp\/v2\/product_tag?post=7988"}],"curies":[{"name":"wp","href":"https:\/\/api.w.org\/{rel}","templated":true}]}}