{"id":79868,"date":"2026-04-21T05:03:29","date_gmt":"2026-04-21T11:03:29","guid":{"rendered":"https:\/\/www.veneciacr.com\/index.php\/producto\/spray-lubricante-p-cadena-142gr-122ga-permatex\/"},"modified":"2026-04-21T05:03:31","modified_gmt":"2026-04-21T11:03:31","slug":"spray-lubricante-cadena-142gr-122ga-permatex","status":"publish","type":"product","link":"https:\/\/www.veneciacr.com\/index.php\/producto\/spray-lubricante-cadena-142gr-122ga-permatex\/","title":{"rendered":"SPRAY LUBRICANTE CADENA 142GR 122GA PERMATEX"},"content":{"rendered":"<div class=\"elementor-element elementor-element-f6cf31c elementor-widget elementor-widget-text-editor\" data-id=\"f6cf31c\" data-element_type=\"widget\" data-widget_type=\"text-editor.default\">\n<div class=\"elementor-widget-container\"><span>El lubricante para cadenas Permatex limpia, lubrica, prolonga la vida \u00fatil y protege todo tipo de cadenas de rodillos, engranajes y cables que funcionan en condiciones expuestas. Su acci\u00f3n espumante de f\u00e1cil aplicaci\u00f3n garantiza una aplicaci\u00f3n eficaz. Repele la suciedad, la arena y el polvo. M\u00ednima &#8220;desprendimiento&#8221;.<\/span><\/div>\n<\/div>\n<div class=\"elementor-element elementor-element-bec1584 elementor-widget elementor-widget-heading\" data-id=\"bec1584\" data-element_type=\"widget\" data-widget_type=\"heading.default\">\n<div class=\"elementor-widget-container\">\n<h5 class=\"elementor-heading-title elementor-size-default\"><span>Caracter\u00edsticas<\/span><\/h5>\n<\/div>\n<\/div>\n<div class=\"elementor-element elementor-element-c0a906d features elementor-widget elementor-widget-jet-listing-dynamic-field\" data-id=\"c0a906d\" data-element_type=\"widget\" data-widget_type=\"jet-listing-dynamic-field.default\">\n<div class=\"elementor-widget-container\">\n<div class=\"jet-listing jet-listing-dynamic-field display-inline\">\n<div class=\"jet-listing-dynamic-field__inline-wrap\">\n<p class=\"jet-listing-dynamic-field__content\"><span class=\"features-number\"><span>1<\/span><\/span><span class=\"feature-content\"><span>Limpia, lubrica, prolonga la vida \u00fatil y protege todo tipo de cadenas de rodillos, engranajes y cables que operan en condiciones expuestas.<\/span><\/span><\/p>\n<\/div>\n<\/div>\n<\/div>\n<\/div>\n<div class=\"elementor-element elementor-element-4a27ce6 features elementor-widget elementor-widget-jet-listing-dynamic-field\" data-id=\"4a27ce6\" data-element_type=\"widget\" data-widget_type=\"jet-listing-dynamic-field.default\">\n<div class=\"elementor-widget-container\">\n<div class=\"jet-listing jet-listing-dynamic-field display-inline\">\n<div class=\"jet-listing-dynamic-field__inline-wrap\">\n<p class=\"jet-listing-dynamic-field__content\"><span class=\"features-number\"><span>2<\/span><\/span><span class=\"feature-content\"><span>La acci\u00f3n espumosa de f\u00e1cil aplicaci\u00f3n garantiza una aplicaci\u00f3n eficaz.<\/span><\/span><\/p>\n<\/div>\n<\/div>\n<\/div>\n<\/div>\n<div class=\"elementor-element elementor-element-1391fe2 features elementor-widget elementor-widget-jet-listing-dynamic-field\" data-id=\"1391fe2\" data-element_type=\"widget\" data-widget_type=\"jet-listing-dynamic-field.default\">\n<div class=\"elementor-widget-container\">\n<div class=\"jet-listing jet-listing-dynamic-field display-inline\">\n<div class=\"jet-listing-dynamic-field__inline-wrap\">\n<p class=\"jet-listing-dynamic-field__content\"><span class=\"features-number\"><span>3<\/span><\/span><span class=\"feature-content\"><span>Repele la suciedad, la arena y el polvo.<\/span><\/span><\/p>\n<\/div>\n<\/div>\n<\/div>\n<\/div>\n<div class=\"elementor-element elementor-element-39df627 features elementor-widget elementor-widget-jet-listing-dynamic-field\" data-id=\"39df627\" data-element_type=\"widget\" data-widget_type=\"jet-listing-dynamic-field.default\">\n<div class=\"elementor-widget-container\">\n<div class=\"jet-listing jet-listing-dynamic-field display-inline\">\n<div class=\"jet-listing-dynamic-field__inline-wrap\">\n<p class=\"jet-listing-dynamic-field__content\"><span class=\"features-number\"><span>4<\/span><\/span><span class=\"feature-content\"><span>M\u00ednimo &#8220;desplazamiento&#8221;<\/span><\/span><\/p>\n<\/div>\n<\/div>\n<\/div>\n<\/div>\n<div class=\"elementor-element elementor-element-6d58195 features elementor-widget elementor-widget-jet-listing-dynamic-field\" data-id=\"6d58195\" data-element_type=\"widget\" data-widget_type=\"jet-listing-dynamic-field.default\">\n<div class=\"elementor-widget-container\">\n<div class=\"jet-listing jet-listing-dynamic-field display-inline\">\n<div class=\"jet-listing-dynamic-field__inline-wrap\">\n<p class=\"jet-listing-dynamic-field__content\"><span class=\"features-number\"><span>5<\/span><\/span><span class=\"feature-content\"><span>No contiene ODC<\/span><\/span><\/p>\n<\/div>\n<\/div>\n<\/div>\n<\/div>\n","protected":false},"excerpt":{"rendered":"<p>El lubricante para cadenas Permatex limpia, lubrica, prolonga la vida \u00fatil y protege todo tipo de cadenas de rodillos, engranajes<\/p>\n","protected":false},"featured_media":79869,"comment_status":"closed","ping_status":"open","template":"","meta":[],"product_brand":[],"product_cat":[15],"product_tag":[],"class_list":{"0":"post-79868","1":"product","2":"type-product","3":"status-publish","4":"has-post-thumbnail","6":"product_cat-uncategorized","8":"first","9":"instock","10":"purchasable","11":"product-type-simple"},"jetpack_sharing_enabled":true,"_links":{"self":[{"href":"https:\/\/www.veneciacr.com\/index.php\/wp-json\/wp\/v2\/product\/79868","targetHints":{"allow":["GET"]}}],"collection":[{"href":"https:\/\/www.veneciacr.com\/index.php\/wp-json\/wp\/v2\/product"}],"about":[{"href":"https:\/\/www.veneciacr.com\/index.php\/wp-json\/wp\/v2\/types\/product"}],"replies":[{"embeddable":true,"href":"https:\/\/www.veneciacr.com\/index.php\/wp-json\/wp\/v2\/comments?post=79868"}],"wp:featuredmedia":[{"embeddable":true,"href":"https:\/\/www.veneciacr.com\/index.php\/wp-json\/wp\/v2\/media\/79869"}],"wp:attachment":[{"href":"https:\/\/www.veneciacr.com\/index.php\/wp-json\/wp\/v2\/media?parent=79868"}],"wp:term":[{"taxonomy":"product_brand","embeddable":true,"href":"https:\/\/www.veneciacr.com\/index.php\/wp-json\/wp\/v2\/product_brand?post=79868"},{"taxonomy":"product_cat","embeddable":true,"href":"https:\/\/www.veneciacr.com\/index.php\/wp-json\/wp\/v2\/product_cat?post=79868"},{"taxonomy":"product_tag","embeddable":true,"href":"https:\/\/www.veneciacr.com\/index.php\/wp-json\/wp\/v2\/product_tag?post=79868"}],"curies":[{"name":"wp","href":"https:\/\/api.w.org\/{rel}","templated":true}]}}