{"id":7982,"date":"2026-04-29T02:26:28","date_gmt":"2026-04-29T08:26:28","guid":{"rendered":"https:\/\/www.veneciacr.com\/index.php\/product\/enchufe-redondo-jumbo-117-aguila\/"},"modified":"2026-04-29T02:26:28","modified_gmt":"2026-04-29T08:26:28","slug":"enchufe-redondo-jumbo-117-eagle","status":"publish","type":"product","link":"https:\/\/www.veneciacr.com\/index.php\/producto\/enchufe-redondo-jumbo-117-eagle\/","title":{"rendered":"ENCHUFE REDONDO JUMBO 117 EAGLE"},"content":{"rendered":"<div class=\"StyleWrapper_wrapper \">\n<div class=\"Details_description\">\n<div id=\"description_i8g8c3zru\" class=\"fr-view\">El Enchufe Jumbo 117 de EAGLE es la elecci\u00f3n perfecta para conectar tus dispositivos de forma segura y eficiente. Dise\u00f1ado con patillas s\u00f3lidas que se sujetan firmemente al cuerpo, terminales de conexi\u00f3n aislados y un cuerpo termopl\u00e1stico de alta resistencia al impacto, este enchufe garantiza un rendimiento confiable incluso en condiciones extremas de temperatura.<\/div>\n<\/div>\n<\/div>\n<div class=\"StyleWrapper_wrapper \">\n<h2>Especificaciones<\/h2>\n<div id=\"ML_mainId\">\n<table>\n<tbody>\n<tr>\n<td><\/td>\n<td align=\"left\"><\/td>\n<td><\/td>\n<td>Material de los Contactos:<\/td>\n<td align=\"left\">Bronce<\/td>\n<\/tr>\n<tr>\n<td>Modelo:<\/td>\n<td align=\"left\">117<\/td>\n<td><\/td>\n<td>Capacidad:<\/td>\n<td align=\"left\">15A a 125V~<\/td>\n<\/tr>\n<tr>\n<td>Conexi\u00f3n:<\/td>\n<td align=\"left\">2 polos, 2 hilos<\/td>\n<td><\/td>\n<td>Material del Cuerpo:<\/td>\n<td align=\"left\">PVC<\/td>\n<\/tr>\n<tr>\n<td>Cableado:<\/td>\n<td align=\"left\">Por tornillo<\/td>\n<td><\/td>\n<td>Tipo de Conexi\u00f3n:<\/td>\n<td align=\"left\">NEMA 1-15P (no polarizado)<\/td>\n<\/tr>\n<\/tbody>\n<\/table>\n<\/div>\n<\/div>\n","protected":false},"excerpt":{"rendered":"<p>El Enchufe Jumbo 117 de EAGLE es la elecci\u00f3n perfecta para conectar tus dispositivos de forma segura y eficiente. Dise\u00f1ado<\/p>\n","protected":false},"featured_media":74790,"comment_status":"closed","ping_status":"open","template":"","meta":[],"product_brand":[],"product_cat":[80],"product_tag":[],"class_list":{"0":"post-7982","1":"product","2":"type-product","3":"status-publish","4":"has-post-thumbnail","6":"product_cat-electrico","8":"first","9":"instock","10":"purchasable","11":"product-type-simple"},"jetpack_sharing_enabled":true,"_links":{"self":[{"href":"https:\/\/www.veneciacr.com\/index.php\/wp-json\/wp\/v2\/product\/7982","targetHints":{"allow":["GET"]}}],"collection":[{"href":"https:\/\/www.veneciacr.com\/index.php\/wp-json\/wp\/v2\/product"}],"about":[{"href":"https:\/\/www.veneciacr.com\/index.php\/wp-json\/wp\/v2\/types\/product"}],"replies":[{"embeddable":true,"href":"https:\/\/www.veneciacr.com\/index.php\/wp-json\/wp\/v2\/comments?post=7982"}],"wp:featuredmedia":[{"embeddable":true,"href":"https:\/\/www.veneciacr.com\/index.php\/wp-json\/wp\/v2\/media\/74790"}],"wp:attachment":[{"href":"https:\/\/www.veneciacr.com\/index.php\/wp-json\/wp\/v2\/media?parent=7982"}],"wp:term":[{"taxonomy":"product_brand","embeddable":true,"href":"https:\/\/www.veneciacr.com\/index.php\/wp-json\/wp\/v2\/product_brand?post=7982"},{"taxonomy":"product_cat","embeddable":true,"href":"https:\/\/www.veneciacr.com\/index.php\/wp-json\/wp\/v2\/product_cat?post=7982"},{"taxonomy":"product_tag","embeddable":true,"href":"https:\/\/www.veneciacr.com\/index.php\/wp-json\/wp\/v2\/product_tag?post=7982"}],"curies":[{"name":"wp","href":"https:\/\/api.w.org\/{rel}","templated":true}]}}