{"id":7979,"date":"2026-04-21T06:07:08","date_gmt":"2026-04-21T12:07:08","guid":{"rendered":"https:\/\/www.veneciacr.com\/index.php\/product\/socket-baquelita-con-cadena-1980-aguila\/"},"modified":"2026-04-21T06:07:09","modified_gmt":"2026-04-21T12:07:09","slug":"socket-baquelita-con-cadena-1980-eagle","status":"publish","type":"product","link":"https:\/\/www.veneciacr.com\/index.php\/producto\/socket-baquelita-con-cadena-1980-eagle\/","title":{"rendered":"SOCKET BAQUELITA CON CADENA 1980 EAGLE"},"content":{"rendered":"<table>\n<tbody>\n<tr>\n<td><\/td>\n<td align=\"left\"><\/td>\n<td><\/td>\n<td>Modelo:<\/td>\n<td align=\"left\">1980<\/td>\n<\/tr>\n<tr>\n<td>Voltaje:<\/td>\n<td align=\"left\">250V~<\/td>\n<td><\/td>\n<td>Certificaci\u00f3n:<\/td>\n<td align=\"left\">UL E193434<\/td>\n<\/tr>\n<tr>\n<td>Cableado:<\/td>\n<td align=\"left\">Por tornillo<\/td>\n<td><\/td>\n<td>Potencia M\u00e1xima:<\/td>\n<td align=\"left\">250W<\/td>\n<\/tr>\n<tr>\n<td>Construcci\u00f3n del Cuerpo:<\/td>\n<td align=\"left\">Pl\u00e1stico de alta calidad<\/td>\n<td><\/td>\n<td>Tipo de Rosca:<\/td>\n<td align=\"left\">E26<\/td>\n<\/tr>\n<\/tbody>\n<\/table>\n","protected":false},"excerpt":{"rendered":"<p>Modelo: 1980 Voltaje: 250V~ Certificaci\u00f3n: UL E193434 Cableado: Por tornillo Potencia M\u00e1xima: 250W Construcci\u00f3n del Cuerpo: Pl\u00e1stico de alta calidad<\/p>\n","protected":false},"featured_media":79150,"comment_status":"closed","ping_status":"open","template":"","meta":[],"product_brand":[],"product_cat":[80],"product_tag":[],"class_list":{"0":"post-7979","1":"product","2":"type-product","3":"status-publish","4":"has-post-thumbnail","6":"product_cat-electrico","8":"first","9":"instock","10":"purchasable","11":"product-type-simple"},"jetpack_sharing_enabled":true,"_links":{"self":[{"href":"https:\/\/www.veneciacr.com\/index.php\/wp-json\/wp\/v2\/product\/7979","targetHints":{"allow":["GET"]}}],"collection":[{"href":"https:\/\/www.veneciacr.com\/index.php\/wp-json\/wp\/v2\/product"}],"about":[{"href":"https:\/\/www.veneciacr.com\/index.php\/wp-json\/wp\/v2\/types\/product"}],"replies":[{"embeddable":true,"href":"https:\/\/www.veneciacr.com\/index.php\/wp-json\/wp\/v2\/comments?post=7979"}],"wp:featuredmedia":[{"embeddable":true,"href":"https:\/\/www.veneciacr.com\/index.php\/wp-json\/wp\/v2\/media\/79150"}],"wp:attachment":[{"href":"https:\/\/www.veneciacr.com\/index.php\/wp-json\/wp\/v2\/media?parent=7979"}],"wp:term":[{"taxonomy":"product_brand","embeddable":true,"href":"https:\/\/www.veneciacr.com\/index.php\/wp-json\/wp\/v2\/product_brand?post=7979"},{"taxonomy":"product_cat","embeddable":true,"href":"https:\/\/www.veneciacr.com\/index.php\/wp-json\/wp\/v2\/product_cat?post=7979"},{"taxonomy":"product_tag","embeddable":true,"href":"https:\/\/www.veneciacr.com\/index.php\/wp-json\/wp\/v2\/product_tag?post=7979"}],"curies":[{"name":"wp","href":"https:\/\/api.w.org\/{rel}","templated":true}]}}