{"id":79739,"date":"2026-04-21T06:24:01","date_gmt":"2026-04-21T12:24:01","guid":{"rendered":"https:\/\/www.veneciacr.com\/index.php\/producto\/spray-de-arranque-11oz-sf-650-ch-abro\/"},"modified":"2026-04-21T06:24:01","modified_gmt":"2026-04-21T12:24:01","slug":"spray-arranque-11oz-sf-650-ch-abro","status":"publish","type":"product","link":"https:\/\/www.veneciacr.com\/index.php\/producto\/spray-arranque-11oz-sf-650-ch-abro\/","title":{"rendered":"SPRAY ARRANQUE 11OZ SF-650-CH ABRO"},"content":{"rendered":"<p>Garantiza arranques m\u00e1s r\u00e1pidos y f\u00e1ciles en climas fr\u00edos.<br \/>\nMinimiza el desgaste de las bater\u00edas.<br \/>\nAdecuado para motores de 2 o 4 tiempos.<\/p>\n","protected":false},"excerpt":{"rendered":"<p>Garantiza arranques m\u00e1s r\u00e1pidos y f\u00e1ciles en climas fr\u00edos. Minimiza el desgaste de las bater\u00edas. Adecuado para motores de 2<\/p>\n","protected":false},"featured_media":97741,"comment_status":"closed","ping_status":"open","template":"","meta":[],"product_brand":[],"product_cat":[116,117],"product_tag":[],"class_list":{"0":"post-79739","1":"product","2":"type-product","3":"status-publish","4":"has-post-thumbnail","6":"product_cat-automotriz-2","7":"product_cat-liquidos-y-quimicos-para-carro","9":"first","10":"instock","11":"purchasable","12":"product-type-simple"},"jetpack_sharing_enabled":true,"_links":{"self":[{"href":"https:\/\/www.veneciacr.com\/index.php\/wp-json\/wp\/v2\/product\/79739","targetHints":{"allow":["GET"]}}],"collection":[{"href":"https:\/\/www.veneciacr.com\/index.php\/wp-json\/wp\/v2\/product"}],"about":[{"href":"https:\/\/www.veneciacr.com\/index.php\/wp-json\/wp\/v2\/types\/product"}],"replies":[{"embeddable":true,"href":"https:\/\/www.veneciacr.com\/index.php\/wp-json\/wp\/v2\/comments?post=79739"}],"wp:featuredmedia":[{"embeddable":true,"href":"https:\/\/www.veneciacr.com\/index.php\/wp-json\/wp\/v2\/media\/97741"}],"wp:attachment":[{"href":"https:\/\/www.veneciacr.com\/index.php\/wp-json\/wp\/v2\/media?parent=79739"}],"wp:term":[{"taxonomy":"product_brand","embeddable":true,"href":"https:\/\/www.veneciacr.com\/index.php\/wp-json\/wp\/v2\/product_brand?post=79739"},{"taxonomy":"product_cat","embeddable":true,"href":"https:\/\/www.veneciacr.com\/index.php\/wp-json\/wp\/v2\/product_cat?post=79739"},{"taxonomy":"product_tag","embeddable":true,"href":"https:\/\/www.veneciacr.com\/index.php\/wp-json\/wp\/v2\/product_tag?post=79739"}],"curies":[{"name":"wp","href":"https:\/\/api.w.org\/{rel}","templated":true}]}}