{"id":79714,"date":"2026-04-21T06:27:17","date_gmt":"2026-04-21T12:27:17","guid":{"rendered":"https:\/\/www.veneciacr.com\/index.php\/producto\/teflon-liquido-118ml-80632-14h-permatex\/"},"modified":"2026-04-21T06:27:19","modified_gmt":"2026-04-21T12:27:19","slug":"teflon-liquido-118ml-80632-14h-permatex","status":"publish","type":"product","link":"https:\/\/www.veneciacr.com\/index.php\/producto\/teflon-liquido-118ml-80632-14h-permatex\/","title":{"rendered":"TEFLON LIQUIDO 118ML 80632 14H PERMATEX"},"content":{"rendered":"<div class=\"elementor-element elementor-element-f6cf31c elementor-widget elementor-widget-text-editor\" data-id=\"f6cf31c\" data-element_type=\"widget\" data-widget_type=\"text-editor.default\">\n<div class=\"elementor-widget-container\"><span>El sellador de roscas con PTFE de Permatex es un sellador de conexiones econ\u00f3mico de uso general. El sellador de roscas de Permatex supera a las cintas y lubricantes para tuber\u00edas tradicionales, ya que sella y resiste la presi\u00f3n en sistemas de aire, aceite, combustible di\u00e9sel e hidr\u00e1ulicos. El sellador de roscas permanece maleable a temperaturas m\u00e1s altas y m\u00e1s bajas.<\/span><\/div>\n<\/div>\n<div class=\"elementor-element elementor-element-bec1584 elementor-widget elementor-widget-heading\" data-id=\"bec1584\" data-element_type=\"widget\" data-widget_type=\"heading.default\">\n<div class=\"elementor-widget-container\">\n<h5 class=\"elementor-heading-title elementor-size-default\"><span>Caracter\u00edsticas<\/span><\/h5>\n<\/div>\n<\/div>\n<div class=\"elementor-element elementor-element-c0a906d features elementor-widget elementor-widget-jet-listing-dynamic-field\" data-id=\"c0a906d\" data-element_type=\"widget\" data-widget_type=\"jet-listing-dynamic-field.default\">\n<div class=\"elementor-widget-container\">\n<div class=\"jet-listing jet-listing-dynamic-field display-inline\">\n<div class=\"jet-listing-dynamic-field__inline-wrap\">\n<p class=\"jet-listing-dynamic-field__content\"><span class=\"features-number\"><span>1<\/span><\/span><span class=\"feature-content\"><span>Sellador de conexiones econ\u00f3mico de uso general<\/span><\/span><\/p>\n<\/div>\n<\/div>\n<\/div>\n<\/div>\n<div class=\"elementor-element elementor-element-4a27ce6 features elementor-widget elementor-widget-jet-listing-dynamic-field\" data-id=\"4a27ce6\" data-element_type=\"widget\" data-widget_type=\"jet-listing-dynamic-field.default\">\n<div class=\"elementor-widget-container\">\n<div class=\"jet-listing jet-listing-dynamic-field display-inline\">\n<div class=\"jet-listing-dynamic-field__inline-wrap\">\n<p class=\"jet-listing-dynamic-field__content\"><span class=\"features-number\"><span>2<\/span><\/span><span class=\"feature-content\"><span>Supera a las cintas y a los lubricantes para tuber\u00edas<\/span><\/span><\/p>\n<\/div>\n<\/div>\n<\/div>\n<\/div>\n<div class=\"elementor-element elementor-element-1391fe2 features elementor-widget elementor-widget-jet-listing-dynamic-field\" data-id=\"1391fe2\" data-element_type=\"widget\" data-widget_type=\"jet-listing-dynamic-field.default\">\n<div class=\"elementor-widget-container\">\n<div class=\"jet-listing jet-listing-dynamic-field display-inline\">\n<div class=\"jet-listing-dynamic-field__inline-wrap\">\n<p class=\"jet-listing-dynamic-field__content\"><span class=\"features-number\"><span>3<\/span><\/span><span class=\"feature-content\"><span>Sella y resiste la presi\u00f3n en sistemas de aire, aceite, combustible di\u00e9sel e hidr\u00e1ulicos.<\/span><\/span><\/p>\n<\/div>\n<\/div>\n<\/div>\n<\/div>\n<div class=\"elementor-element elementor-element-39df627 features elementor-widget elementor-widget-jet-listing-dynamic-field\" data-id=\"39df627\" data-element_type=\"widget\" data-widget_type=\"jet-listing-dynamic-field.default\">\n<div class=\"elementor-widget-container\">\n<div class=\"jet-listing jet-listing-dynamic-field display-inline\">\n<div class=\"jet-listing-dynamic-field__inline-wrap\">\n<p class=\"jet-listing-dynamic-field__content\"><span class=\"features-number\"><span>4<\/span><\/span><span class=\"feature-content\"><span>Permanece flexible a temperaturas m\u00e1s altas y m\u00e1s bajas.<\/span><\/span><\/p>\n<\/div>\n<\/div>\n<\/div>\n<\/div>\n<div class=\"elementor-element elementor-element-6d58195 features elementor-widget elementor-widget-jet-listing-dynamic-field\" data-id=\"6d58195\" data-element_type=\"widget\" data-widget_type=\"jet-listing-dynamic-field.default\">\n<div class=\"elementor-widget-container\">\n<div class=\"jet-listing jet-listing-dynamic-field display-inline\">\n<div class=\"jet-listing-dynamic-field__inline-wrap\">\n<p class=\"jet-listing-dynamic-field__content\"><span class=\"features-number\"><span>5<\/span><\/span><span class=\"feature-content\"><span>Rango de temperatura: -65 \u00b0F a 300 \u00b0F (-54 \u00b0C a 149 \u00b0C)<\/span><\/span><\/p>\n<\/div>\n<\/div>\n<\/div>\n<\/div>\n","protected":false},"excerpt":{"rendered":"<p>El sellador de roscas con PTFE de Permatex es un sellador de conexiones econ\u00f3mico de uso general. El sellador de<\/p>\n","protected":false},"featured_media":79715,"comment_status":"closed","ping_status":"open","template":"","meta":[],"product_brand":[],"product_cat":[15],"product_tag":[],"class_list":{"0":"post-79714","1":"product","2":"type-product","3":"status-publish","4":"has-post-thumbnail","6":"product_cat-uncategorized","8":"first","9":"instock","10":"purchasable","11":"product-type-simple"},"jetpack_sharing_enabled":true,"_links":{"self":[{"href":"https:\/\/www.veneciacr.com\/index.php\/wp-json\/wp\/v2\/product\/79714","targetHints":{"allow":["GET"]}}],"collection":[{"href":"https:\/\/www.veneciacr.com\/index.php\/wp-json\/wp\/v2\/product"}],"about":[{"href":"https:\/\/www.veneciacr.com\/index.php\/wp-json\/wp\/v2\/types\/product"}],"replies":[{"embeddable":true,"href":"https:\/\/www.veneciacr.com\/index.php\/wp-json\/wp\/v2\/comments?post=79714"}],"wp:featuredmedia":[{"embeddable":true,"href":"https:\/\/www.veneciacr.com\/index.php\/wp-json\/wp\/v2\/media\/79715"}],"wp:attachment":[{"href":"https:\/\/www.veneciacr.com\/index.php\/wp-json\/wp\/v2\/media?parent=79714"}],"wp:term":[{"taxonomy":"product_brand","embeddable":true,"href":"https:\/\/www.veneciacr.com\/index.php\/wp-json\/wp\/v2\/product_brand?post=79714"},{"taxonomy":"product_cat","embeddable":true,"href":"https:\/\/www.veneciacr.com\/index.php\/wp-json\/wp\/v2\/product_cat?post=79714"},{"taxonomy":"product_tag","embeddable":true,"href":"https:\/\/www.veneciacr.com\/index.php\/wp-json\/wp\/v2\/product_tag?post=79714"}],"curies":[{"name":"wp","href":"https:\/\/api.w.org\/{rel}","templated":true}]}}