{"id":7970,"date":"2026-04-21T06:07:11","date_gmt":"2026-04-21T12:07:11","guid":{"rendered":"https:\/\/www.veneciacr.com\/index.php\/product\/timbre-inalambrico-50m-st66-st-66-aguila\/"},"modified":"2026-04-21T06:07:11","modified_gmt":"2026-04-21T12:07:11","slug":"timbre-inalambrico-50m-st66-st-66-eagle","status":"publish","type":"product","link":"https:\/\/www.veneciacr.com\/index.php\/producto\/timbre-inalambrico-50m-st66-st-66-eagle\/","title":{"rendered":"TIMBRE INALAMBRICO 50M ST66 ST-66 EAGLE"},"content":{"rendered":"<p>El timbre de puerta inal\u00e1mbrico puede ser utilizado como timbre, comunicador remoto o alarma<\/p>\n<p>Cuenta con 64 c\u00f3digos que permiten expandir el sistema y prevenir interferencia exterior<\/p>\n<p>F\u00e1cil de instalar, no requiere cableado ni conexi\u00f3n<\/p>\n<p>Opci\u00f3n de un transmisor adicional para ser utilizado en una segunda puerta<\/p>\n<p>Dise\u00f1ado dentro de los m\u00e1s altos est\u00e1ndares para cumplir con los requerimientos de las agencias de radio telecomunicaciones alrededor del mundo<\/p>\n<p>&nbsp;<\/p>\n<p>Frecuencia 433.92 MHz o 315 MHz<\/p>\n<p>El transmisor utiliza una bateria de 12V (23 A)<\/p>\n<p>El timbre utiliza 3 baterias tipo C<\/p>\n<p>Alcance 50 metros<\/p>\n<p>Sonido \u201cDing Dong\u201d<\/p>\n<p>Se\u00f1al de radio digital<\/p>\n<p>&nbsp;<\/p>\n<p>&nbsp;<\/p>\n","protected":false},"excerpt":{"rendered":"<p>El timbre de puerta inal\u00e1mbrico puede ser utilizado como timbre, comunicador remoto o alarma Cuenta con 64 c\u00f3digos que permiten<\/p>\n","protected":false},"featured_media":74784,"comment_status":"closed","ping_status":"open","template":"","meta":[],"product_brand":[],"product_cat":[80],"product_tag":[],"class_list":{"0":"post-7970","1":"product","2":"type-product","3":"status-publish","4":"has-post-thumbnail","6":"product_cat-electrico","8":"first","9":"instock","10":"purchasable","11":"product-type-simple"},"jetpack_sharing_enabled":true,"_links":{"self":[{"href":"https:\/\/www.veneciacr.com\/index.php\/wp-json\/wp\/v2\/product\/7970","targetHints":{"allow":["GET"]}}],"collection":[{"href":"https:\/\/www.veneciacr.com\/index.php\/wp-json\/wp\/v2\/product"}],"about":[{"href":"https:\/\/www.veneciacr.com\/index.php\/wp-json\/wp\/v2\/types\/product"}],"replies":[{"embeddable":true,"href":"https:\/\/www.veneciacr.com\/index.php\/wp-json\/wp\/v2\/comments?post=7970"}],"wp:featuredmedia":[{"embeddable":true,"href":"https:\/\/www.veneciacr.com\/index.php\/wp-json\/wp\/v2\/media\/74784"}],"wp:attachment":[{"href":"https:\/\/www.veneciacr.com\/index.php\/wp-json\/wp\/v2\/media?parent=7970"}],"wp:term":[{"taxonomy":"product_brand","embeddable":true,"href":"https:\/\/www.veneciacr.com\/index.php\/wp-json\/wp\/v2\/product_brand?post=7970"},{"taxonomy":"product_cat","embeddable":true,"href":"https:\/\/www.veneciacr.com\/index.php\/wp-json\/wp\/v2\/product_cat?post=7970"},{"taxonomy":"product_tag","embeddable":true,"href":"https:\/\/www.veneciacr.com\/index.php\/wp-json\/wp\/v2\/product_tag?post=7970"}],"curies":[{"name":"wp","href":"https:\/\/api.w.org\/{rel}","templated":true}]}}